{"id":30581,"date":"2022-06-13T13:41:14","date_gmt":"2022-06-13T10:41:14","guid":{"rendered":"https:\/\/www.nautical.store\/toode\/hex-shorts\/"},"modified":"2025-07-27T23:02:12","modified_gmt":"2025-07-27T20:02:12","slug":"shortsit-hex","status":"publish","type":"product","link":"https:\/\/nautical.store\/fi\/tuote\/shortsit-hex\/","title":{"rendered":"PelleP Miesten Hex-shortsi"},"content":{"rendered":"<p>Kevyet ja nopeasti kuivuvat miesten shortsit, jotka sopivat t\u00e4ydellisesti ulkoiluun \u2013 olitpa sitten luonnossa, merell\u00e4 tai mets\u00e4ss\u00e4. Hex-shortsit on tehty vett\u00e4 hylkiv\u00e4st\u00e4 ja joustavasta kankaasta, ja niiss\u00e4 on vahvistetut polvet ja takapuoli lis\u00e4suojaa varten. Normaali istuvuus, vetoketjulliset lahje- ja takataskut sek\u00e4 laadukkaat YKK-vetoketjut tekev\u00e4t n\u00e4ist\u00e4 shortseista kest\u00e4v\u00e4n ja mukavan kaverin joka p\u00e4iv\u00e4\u00e4n. Loistava valinta retkeilyyn, kes\u00e4seikkailuihin tai ihan vaan rentoon vapaa-aikaan.<br \/>\nYksityiskohdat:<br \/>\n\u2022 P\u00e4\u00e4kangas: 86 % polyesteri\u00e4, 14 % elastaania<br \/>\n\u2022 Vahvistettu kangas: 65 % polyamidia, 27 % polyesteri\u00e4, 8 % elastaania<br \/>\n\u2022 Vett\u00e4 hylkiv\u00e4 ja nopeasti kuivuva stretch-materiaali<br \/>\n\u2022 Elastiset kontrastivahvikkeet<br \/>\n\u2022 Muovinappi, jossa Pelle P -logo vy\u00f6t\u00e4r\u00f6ll\u00e4<br \/>\n\u2022 Lahkeessa ja takana vetoketjulliset taskut<br \/>\n\u2022 YKK-vetoketjut edess\u00e4 ja taskuissa<br \/>\n\u2022 Merkkilogolla varustetut puoliautomaattiset vetimet<br \/>\n\u2022 Pelle P -logokirjonta vasemmassa lahkeessa ja keskimm\u00e4isess\u00e4 vy\u00f6lenkiss\u00e4 takana<br \/>\n\u2022 \u201cNavigare necesse est\u201d -painatus vy\u00f6n sis\u00e4puolella<br \/>\n\u2022 Normaali istuvuus<\/p>\n","protected":false},"excerpt":{"rendered":"<p><!--StartFragment --><\/p>\n<p>Miesten mukavat shortsit<\/p>\n<p>&nbsp;<\/p>\n<p><!--EndFragment --><\/p>\n","protected":false},"featured_media":83287,"template":"","meta":{"_acf_changed":false},"pwb-brand":[838],"product_brand":[],"product_cat":[876,610,777,1261,682],"product_tag":[],"woo-feed-brand":[],"class_list":{"0":"post-30581","1":"product","2":"type-product","3":"status-publish","4":"has-post-thumbnail","6":"pwb-brand-pelle-petterson-fi","7":"product_cat-edullinen-hinta-miehet-fi","8":"product_cat-housut","9":"product_cat-miehet","10":"product_cat-miesten-purjehdusvaatteet","11":"product_cat-tekniset-vaatteet","13":"first","14":"instock","15":"sale","16":"taxable","17":"shipping-taxable","18":"purchasable","19":"product-type-variable","20":"wvs-archive-product-wrapper"},"acf":[],"brands":[{"id":838,"name":"Pelle Petterson","slug":"pelle-petterson-fi"}],"_links":{"self":[{"href":"https:\/\/nautical.store\/fi\/wp-json\/wp\/v2\/product\/30581","targetHints":{"allow":["GET"]}}],"collection":[{"href":"https:\/\/nautical.store\/fi\/wp-json\/wp\/v2\/product"}],"about":[{"href":"https:\/\/nautical.store\/fi\/wp-json\/wp\/v2\/types\/product"}],"wp:featuredmedia":[{"embeddable":true,"href":"https:\/\/nautical.store\/fi\/wp-json\/wp\/v2\/media\/83287"}],"wp:attachment":[{"href":"https:\/\/nautical.store\/fi\/wp-json\/wp\/v2\/media?parent=30581"}],"wp:term":[{"taxonomy":"pwb-brand","embeddable":true,"href":"https:\/\/nautical.store\/fi\/wp-json\/wp\/v2\/pwb-brand?post=30581"},{"taxonomy":"product_brand","embeddable":true,"href":"https:\/\/nautical.store\/fi\/wp-json\/wp\/v2\/product_brand?post=30581"},{"taxonomy":"product_cat","embeddable":true,"href":"https:\/\/nautical.store\/fi\/wp-json\/wp\/v2\/product_cat?post=30581"},{"taxonomy":"product_tag","embeddable":true,"href":"https:\/\/nautical.store\/fi\/wp-json\/wp\/v2\/product_tag?post=30581"},{"taxonomy":"woo-feed-brand","embeddable":true,"href":"https:\/\/nautical.store\/fi\/wp-json\/wp\/v2\/woo-feed-brand?post=30581"}],"curies":[{"name":"wp","href":"https:\/\/api.w.org\/{rel}","templated":true}]}}