{"id":30865,"date":"2022-06-16T15:21:58","date_gmt":"2022-06-16T12:21:58","guid":{"rendered":"https:\/\/www.nautical.store\/toode\/plannard-tights\/"},"modified":"2026-04-09T21:23:32","modified_gmt":"2026-04-09T18:23:32","slug":"plannard-housut","status":"publish","type":"product","link":"https:\/\/nautical.store\/fi\/tuote\/plannard-housut\/","title":{"rendered":"PelleP Plannard\u2011leggingsit"},"content":{"rendered":"<p>Plannard Grid\u2122 \u2011materiaalista valmistetut napakat leggingsit aktiiviseen liikkumiseen. Joustava materiaali takaa hyv\u00e4n istuvuuden ja t\u00e4yden liikkuvuuden niin treeneiss\u00e4, retkill\u00e4 kuin arjessa. Sis\u00e4pinnan ruutukuvio siirt\u00e4\u00e4 kosteutta pois iholta ja auttaa pit\u00e4m\u00e4\u00e4n olon kuivana ja l\u00e4mpim\u00e4n\u00e4 my\u00f6s intensiivisess\u00e4 k\u00e4yt\u00f6ss\u00e4. Sile\u00e4 ulkopinta sek\u00e4 oikeassa lahkeessa oleva heijastava yksityiskohta parantavat n\u00e4kyvyytt\u00e4 h\u00e4m\u00e4r\u00e4ss\u00e4. Sopivat urheiluun, kerrospukeutumiseen tai mukavaan vapaa\u2011ajan k\u00e4ytt\u00f6\u00f6n. Takana on pieni vetoketjullinen tasku.<\/p>\n<ul>\n<li>Materiaali: 100 % polyesteri<\/li>\n<li>PLANNARD GRID\u00ae nelj\u00e4\u00e4n suuntaan joustava kangas<\/li>\n<li>Siirt\u00e4\u00e4 kosteutta tehokkaasti<\/li>\n<li>Sile\u00e4 ulkopinta, sis\u00e4pinnan ruutukuvio ja kontrastipaneelit<\/li>\n<li>Vetoketjullinen tasku takana avaimille<\/li>\n<li>Heijastava Pelle P \u2011logo oikeassa lahkeessa<\/li>\n<li>Normaali istuvuus (regular fit)<\/li>\n<\/ul>\n<div><\/div>\n","protected":false},"excerpt":{"rendered":"<p>Fleecest\u00e4 valmistetut leggingsit aktiiviseen k\u00e4ytt\u00f6\u00f6n<\/p>\n","protected":false},"featured_media":30853,"template":"","meta":{"_acf_changed":false},"pwb-brand":[838],"product_brand":[],"product_cat":[610,777,1259,1261,682],"product_tag":[],"woo-feed-brand":[],"class_list":{"0":"post-30865","1":"product","2":"type-product","3":"status-publish","4":"has-post-thumbnail","6":"pwb-brand-pelle-petterson-fi","7":"product_cat-housut","8":"product_cat-miehet","9":"product_cat-miesten-golfvaatteet","10":"product_cat-miesten-purjehdusvaatteet","11":"product_cat-tekniset-vaatteet","13":"first","14":"instock","15":"taxable","16":"shipping-taxable","17":"purchasable","18":"product-type-variable","19":"wvs-archive-product-wrapper"},"acf":[],"brands":[{"id":838,"name":"Pelle Petterson","slug":"pelle-petterson-fi"}],"_links":{"self":[{"href":"https:\/\/nautical.store\/fi\/wp-json\/wp\/v2\/product\/30865","targetHints":{"allow":["GET"]}}],"collection":[{"href":"https:\/\/nautical.store\/fi\/wp-json\/wp\/v2\/product"}],"about":[{"href":"https:\/\/nautical.store\/fi\/wp-json\/wp\/v2\/types\/product"}],"wp:featuredmedia":[{"embeddable":true,"href":"https:\/\/nautical.store\/fi\/wp-json\/wp\/v2\/media\/30853"}],"wp:attachment":[{"href":"https:\/\/nautical.store\/fi\/wp-json\/wp\/v2\/media?parent=30865"}],"wp:term":[{"taxonomy":"pwb-brand","embeddable":true,"href":"https:\/\/nautical.store\/fi\/wp-json\/wp\/v2\/pwb-brand?post=30865"},{"taxonomy":"product_brand","embeddable":true,"href":"https:\/\/nautical.store\/fi\/wp-json\/wp\/v2\/product_brand?post=30865"},{"taxonomy":"product_cat","embeddable":true,"href":"https:\/\/nautical.store\/fi\/wp-json\/wp\/v2\/product_cat?post=30865"},{"taxonomy":"product_tag","embeddable":true,"href":"https:\/\/nautical.store\/fi\/wp-json\/wp\/v2\/product_tag?post=30865"},{"taxonomy":"woo-feed-brand","embeddable":true,"href":"https:\/\/nautical.store\/fi\/wp-json\/wp\/v2\/woo-feed-brand?post=30865"}],"curies":[{"name":"wp","href":"https:\/\/api.w.org\/{rel}","templated":true}]}}