{"id":30923,"date":"2022-06-16T16:45:35","date_gmt":"2022-06-16T13:45:35","guid":{"rendered":"https:\/\/www.nautical.store\/toode\/wp-waist-bag\/"},"modified":"2023-07-26T07:53:48","modified_gmt":"2023-07-26T04:53:48","slug":"wp-vyolaukku","status":"publish","type":"product","link":"https:\/\/nautical.store\/fi\/tuote\/wp-vyolaukku\/","title":{"rendered":"Vy\u00f6laukku \u201dWP\u201d"},"content":{"rendered":"<p>Kestv\u00e4 ja vedenpit\u00e4v\u00e4 vy\u00f6laukku. Ilmatiivis ja vedenkest\u00e4v\u00e4 vetoketju.<\/p>\n<p>Koko: 35 x 18 x 5 cm<\/p>\n","protected":false},"excerpt":{"rendered":"<p>Kestv\u00e4 ja vedenpit\u00e4v\u00e4 vy\u00f6laukku. Ilmatiivis ja vedenkest\u00e4v\u00e4 vetoketju. Koko: 35 x 18 x 5 cm<\/p>\n","protected":false},"featured_media":30916,"template":"","meta":{"_acf_changed":false},"pwb-brand":[838],"product_brand":[],"product_cat":[628,926,629],"product_tag":[],"woo-feed-brand":[],"class_list":{"0":"post-30923","1":"product","2":"type-product","3":"status-publish","4":"has-post-thumbnail","6":"pwb-brand-pelle-petterson-fi","7":"product_cat-asusteet","8":"product_cat-asusteet-fi","9":"product_cat-asusteet-naiset","11":"first","12":"outofstock","13":"taxable","14":"shipping-taxable","15":"product-type-variable","16":"wvs-archive-product-wrapper"},"acf":[],"brands":[{"id":838,"name":"Pelle Petterson","slug":"pelle-petterson-fi"}],"_links":{"self":[{"href":"https:\/\/nautical.store\/fi\/wp-json\/wp\/v2\/product\/30923","targetHints":{"allow":["GET"]}}],"collection":[{"href":"https:\/\/nautical.store\/fi\/wp-json\/wp\/v2\/product"}],"about":[{"href":"https:\/\/nautical.store\/fi\/wp-json\/wp\/v2\/types\/product"}],"wp:featuredmedia":[{"embeddable":true,"href":"https:\/\/nautical.store\/fi\/wp-json\/wp\/v2\/media\/30916"}],"wp:attachment":[{"href":"https:\/\/nautical.store\/fi\/wp-json\/wp\/v2\/media?parent=30923"}],"wp:term":[{"taxonomy":"pwb-brand","embeddable":true,"href":"https:\/\/nautical.store\/fi\/wp-json\/wp\/v2\/pwb-brand?post=30923"},{"taxonomy":"product_brand","embeddable":true,"href":"https:\/\/nautical.store\/fi\/wp-json\/wp\/v2\/product_brand?post=30923"},{"taxonomy":"product_cat","embeddable":true,"href":"https:\/\/nautical.store\/fi\/wp-json\/wp\/v2\/product_cat?post=30923"},{"taxonomy":"product_tag","embeddable":true,"href":"https:\/\/nautical.store\/fi\/wp-json\/wp\/v2\/product_tag?post=30923"},{"taxonomy":"woo-feed-brand","embeddable":true,"href":"https:\/\/nautical.store\/fi\/wp-json\/wp\/v2\/woo-feed-brand?post=30923"}],"curies":[{"name":"wp","href":"https:\/\/api.w.org\/{rel}","templated":true}]}}