{"id":31266,"date":"2022-06-27T20:45:25","date_gmt":"2022-06-27T17:45:25","guid":{"rendered":"https:\/\/www.nautical.store\/toode\/w\/"},"modified":"2023-12-20T17:12:18","modified_gmt":"2023-12-20T15:12:18","slug":"housut-n-arc","status":"publish","type":"product","link":"https:\/\/nautical.store\/fi\/tuote\/housut-n-arc\/","title":{"rendered":"N Arc Housut"},"content":{"rendered":"<p>Mukavat ja joustavat naisten pellavasekoitechinot, jotka sopivat aivan yht\u00e4 hyvin sek\u00e4 golfkent\u00e4lle ett\u00e4 kaupunille.<\/p>\n","protected":false},"excerpt":{"rendered":"<p>Mukavat ja joustavat naisten pellavasekoitechinot, jotka sopivat aivan yht\u00e4 hyvin sek\u00e4 golfkent\u00e4lle ett\u00e4 kaupunille.<\/p>\n","protected":false},"featured_media":31248,"template":"","meta":{"_acf_changed":false},"pwb-brand":[838],"product_brand":[],"product_cat":[640,827,1260,726],"product_tag":[],"woo-feed-brand":[],"class_list":{"0":"post-31266","1":"product","2":"type-product","3":"status-publish","4":"has-post-thumbnail","6":"pwb-brand-pelle-petterson-fi","7":"product_cat-housut-fi","8":"product_cat-naiset","9":"product_cat-naisten-golfvaatteet","10":"product_cat-tekniset-vaatteet-naiset","12":"first","13":"instock","14":"taxable","15":"shipping-taxable","16":"purchasable","17":"product-type-variable","18":"wvs-archive-product-wrapper"},"acf":[],"brands":[{"id":838,"name":"Pelle Petterson","slug":"pelle-petterson-fi"}],"_links":{"self":[{"href":"https:\/\/nautical.store\/fi\/wp-json\/wp\/v2\/product\/31266","targetHints":{"allow":["GET"]}}],"collection":[{"href":"https:\/\/nautical.store\/fi\/wp-json\/wp\/v2\/product"}],"about":[{"href":"https:\/\/nautical.store\/fi\/wp-json\/wp\/v2\/types\/product"}],"wp:featuredmedia":[{"embeddable":true,"href":"https:\/\/nautical.store\/fi\/wp-json\/wp\/v2\/media\/31248"}],"wp:attachment":[{"href":"https:\/\/nautical.store\/fi\/wp-json\/wp\/v2\/media?parent=31266"}],"wp:term":[{"taxonomy":"pwb-brand","embeddable":true,"href":"https:\/\/nautical.store\/fi\/wp-json\/wp\/v2\/pwb-brand?post=31266"},{"taxonomy":"product_brand","embeddable":true,"href":"https:\/\/nautical.store\/fi\/wp-json\/wp\/v2\/product_brand?post=31266"},{"taxonomy":"product_cat","embeddable":true,"href":"https:\/\/nautical.store\/fi\/wp-json\/wp\/v2\/product_cat?post=31266"},{"taxonomy":"product_tag","embeddable":true,"href":"https:\/\/nautical.store\/fi\/wp-json\/wp\/v2\/product_tag?post=31266"},{"taxonomy":"woo-feed-brand","embeddable":true,"href":"https:\/\/nautical.store\/fi\/wp-json\/wp\/v2\/woo-feed-brand?post=31266"}],"curies":[{"name":"wp","href":"https:\/\/api.w.org\/{rel}","templated":true}]}}