{"id":31518,"date":"2022-07-04T12:15:12","date_gmt":"2022-07-04T09:15:12","guid":{"rendered":"https:\/\/www.nautical.store\/?post_type=product&#038;p=31518"},"modified":"2025-05-29T18:58:32","modified_gmt":"2025-05-29T15:58:32","slug":"momentum-camber-korkeakauluksinen-paita","status":"publish","type":"product","link":"https:\/\/nautical.store\/fi\/tuote\/momentum-camber-korkeakauluksinen-paita\/","title":{"rendered":"Momentum Camber Paita"},"content":{"rendered":"<p>Korkeakauluksinen paita on tehty teknisest\u00e4 kankaasta, joka joustaa nelj\u00e4\u00e4n suuntaan ja tuntuu pehme\u00e4n puuvillaiselta. Kangas poistaa kosteutta, on hyvin hengitt\u00e4v\u00e4 ja kuivuu nopeasti, joten t\u00e4ss\u00e4 paidassa olo pysyy kivan viile\u00e4n\u00e4, kuivana ja mukavana kuumimpinakin p\u00e4ivin\u00e4. UV-suoja.<\/p>\n","protected":false},"excerpt":{"rendered":"<p>Korkeakauluksinen paita on tehty teknisest\u00e4 kankaasta, joka joustaa nelj\u00e4\u00e4n suuntaan ja tuntuu pehme\u00e4n puuvillaiselta. Kangas poistaa kosteutta, on hyvin hengitt\u00e4v\u00e4 ja kuivuu nopeasti, joten t\u00e4ss\u00e4 paidassa olo pysyy kivan viile\u00e4n\u00e4, kuivana ja mukavana kuumimpinakin p\u00e4ivin\u00e4. UV-suoja.<\/p>\n","protected":false},"featured_media":31500,"template":"","meta":{"_acf_changed":false},"pwb-brand":[838],"product_brand":[],"product_cat":[1259,1261,633,682],"product_tag":[],"woo-feed-brand":[],"class_list":{"0":"post-31518","1":"product","2":"type-product","3":"status-publish","4":"has-post-thumbnail","6":"pwb-brand-pelle-petterson-fi","7":"product_cat-miesten-golfvaatteet","8":"product_cat-miesten-purjehdusvaatteet","9":"product_cat-paidat-fi","10":"product_cat-tekniset-vaatteet","12":"first","13":"instock","14":"sale","15":"taxable","16":"shipping-taxable","17":"purchasable","18":"product-type-variable","19":"wvs-archive-product-wrapper"},"acf":[],"brands":[{"id":838,"name":"Pelle Petterson","slug":"pelle-petterson-fi"}],"_links":{"self":[{"href":"https:\/\/nautical.store\/fi\/wp-json\/wp\/v2\/product\/31518","targetHints":{"allow":["GET"]}}],"collection":[{"href":"https:\/\/nautical.store\/fi\/wp-json\/wp\/v2\/product"}],"about":[{"href":"https:\/\/nautical.store\/fi\/wp-json\/wp\/v2\/types\/product"}],"wp:featuredmedia":[{"embeddable":true,"href":"https:\/\/nautical.store\/fi\/wp-json\/wp\/v2\/media\/31500"}],"wp:attachment":[{"href":"https:\/\/nautical.store\/fi\/wp-json\/wp\/v2\/media?parent=31518"}],"wp:term":[{"taxonomy":"pwb-brand","embeddable":true,"href":"https:\/\/nautical.store\/fi\/wp-json\/wp\/v2\/pwb-brand?post=31518"},{"taxonomy":"product_brand","embeddable":true,"href":"https:\/\/nautical.store\/fi\/wp-json\/wp\/v2\/product_brand?post=31518"},{"taxonomy":"product_cat","embeddable":true,"href":"https:\/\/nautical.store\/fi\/wp-json\/wp\/v2\/product_cat?post=31518"},{"taxonomy":"product_tag","embeddable":true,"href":"https:\/\/nautical.store\/fi\/wp-json\/wp\/v2\/product_tag?post=31518"},{"taxonomy":"woo-feed-brand","embeddable":true,"href":"https:\/\/nautical.store\/fi\/wp-json\/wp\/v2\/woo-feed-brand?post=31518"}],"curies":[{"name":"wp","href":"https:\/\/api.w.org\/{rel}","templated":true}]}}