{"id":31622,"date":"2022-07-11T11:09:10","date_gmt":"2022-07-11T08:09:10","guid":{"rendered":"https:\/\/www.nautical.store\/toode\/w-challenge-hood-jacket\/"},"modified":"2023-07-26T07:53:51","modified_gmt":"2023-07-26T04:53:51","slug":"w-challenge-hood-jope","status":"publish","type":"product","link":"https:\/\/nautical.store\/fi\/tuote\/w-challenge-hood-jope\/","title":{"rendered":"HUPULLINEN TAKKI \u201dW CHALLENGE\u201d"},"content":{"rendered":"<p>W Challenge -takki on hupullinen tuulen- ja vedenpit\u00e4v\u00e4 takki, jossa on my\u00f6s joustava Hi:res\u00ae 15T2L -kalvo. Hengitt\u00e4v\u00e4 naistentakki joustaa nelj\u00e4\u00e4n suuntaan ja saumat on vahvistettu. Takissa on my\u00f6s verkkovuori. Etuvetoketju ja taskujen vetoketjut ovat vedenpit\u00e4vi\u00e4 YKK AquaGuard -vetoketjuja. Takissa on s\u00e4\u00e4dett\u00e4v\u00e4t hihansuut ja tarranauhat hupun takaosassa. Hupussa on my\u00f6s s\u00e4\u00e4t\u00f6ny\u00f6ri. Oiva valinta sek\u00e4 veneilyyn ett\u00e4 kaupungille.<\/p>\n","protected":false},"excerpt":{"rendered":"<p>W Challenge -takki on hupullinen tuulen- ja vedenpit\u00e4v\u00e4 takki, jossa on my\u00f6s joustava Hi:res\u00ae 15T2L -kalvo. Hengitt\u00e4v\u00e4 naistentakki joustaa nelj\u00e4\u00e4n suuntaan ja saumat on vahvistettu. Takissa on my\u00f6s verkkovuori. Etuvetoketju ja taskujen vetoketjut ovat vedenpit\u00e4vi\u00e4 YKK AquaGuard -vetoketjuja. Takissa on s\u00e4\u00e4dett\u00e4v\u00e4t hihansuut ja tarranauhat hupun takaosassa. Hupussa on my\u00f6s s\u00e4\u00e4t\u00f6ny\u00f6ri. Oiva valinta sek\u00e4 veneilyyn ett\u00e4 [&hellip;]<\/p>\n","protected":false},"featured_media":58515,"template":"","meta":{"_acf_changed":false},"pwb-brand":[838],"product_brand":[],"product_cat":[827,1262,617,726],"product_tag":[],"woo-feed-brand":[],"class_list":{"0":"post-31622","1":"product","2":"type-product","3":"status-publish","4":"has-post-thumbnail","6":"pwb-brand-pelle-petterson-fi","7":"product_cat-naiset","8":"product_cat-naisten-purjehdusvaatteet","9":"product_cat-paallysvaatteet","10":"product_cat-tekniset-vaatteet-naiset","12":"first","13":"instock","14":"taxable","15":"shipping-taxable","16":"purchasable","17":"product-type-variable","18":"wvs-archive-product-wrapper"},"acf":[],"brands":[{"id":838,"name":"Pelle Petterson","slug":"pelle-petterson-fi"}],"_links":{"self":[{"href":"https:\/\/nautical.store\/fi\/wp-json\/wp\/v2\/product\/31622","targetHints":{"allow":["GET"]}}],"collection":[{"href":"https:\/\/nautical.store\/fi\/wp-json\/wp\/v2\/product"}],"about":[{"href":"https:\/\/nautical.store\/fi\/wp-json\/wp\/v2\/types\/product"}],"wp:featuredmedia":[{"embeddable":true,"href":"https:\/\/nautical.store\/fi\/wp-json\/wp\/v2\/media\/58515"}],"wp:attachment":[{"href":"https:\/\/nautical.store\/fi\/wp-json\/wp\/v2\/media?parent=31622"}],"wp:term":[{"taxonomy":"pwb-brand","embeddable":true,"href":"https:\/\/nautical.store\/fi\/wp-json\/wp\/v2\/pwb-brand?post=31622"},{"taxonomy":"product_brand","embeddable":true,"href":"https:\/\/nautical.store\/fi\/wp-json\/wp\/v2\/product_brand?post=31622"},{"taxonomy":"product_cat","embeddable":true,"href":"https:\/\/nautical.store\/fi\/wp-json\/wp\/v2\/product_cat?post=31622"},{"taxonomy":"product_tag","embeddable":true,"href":"https:\/\/nautical.store\/fi\/wp-json\/wp\/v2\/product_tag?post=31622"},{"taxonomy":"woo-feed-brand","embeddable":true,"href":"https:\/\/nautical.store\/fi\/wp-json\/wp\/v2\/woo-feed-brand?post=31622"}],"curies":[{"name":"wp","href":"https:\/\/api.w.org\/{rel}","templated":true}]}}