{"id":31645,"date":"2022-07-11T11:20:48","date_gmt":"2022-07-11T08:20:48","guid":{"rendered":"https:\/\/www.nautical.store\/toode\/challenge-hood-jacket\/"},"modified":"2025-10-22T14:48:07","modified_gmt":"2025-10-22T11:48:07","slug":"challenge-hood-takki","status":"publish","type":"product","link":"https:\/\/nautical.store\/fi\/tuote\/challenge-hood-takki\/","title":{"rendered":"PelleP Challenge Hood Takki"},"content":{"rendered":"<p>Tuulen- ja vedenpit\u00e4v\u00e4ss\u00e4 Challenge Hood -takissa on joustava Hi:res\u00ae 15T2L -kalvo. Hengitt\u00e4v\u00e4 miestentakki joustaa nelj\u00e4\u00e4n suuntaan ja saumat on vahvistettu. Takissa on my\u00f6s verkkokangasvuori. Etuvetoketju ja taskujen vetokejut ovat vedenpit\u00e4vi\u00e4 YKK AquaGuard -vetoketjuja. S\u00e4\u00e4dett\u00e4v\u00e4t hihansuut ja hupun takaosassa on tarranauha. Hupussa on my\u00f6s s\u00e4\u00e4t\u00f6ny\u00f6ri. T\u00e4ydellinen valinta veneilyyn ja my\u00f6s kaupungille.<\/p>\n","protected":false},"excerpt":{"rendered":"<p>Tuulen- ja vedenpit\u00e4v\u00e4 takki<\/p>\n","protected":false},"featured_media":58797,"template":"","meta":{"_acf_changed":false},"pwb-brand":[838],"product_brand":[],"product_cat":[777,1261,702,1269,682],"product_tag":[],"woo-feed-brand":[],"class_list":{"0":"post-31645","1":"product","2":"type-product","3":"status-publish","4":"has-post-thumbnail","6":"pwb-brand-pelle-petterson-fi","7":"product_cat-miehet","8":"product_cat-miesten-purjehdusvaatteet","9":"product_cat-paallysvaatteet-miehet","10":"product_cat-purjehdus","11":"product_cat-tekniset-vaatteet","13":"first","14":"instock","15":"taxable","16":"shipping-taxable","17":"purchasable","18":"product-type-variable","19":"wvs-archive-product-wrapper"},"acf":[],"brands":[{"id":838,"name":"Pelle Petterson","slug":"pelle-petterson-fi"}],"_links":{"self":[{"href":"https:\/\/nautical.store\/fi\/wp-json\/wp\/v2\/product\/31645","targetHints":{"allow":["GET"]}}],"collection":[{"href":"https:\/\/nautical.store\/fi\/wp-json\/wp\/v2\/product"}],"about":[{"href":"https:\/\/nautical.store\/fi\/wp-json\/wp\/v2\/types\/product"}],"wp:featuredmedia":[{"embeddable":true,"href":"https:\/\/nautical.store\/fi\/wp-json\/wp\/v2\/media\/58797"}],"wp:attachment":[{"href":"https:\/\/nautical.store\/fi\/wp-json\/wp\/v2\/media?parent=31645"}],"wp:term":[{"taxonomy":"pwb-brand","embeddable":true,"href":"https:\/\/nautical.store\/fi\/wp-json\/wp\/v2\/pwb-brand?post=31645"},{"taxonomy":"product_brand","embeddable":true,"href":"https:\/\/nautical.store\/fi\/wp-json\/wp\/v2\/product_brand?post=31645"},{"taxonomy":"product_cat","embeddable":true,"href":"https:\/\/nautical.store\/fi\/wp-json\/wp\/v2\/product_cat?post=31645"},{"taxonomy":"product_tag","embeddable":true,"href":"https:\/\/nautical.store\/fi\/wp-json\/wp\/v2\/product_tag?post=31645"},{"taxonomy":"woo-feed-brand","embeddable":true,"href":"https:\/\/nautical.store\/fi\/wp-json\/wp\/v2\/woo-feed-brand?post=31645"}],"curies":[{"name":"wp","href":"https:\/\/api.w.org\/{rel}","templated":true}]}}