{"id":32028,"date":"2022-07-11T11:35:17","date_gmt":"2022-07-11T08:35:17","guid":{"rendered":"https:\/\/www.nautical.store\/toode\/jr-p-hoodie\/"},"modified":"2026-03-11T23:36:12","modified_gmt":"2026-03-11T21:36:12","slug":"jr-p-huppari","status":"publish","type":"product","link":"https:\/\/nautical.store\/fi\/tuote\/jr-p-huppari\/","title":{"rendered":"Pelle P Lasten Huppari"},"content":{"rendered":"<p><!--StartFragment --><\/p>\n<p>Siin on sinu tekst loomulikus ja sujuvas soome keeles:<\/p>\n<p>&nbsp;<\/p>\n<p><strong>Lasten huppari on valmistettu pehme\u00e4st\u00e4 ja miellytt\u00e4v\u00e4st\u00e4 puuvillasekoitteesta. Siin\u00e4 on kaksi suurta kengurutaskua ja trikookankaalla vuorattu huppu. Sopii hyvin sek\u00e4 T\u2011paidan p\u00e4\u00e4lle ett\u00e4 takin alle.<\/strong><\/p>\n<p><strong>Materiaali:<\/strong> 80 % puuvillaa, 20 % polyesteri\u00e4<\/p>\n<ul>\n<li>Harjattu sis\u00e4pinta<\/li>\n<li>1&#215;1\u2011resori helmassa ja hihansuissa<\/li>\n<li>Kiinte\u00e4 huppu<\/li>\n<li>Hupussa trikoo\u2011vuori<\/li>\n<li>2 kengurutaskua edess\u00e4<\/li>\n<li>Vasemmassa hihassa vetoketjutasku ja kolmiportainen siksak\u2011ommel<\/li>\n<li>Edess\u00e4 vetoketju kolmiportaisella siksak\u2011ompeleella<\/li>\n<li>Kolmiportainen siksak\u2011ommel hupun ymp\u00e4rill\u00e4<\/li>\n<li>Kontrastivahvikkeet (bartack\u2011ompeleet)<\/li>\n<li>P\u2011logokirjailu vasemmassa rinnassa<\/li>\n<\/ul>\n<p><!--EndFragment --><\/p>\n","protected":false},"excerpt":{"rendered":"<p>Mukava ja pehme\u00e4 huppari<\/p>\n","protected":false},"featured_media":31638,"template":"","meta":{"_acf_changed":false},"pwb-brand":[838],"product_brand":[],"product_cat":[826],"product_tag":[],"woo-feed-brand":[],"class_list":{"0":"post-32028","1":"product","2":"type-product","3":"status-publish","4":"has-post-thumbnail","6":"pwb-brand-pelle-petterson-fi","7":"product_cat-lapset","9":"first","10":"instock","11":"sale","12":"taxable","13":"shipping-taxable","14":"purchasable","15":"product-type-variable","16":"wvs-archive-product-wrapper"},"acf":[],"brands":[{"id":838,"name":"Pelle Petterson","slug":"pelle-petterson-fi"}],"_links":{"self":[{"href":"https:\/\/nautical.store\/fi\/wp-json\/wp\/v2\/product\/32028","targetHints":{"allow":["GET"]}}],"collection":[{"href":"https:\/\/nautical.store\/fi\/wp-json\/wp\/v2\/product"}],"about":[{"href":"https:\/\/nautical.store\/fi\/wp-json\/wp\/v2\/types\/product"}],"wp:featuredmedia":[{"embeddable":true,"href":"https:\/\/nautical.store\/fi\/wp-json\/wp\/v2\/media\/31638"}],"wp:attachment":[{"href":"https:\/\/nautical.store\/fi\/wp-json\/wp\/v2\/media?parent=32028"}],"wp:term":[{"taxonomy":"pwb-brand","embeddable":true,"href":"https:\/\/nautical.store\/fi\/wp-json\/wp\/v2\/pwb-brand?post=32028"},{"taxonomy":"product_brand","embeddable":true,"href":"https:\/\/nautical.store\/fi\/wp-json\/wp\/v2\/product_brand?post=32028"},{"taxonomy":"product_cat","embeddable":true,"href":"https:\/\/nautical.store\/fi\/wp-json\/wp\/v2\/product_cat?post=32028"},{"taxonomy":"product_tag","embeddable":true,"href":"https:\/\/nautical.store\/fi\/wp-json\/wp\/v2\/product_tag?post=32028"},{"taxonomy":"woo-feed-brand","embeddable":true,"href":"https:\/\/nautical.store\/fi\/wp-json\/wp\/v2\/woo-feed-brand?post=32028"}],"curies":[{"name":"wp","href":"https:\/\/api.w.org\/{rel}","templated":true}]}}