{"id":32058,"date":"2022-07-21T11:48:01","date_gmt":"2022-07-21T08:48:01","guid":{"rendered":"https:\/\/www.nautical.store\/toode\/jr-sirocco-vest\/"},"modified":"2025-09-17T22:30:00","modified_gmt":"2025-09-17T19:30:00","slug":"jr-sirocco-liivi","status":"publish","type":"product","link":"https:\/\/nautical.store\/fi\/tuote\/jr-sirocco-liivi\/","title":{"rendered":"JR Sirocco Liivi"},"content":{"rendered":"<p>Sirocco-liivi on tehty tuulenkest\u00e4v\u00e4st\u00e4 kankaasta. Hy\u00f6henet\u00f6n Thinsulate-vuori on eritt\u00e4in kevyt, hengitt\u00e4v\u00e4 ja l\u00e4mmin. Liiviss\u00e4 on kaksi vetoketjullista etutaskua ja rintatasku. P-logo-kumilogo edess\u00e4 vasemmalla.<\/p>\n","protected":false},"excerpt":{"rendered":"<p>Sirocco-liivi on tehty tuulenkest\u00e4v\u00e4st\u00e4 kankaasta. Hy\u00f6henet\u00f6n Thinsulate-vuori on eritt\u00e4in kevyt, hengitt\u00e4v\u00e4 ja l\u00e4mmin. Liiviss\u00e4 on kaksi vetoketjullista etutaskua ja rintatasku. P-logo-kumilogo edess\u00e4 vasemmalla.<\/p>\n","protected":false},"featured_media":31816,"template":"","meta":{"_acf_changed":false},"pwb-brand":[838],"product_brand":[],"product_cat":[826],"product_tag":[],"woo-feed-brand":[],"class_list":{"0":"post-32058","1":"product","2":"type-product","3":"status-publish","4":"has-post-thumbnail","6":"pwb-brand-pelle-petterson-fi","7":"product_cat-lapset","9":"first","10":"instock","11":"sale","12":"taxable","13":"shipping-taxable","14":"purchasable","15":"product-type-variable","16":"wvs-archive-product-wrapper"},"acf":[],"brands":[{"id":838,"name":"Pelle Petterson","slug":"pelle-petterson-fi"}],"_links":{"self":[{"href":"https:\/\/nautical.store\/fi\/wp-json\/wp\/v2\/product\/32058","targetHints":{"allow":["GET"]}}],"collection":[{"href":"https:\/\/nautical.store\/fi\/wp-json\/wp\/v2\/product"}],"about":[{"href":"https:\/\/nautical.store\/fi\/wp-json\/wp\/v2\/types\/product"}],"wp:featuredmedia":[{"embeddable":true,"href":"https:\/\/nautical.store\/fi\/wp-json\/wp\/v2\/media\/31816"}],"wp:attachment":[{"href":"https:\/\/nautical.store\/fi\/wp-json\/wp\/v2\/media?parent=32058"}],"wp:term":[{"taxonomy":"pwb-brand","embeddable":true,"href":"https:\/\/nautical.store\/fi\/wp-json\/wp\/v2\/pwb-brand?post=32058"},{"taxonomy":"product_brand","embeddable":true,"href":"https:\/\/nautical.store\/fi\/wp-json\/wp\/v2\/product_brand?post=32058"},{"taxonomy":"product_cat","embeddable":true,"href":"https:\/\/nautical.store\/fi\/wp-json\/wp\/v2\/product_cat?post=32058"},{"taxonomy":"product_tag","embeddable":true,"href":"https:\/\/nautical.store\/fi\/wp-json\/wp\/v2\/product_tag?post=32058"},{"taxonomy":"woo-feed-brand","embeddable":true,"href":"https:\/\/nautical.store\/fi\/wp-json\/wp\/v2\/woo-feed-brand?post=32058"}],"curies":[{"name":"wp","href":"https:\/\/api.w.org\/{rel}","templated":true}]}}