{"id":32505,"date":"2022-08-31T13:29:22","date_gmt":"2022-08-31T10:29:22","guid":{"rendered":"https:\/\/www.nautical.store\/toode\/therese-v-neck\/"},"modified":"2023-12-04T20:40:18","modified_gmt":"2023-12-04T18:40:18","slug":"v-kaulusneule-therese","status":"publish","type":"product","link":"https:\/\/nautical.store\/fi\/tuote\/v-kaulusneule-therese\/","title":{"rendered":"Therese Villaneule"},"content":{"rendered":"<p>Neule superpehme\u00e4\u00e4 buklee- ja alpakkasekoitetta. V\u00e4rj\u00e4\u00e4m\u00e4t\u00f6n, joten v\u00e4ris\u00e4vyss\u00e4 n\u00e4kyy aito luonnollisuus. Klassinen malli, raglan-hihat ja syv\u00e4 v-kaulus, jossa leve\u00e4 resori.<\/p>\n","protected":false},"excerpt":{"rendered":"<p>Neule superpehme\u00e4\u00e4 buklee- ja alpakkasekoitetta. V\u00e4rj\u00e4\u00e4m\u00e4t\u00f6n, joten v\u00e4ris\u00e4vyss\u00e4 n\u00e4kyy aito luonnollisuus. Klassinen malli, raglan-hihat ja syv\u00e4 v-kaulus, jossa leve\u00e4 resori.<\/p>\n","protected":false},"featured_media":32474,"template":"","meta":{"_acf_changed":false},"pwb-brand":[836],"product_brand":[],"product_cat":[877,827,601],"product_tag":[],"woo-feed-brand":[],"class_list":{"0":"post-32505","1":"product","2":"type-product","3":"status-publish","4":"has-post-thumbnail","6":"pwb-brand-holebrook-fi","7":"product_cat-edullinen-hinta-naiset","8":"product_cat-naiset","9":"product_cat-neuleet","11":"first","12":"instock","13":"sale","14":"taxable","15":"shipping-taxable","16":"purchasable","17":"product-type-variable","18":"wvs-archive-product-wrapper"},"acf":[],"brands":[{"id":836,"name":"Holebrook","slug":"holebrook-fi"}],"_links":{"self":[{"href":"https:\/\/nautical.store\/fi\/wp-json\/wp\/v2\/product\/32505","targetHints":{"allow":["GET"]}}],"collection":[{"href":"https:\/\/nautical.store\/fi\/wp-json\/wp\/v2\/product"}],"about":[{"href":"https:\/\/nautical.store\/fi\/wp-json\/wp\/v2\/types\/product"}],"wp:featuredmedia":[{"embeddable":true,"href":"https:\/\/nautical.store\/fi\/wp-json\/wp\/v2\/media\/32474"}],"wp:attachment":[{"href":"https:\/\/nautical.store\/fi\/wp-json\/wp\/v2\/media?parent=32505"}],"wp:term":[{"taxonomy":"pwb-brand","embeddable":true,"href":"https:\/\/nautical.store\/fi\/wp-json\/wp\/v2\/pwb-brand?post=32505"},{"taxonomy":"product_brand","embeddable":true,"href":"https:\/\/nautical.store\/fi\/wp-json\/wp\/v2\/product_brand?post=32505"},{"taxonomy":"product_cat","embeddable":true,"href":"https:\/\/nautical.store\/fi\/wp-json\/wp\/v2\/product_cat?post=32505"},{"taxonomy":"product_tag","embeddable":true,"href":"https:\/\/nautical.store\/fi\/wp-json\/wp\/v2\/product_tag?post=32505"},{"taxonomy":"woo-feed-brand","embeddable":true,"href":"https:\/\/nautical.store\/fi\/wp-json\/wp\/v2\/woo-feed-brand?post=32505"}],"curies":[{"name":"wp","href":"https:\/\/api.w.org\/{rel}","templated":true}]}}