{"id":32790,"date":"2022-08-31T15:28:14","date_gmt":"2022-08-31T12:28:14","guid":{"rendered":"https:\/\/www.nautical.store\/toode\/rigmor-cardigan\/"},"modified":"2025-12-10T11:35:19","modified_gmt":"2025-12-10T09:35:19","slug":"rigmor-neuletakki","status":"publish","type":"product","link":"https:\/\/nautical.store\/fi\/tuote\/rigmor-neuletakki\/","title":{"rendered":"Rigmor Neuletakki"},"content":{"rendered":"<p><!--StartFragment --><\/p>\n<p>Neulecardigan pehme\u00e4st\u00e4 merinovillasekoitteesta, rennolla ja kauniilla istuvuudella. Kaksi taskua ja nelj\u00e4 s\u00e4vyyn sopivaa corozo-nappia.<br \/>\nCorozo-nappi valmistetaan luonnollisesta siemenest\u00e4, jota kutsutaan my\u00f6s \u201ckasvisnorsunluuksi\u201d. Se ei ole muovia, vaan t\u00e4ysin luonnollinen ja ymp\u00e4rist\u00f6yst\u00e4v\u00e4llinen materiaali. Nappi tehd\u00e4\u00e4n tagua-palmun siemenest\u00e4, joka kasvaa Etel\u00e4-Amerikan p\u00e4iv\u00e4ntasaajan alueella.<br \/>\nYmp\u00e4rist\u00f6yst\u00e4v\u00e4llinen: 100 % kasvipohjainen, biohajoava ja uusiutuva materiaali.<\/p>\n<p><strong>Yksityiskohdat<\/strong><\/p>\n<ul>\n<li>Suora leikkaus<\/li>\n<li>Kaksi taskua<\/li>\n<li>Valmistettu Euroopassa<\/li>\n<li>Materiaali: 86 % villa \/ 14 % polyamidi<\/li>\n<\/ul>\n<p><!--EndFragment --><\/p>\n","protected":false},"excerpt":{"rendered":"<p>Pehme\u00e4 neule, jossa edess\u00e4 napitus<\/p>\n","protected":false},"featured_media":32770,"template":"","meta":{"_acf_changed":false},"pwb-brand":[836],"product_brand":[],"product_cat":[877,827,601,2183],"product_tag":[],"woo-feed-brand":[],"class_list":{"0":"post-32790","1":"product","2":"type-product","3":"status-publish","4":"has-post-thumbnail","6":"pwb-brand-holebrook-fi","7":"product_cat-edullinen-hinta-naiset","8":"product_cat-naiset","9":"product_cat-neuleet","10":"product_cat-outlet-fi","12":"first","13":"outofstock","14":"sale","15":"taxable","16":"shipping-taxable","17":"purchasable","18":"product-type-variable","19":"wvs-archive-product-wrapper"},"acf":[],"brands":[{"id":836,"name":"Holebrook","slug":"holebrook-fi"}],"_links":{"self":[{"href":"https:\/\/nautical.store\/fi\/wp-json\/wp\/v2\/product\/32790","targetHints":{"allow":["GET"]}}],"collection":[{"href":"https:\/\/nautical.store\/fi\/wp-json\/wp\/v2\/product"}],"about":[{"href":"https:\/\/nautical.store\/fi\/wp-json\/wp\/v2\/types\/product"}],"wp:featuredmedia":[{"embeddable":true,"href":"https:\/\/nautical.store\/fi\/wp-json\/wp\/v2\/media\/32770"}],"wp:attachment":[{"href":"https:\/\/nautical.store\/fi\/wp-json\/wp\/v2\/media?parent=32790"}],"wp:term":[{"taxonomy":"pwb-brand","embeddable":true,"href":"https:\/\/nautical.store\/fi\/wp-json\/wp\/v2\/pwb-brand?post=32790"},{"taxonomy":"product_brand","embeddable":true,"href":"https:\/\/nautical.store\/fi\/wp-json\/wp\/v2\/product_brand?post=32790"},{"taxonomy":"product_cat","embeddable":true,"href":"https:\/\/nautical.store\/fi\/wp-json\/wp\/v2\/product_cat?post=32790"},{"taxonomy":"product_tag","embeddable":true,"href":"https:\/\/nautical.store\/fi\/wp-json\/wp\/v2\/product_tag?post=32790"},{"taxonomy":"woo-feed-brand","embeddable":true,"href":"https:\/\/nautical.store\/fi\/wp-json\/wp\/v2\/woo-feed-brand?post=32790"}],"curies":[{"name":"wp","href":"https:\/\/api.w.org\/{rel}","templated":true}]}}