{"id":33272,"date":"2022-09-01T13:01:22","date_gmt":"2022-09-01T10:01:22","guid":{"rendered":"https:\/\/www.nautical.store\/toode\/ingalill-dress\/"},"modified":"2025-10-02T21:42:07","modified_gmt":"2025-10-02T18:42:07","slug":"ingalill-mekko","status":"publish","type":"product","link":"https:\/\/nautical.store\/fi\/tuote\/ingalill-mekko\/","title":{"rendered":"Mekko Ingalill"},"content":{"rendered":"<p>Tyylik\u00e4s ja mukava ribbineulemekko, jossa syv\u00e4 V-p\u00e4\u00e4ntie ja viimeistelem\u00e4tt\u00f6m\u00e4t reunat tuovat rentoa ilmett\u00e4. Valmistettu Euroopassa 100 % erityisen hienosta merinovillasta. Mekolla on normaali istuvuus, keskipituus ja halkiot sivuilla.<\/p>\n<p><!--StartFragment --><\/p>\n<p>Tuotetiedot:<\/p>\n<ul>\n<li>Normaali istuvuus<\/li>\n<li>V-p\u00e4\u00e4ntie<\/li>\n<li>Viimeistelem\u00e4tt\u00f6m\u00e4t reunat<\/li>\n<li>100 % Extra Fine Merinovillaa<\/li>\n<li>Valmistettu Euroopassa<\/li>\n<\/ul>\n<p><!--EndFragment --><\/p>\n","protected":false},"excerpt":{"rendered":"<p>Tyylik\u00e4s ribbineule 100 % merinovillaa<\/p>\n","protected":false},"featured_media":33227,"template":"","meta":{"_acf_changed":false},"pwb-brand":[836],"product_brand":[],"product_cat":[877,593,827],"product_tag":[],"woo-feed-brand":[],"class_list":{"0":"post-33272","1":"product","2":"type-product","3":"status-publish","4":"has-post-thumbnail","6":"pwb-brand-holebrook-fi","7":"product_cat-edullinen-hinta-naiset","8":"product_cat-mekot","9":"product_cat-naiset","11":"first","12":"instock","13":"sale","14":"taxable","15":"shipping-taxable","16":"purchasable","17":"product-type-variable","18":"wvs-archive-product-wrapper"},"acf":[],"brands":[{"id":836,"name":"Holebrook","slug":"holebrook-fi"}],"_links":{"self":[{"href":"https:\/\/nautical.store\/fi\/wp-json\/wp\/v2\/product\/33272","targetHints":{"allow":["GET"]}}],"collection":[{"href":"https:\/\/nautical.store\/fi\/wp-json\/wp\/v2\/product"}],"about":[{"href":"https:\/\/nautical.store\/fi\/wp-json\/wp\/v2\/types\/product"}],"wp:featuredmedia":[{"embeddable":true,"href":"https:\/\/nautical.store\/fi\/wp-json\/wp\/v2\/media\/33227"}],"wp:attachment":[{"href":"https:\/\/nautical.store\/fi\/wp-json\/wp\/v2\/media?parent=33272"}],"wp:term":[{"taxonomy":"pwb-brand","embeddable":true,"href":"https:\/\/nautical.store\/fi\/wp-json\/wp\/v2\/pwb-brand?post=33272"},{"taxonomy":"product_brand","embeddable":true,"href":"https:\/\/nautical.store\/fi\/wp-json\/wp\/v2\/product_brand?post=33272"},{"taxonomy":"product_cat","embeddable":true,"href":"https:\/\/nautical.store\/fi\/wp-json\/wp\/v2\/product_cat?post=33272"},{"taxonomy":"product_tag","embeddable":true,"href":"https:\/\/nautical.store\/fi\/wp-json\/wp\/v2\/product_tag?post=33272"},{"taxonomy":"woo-feed-brand","embeddable":true,"href":"https:\/\/nautical.store\/fi\/wp-json\/wp\/v2\/woo-feed-brand?post=33272"}],"curies":[{"name":"wp","href":"https:\/\/api.w.org\/{rel}","templated":true}]}}