{"id":33328,"date":"2022-09-01T13:44:21","date_gmt":"2022-09-01T10:44:21","guid":{"rendered":"https:\/\/www.nautical.store\/toode\/blenda-skirt\/"},"modified":"2025-12-01T20:59:21","modified_gmt":"2025-12-01T18:59:21","slug":"blenda-hame","status":"publish","type":"product","link":"https:\/\/nautical.store\/fi\/tuote\/blenda-hame\/","title":{"rendered":"Blenda-merinohame"},"content":{"rendered":"<p>Neulottu hame eritt\u00e4in hienosta merinovillasta. Suora malli ja midipituus tekev\u00e4t siit\u00e4 ajattoman valinnan, joka sopii erinomaisesti yhteen kaikkien merinovillaneuleidemme kanssa.<br \/>\n\u2022 Suora leikkaus<br \/>\n\u2022 Midipituus<br \/>\n\u2022 100 % extra fine merinovilla<br \/>\n\u2022 Valmistettu Euroopassa<\/p>\n","protected":false},"excerpt":{"rendered":"<p>Neulottu hame eritt\u00e4in hienosta merinovillasta<\/p>\n","protected":false},"featured_media":33312,"template":"","meta":{"_acf_changed":false},"pwb-brand":[836],"product_brand":[],"product_cat":[877,639,827,601,2183],"product_tag":[],"woo-feed-brand":[],"class_list":{"0":"post-33328","1":"product","2":"type-product","3":"status-publish","4":"has-post-thumbnail","6":"pwb-brand-holebrook-fi","7":"product_cat-edullinen-hinta-naiset","8":"product_cat-hameet","9":"product_cat-naiset","10":"product_cat-neuleet","11":"product_cat-outlet-fi","13":"first","14":"instock","15":"sale","16":"taxable","17":"shipping-taxable","18":"purchasable","19":"product-type-variable","20":"wvs-archive-product-wrapper"},"acf":[],"brands":[{"id":836,"name":"Holebrook","slug":"holebrook-fi"}],"_links":{"self":[{"href":"https:\/\/nautical.store\/fi\/wp-json\/wp\/v2\/product\/33328","targetHints":{"allow":["GET"]}}],"collection":[{"href":"https:\/\/nautical.store\/fi\/wp-json\/wp\/v2\/product"}],"about":[{"href":"https:\/\/nautical.store\/fi\/wp-json\/wp\/v2\/types\/product"}],"wp:featuredmedia":[{"embeddable":true,"href":"https:\/\/nautical.store\/fi\/wp-json\/wp\/v2\/media\/33312"}],"wp:attachment":[{"href":"https:\/\/nautical.store\/fi\/wp-json\/wp\/v2\/media?parent=33328"}],"wp:term":[{"taxonomy":"pwb-brand","embeddable":true,"href":"https:\/\/nautical.store\/fi\/wp-json\/wp\/v2\/pwb-brand?post=33328"},{"taxonomy":"product_brand","embeddable":true,"href":"https:\/\/nautical.store\/fi\/wp-json\/wp\/v2\/product_brand?post=33328"},{"taxonomy":"product_cat","embeddable":true,"href":"https:\/\/nautical.store\/fi\/wp-json\/wp\/v2\/product_cat?post=33328"},{"taxonomy":"product_tag","embeddable":true,"href":"https:\/\/nautical.store\/fi\/wp-json\/wp\/v2\/product_tag?post=33328"},{"taxonomy":"woo-feed-brand","embeddable":true,"href":"https:\/\/nautical.store\/fi\/wp-json\/wp\/v2\/woo-feed-brand?post=33328"}],"curies":[{"name":"wp","href":"https:\/\/api.w.org\/{rel}","templated":true}]}}