{"id":33414,"date":"2022-09-01T14:03:12","date_gmt":"2022-09-01T11:03:12","guid":{"rendered":"https:\/\/www.nautical.store\/toode\/hasselo-scarf\/"},"modified":"2025-11-14T23:24:10","modified_gmt":"2025-11-14T21:24:10","slug":"hasselo-huivi","status":"publish","type":"product","link":"https:\/\/nautical.store\/fi\/tuote\/hasselo-huivi\/","title":{"rendered":"Hassel\u00f6 merinovillahuivi"},"content":{"rendered":"<p>Pitk\u00e4 merinovillahuivi \u2013 pehme\u00e4, l\u00e4mmin ja hengitt\u00e4v\u00e4 valinta kylmiin p\u00e4iviin. Sopii t\u00e4ydellisesti kerrospukeutumiseen ja tuo asuun tyylikk\u00e4\u00e4n viimeistelyn.<\/p>\n","protected":false},"excerpt":{"rendered":"<p>Pitk\u00e4 merinovillahuivi \u2013 pehme\u00e4, l\u00e4mmin ja hengitt\u00e4v\u00e4 valinta kylmiin p\u00e4iviin. Sopii t\u00e4ydellisesti kerrospukeutumiseen ja tuo asuun tyylikk\u00e4\u00e4n viimeistelyn.<\/p>\n","protected":false},"featured_media":33406,"template":"","meta":{"_acf_changed":false},"pwb-brand":[836],"product_brand":[],"product_cat":[629,877,827],"product_tag":[],"woo-feed-brand":[],"class_list":{"0":"post-33414","1":"product","2":"type-product","3":"status-publish","4":"has-post-thumbnail","6":"pwb-brand-holebrook-fi","7":"product_cat-asusteet-naiset","8":"product_cat-edullinen-hinta-naiset","9":"product_cat-naiset","11":"first","12":"instock","13":"sale","14":"taxable","15":"shipping-taxable","16":"purchasable","17":"product-type-variable","18":"wvs-archive-product-wrapper"},"acf":[],"brands":[{"id":836,"name":"Holebrook","slug":"holebrook-fi"}],"_links":{"self":[{"href":"https:\/\/nautical.store\/fi\/wp-json\/wp\/v2\/product\/33414","targetHints":{"allow":["GET"]}}],"collection":[{"href":"https:\/\/nautical.store\/fi\/wp-json\/wp\/v2\/product"}],"about":[{"href":"https:\/\/nautical.store\/fi\/wp-json\/wp\/v2\/types\/product"}],"wp:featuredmedia":[{"embeddable":true,"href":"https:\/\/nautical.store\/fi\/wp-json\/wp\/v2\/media\/33406"}],"wp:attachment":[{"href":"https:\/\/nautical.store\/fi\/wp-json\/wp\/v2\/media?parent=33414"}],"wp:term":[{"taxonomy":"pwb-brand","embeddable":true,"href":"https:\/\/nautical.store\/fi\/wp-json\/wp\/v2\/pwb-brand?post=33414"},{"taxonomy":"product_brand","embeddable":true,"href":"https:\/\/nautical.store\/fi\/wp-json\/wp\/v2\/product_brand?post=33414"},{"taxonomy":"product_cat","embeddable":true,"href":"https:\/\/nautical.store\/fi\/wp-json\/wp\/v2\/product_cat?post=33414"},{"taxonomy":"product_tag","embeddable":true,"href":"https:\/\/nautical.store\/fi\/wp-json\/wp\/v2\/product_tag?post=33414"},{"taxonomy":"woo-feed-brand","embeddable":true,"href":"https:\/\/nautical.store\/fi\/wp-json\/wp\/v2\/woo-feed-brand?post=33414"}],"curies":[{"name":"wp","href":"https:\/\/api.w.org\/{rel}","templated":true}]}}