{"id":34031,"date":"2022-09-15T12:50:24","date_gmt":"2022-09-15T09:50:24","guid":{"rendered":"https:\/\/www.nautical.store\/toode\/aina-v-neck-dress\/"},"modified":"2025-10-02T22:08:43","modified_gmt":"2025-10-02T19:08:43","slug":"v-kaulusmekko-aina","status":"publish","type":"product","link":"https:\/\/nautical.store\/fi\/tuote\/v-kaulusmekko-aina\/","title":{"rendered":"Aina V-p\u00e4\u00e4ntiemekko"},"content":{"rendered":"<p><!--StartFragment --><\/p>\n<p>Polvipituinen mekko, jossa selke\u00e4 V-p\u00e4\u00e4ntie ja A-linjainen siluetti. Neulottu Milano-tyylill\u00e4, valmistettu luomupuuvillasta.<\/p>\n<p>Tuotetiedot:<\/p>\n<ul>\n<li>Milano-neulostyyli<\/li>\n<li>100 % luomupuuvillaa<\/li>\n<li>A-linjainen malli<\/li>\n<li>Polvipituus<\/li>\n<li>Normaali istuvuus<\/li>\n<li>Valmistettu Euroopassa<\/li>\n<\/ul>\n<p><!--EndFragment --><\/p>\n","protected":false},"excerpt":{"rendered":"<p>Neulemekko V-p\u00e4\u00e4ntiell\u00e4<\/p>\n","protected":false},"featured_media":34007,"template":"","meta":{"_acf_changed":false},"pwb-brand":[836],"product_brand":[],"product_cat":[877,593,827],"product_tag":[],"woo-feed-brand":[],"class_list":{"0":"post-34031","1":"product","2":"type-product","3":"status-publish","4":"has-post-thumbnail","6":"pwb-brand-holebrook-fi","7":"product_cat-edullinen-hinta-naiset","8":"product_cat-mekot","9":"product_cat-naiset","11":"first","12":"instock","13":"sale","14":"taxable","15":"shipping-taxable","16":"purchasable","17":"product-type-variable","18":"wvs-archive-product-wrapper"},"acf":[],"brands":[{"id":836,"name":"Holebrook","slug":"holebrook-fi"}],"_links":{"self":[{"href":"https:\/\/nautical.store\/fi\/wp-json\/wp\/v2\/product\/34031","targetHints":{"allow":["GET"]}}],"collection":[{"href":"https:\/\/nautical.store\/fi\/wp-json\/wp\/v2\/product"}],"about":[{"href":"https:\/\/nautical.store\/fi\/wp-json\/wp\/v2\/types\/product"}],"wp:featuredmedia":[{"embeddable":true,"href":"https:\/\/nautical.store\/fi\/wp-json\/wp\/v2\/media\/34007"}],"wp:attachment":[{"href":"https:\/\/nautical.store\/fi\/wp-json\/wp\/v2\/media?parent=34031"}],"wp:term":[{"taxonomy":"pwb-brand","embeddable":true,"href":"https:\/\/nautical.store\/fi\/wp-json\/wp\/v2\/pwb-brand?post=34031"},{"taxonomy":"product_brand","embeddable":true,"href":"https:\/\/nautical.store\/fi\/wp-json\/wp\/v2\/product_brand?post=34031"},{"taxonomy":"product_cat","embeddable":true,"href":"https:\/\/nautical.store\/fi\/wp-json\/wp\/v2\/product_cat?post=34031"},{"taxonomy":"product_tag","embeddable":true,"href":"https:\/\/nautical.store\/fi\/wp-json\/wp\/v2\/product_tag?post=34031"},{"taxonomy":"woo-feed-brand","embeddable":true,"href":"https:\/\/nautical.store\/fi\/wp-json\/wp\/v2\/woo-feed-brand?post=34031"}],"curies":[{"name":"wp","href":"https:\/\/api.w.org\/{rel}","templated":true}]}}