{"id":34320,"date":"2022-09-21T17:17:27","date_gmt":"2022-09-21T14:17:27","guid":{"rendered":"https:\/\/www.nautical.store\/?post_type=product&#038;p=34320"},"modified":"2025-10-16T12:35:54","modified_gmt":"2025-10-16T09:35:54","slug":"angela-heaven-denim-farkut","status":"publish","type":"product","link":"https:\/\/nautical.store\/fi\/tuote\/angela-heaven-denim-farkut\/","title":{"rendered":"Angela Heaven Denim Farkut"},"content":{"rendered":"<p><!--StartFragment --><\/p>\n<p>Para Mi Heaven Denim -farkut \u2013 korkeavy\u00f6t\u00e4r\u00f6iset ja vartaloa imartelevat<\/p>\n<p>Klassiset viisitaskuiset slim-farkut, joissa on napakka istuvuus reisist\u00e4 ja suora lahje. Erityiset sis\u00e4saumat vatsan kohdalla tukevat ja muotoilevat kevyesti, mik\u00e4 tekee housuista hyvin istuvat ja naiselliset.<\/p>\n<ul>\n<li>Malli: Korkea vy\u00f6t\u00e4r\u00f6 \/ Slim fit<\/li>\n<li>Materiaali: Heaven Denim \u2013 eritt\u00e4in joustava powerstretch-denim, valmistettu laadukkaasta puuvillasta, polyesterista ja elastaanista<\/li>\n<li>Mukavuus: Kangas joustaa erinomaisesti ja tuntuu p\u00e4\u00e4ll\u00e4 &#8221;taivaallisen&#8221; pehme\u00e4lt\u00e4<\/li>\n<li>Muotoilevat yksityiskohdat: Etutaskujen saumat tuovat ryhti\u00e4 ja korostavat vartalon linjoja<\/li>\n<li>Yksityiskohdat: Pieni metallinappi ja vegaaninahkainen merkki takana<\/li>\n<li>Kiinnitys: Nappi ja vetoketju<\/li>\n<li>Taskut: 5 taskua \u2013 3 edess\u00e4, 2 takana<\/li>\n<\/ul>\n<p><!--EndFragment --><\/p>\n","protected":false},"excerpt":{"rendered":"<p>Korkeavy\u00f6t\u00e4r\u00f6iset ja vartaloa imartelevat farkut<\/p>\n","protected":false},"featured_media":34292,"template":"","meta":{"_acf_changed":false},"pwb-brand":[959],"product_brand":[],"product_cat":[640,827],"product_tag":[],"woo-feed-brand":[],"class_list":{"0":"post-34320","1":"product","2":"type-product","3":"status-publish","4":"has-post-thumbnail","6":"pwb-brand-para-mi-fi","7":"product_cat-housut-fi","8":"product_cat-naiset","10":"first","11":"instock","12":"taxable","13":"shipping-taxable","14":"purchasable","15":"product-type-variable","16":"wvs-archive-product-wrapper"},"acf":[],"brands":[{"id":959,"name":"Para Mi","slug":"para-mi-fi"}],"_links":{"self":[{"href":"https:\/\/nautical.store\/fi\/wp-json\/wp\/v2\/product\/34320","targetHints":{"allow":["GET"]}}],"collection":[{"href":"https:\/\/nautical.store\/fi\/wp-json\/wp\/v2\/product"}],"about":[{"href":"https:\/\/nautical.store\/fi\/wp-json\/wp\/v2\/types\/product"}],"wp:featuredmedia":[{"embeddable":true,"href":"https:\/\/nautical.store\/fi\/wp-json\/wp\/v2\/media\/34292"}],"wp:attachment":[{"href":"https:\/\/nautical.store\/fi\/wp-json\/wp\/v2\/media?parent=34320"}],"wp:term":[{"taxonomy":"pwb-brand","embeddable":true,"href":"https:\/\/nautical.store\/fi\/wp-json\/wp\/v2\/pwb-brand?post=34320"},{"taxonomy":"product_brand","embeddable":true,"href":"https:\/\/nautical.store\/fi\/wp-json\/wp\/v2\/product_brand?post=34320"},{"taxonomy":"product_cat","embeddable":true,"href":"https:\/\/nautical.store\/fi\/wp-json\/wp\/v2\/product_cat?post=34320"},{"taxonomy":"product_tag","embeddable":true,"href":"https:\/\/nautical.store\/fi\/wp-json\/wp\/v2\/product_tag?post=34320"},{"taxonomy":"woo-feed-brand","embeddable":true,"href":"https:\/\/nautical.store\/fi\/wp-json\/wp\/v2\/woo-feed-brand?post=34320"}],"curies":[{"name":"wp","href":"https:\/\/api.w.org\/{rel}","templated":true}]}}