{"id":34370,"date":"2022-09-21T16:41:31","date_gmt":"2022-09-21T13:41:31","guid":{"rendered":"https:\/\/www.nautical.store\/?post_type=product&#038;p=34370"},"modified":"2025-07-03T21:49:53","modified_gmt":"2025-07-03T18:49:53","slug":"amber-asky","status":"publish","type":"product","link":"https:\/\/nautical.store\/fi\/tuote\/amber-asky\/","title":{"rendered":"Amber Asky Housut"},"content":{"rendered":"<p>Amber-housujen lahkeissa on kivat pienet vetoketjut. Korkea vy\u00f6t\u00e4r\u00f6 ja skinny-malli. Lahkeet kapenevat polven alapuolelta. Kaksinkertaiset saumat taskuissa ovat kiva yksityiskohta ja tekev\u00e4t housuista yksil\u00f6lliset. Kangas joustaa kahteen suuntaan, mik\u00e4 takaa napakan istuvuuden (joustaa sek\u00e4 pituus- ett\u00e4 leveyssuuntaan.<\/p>\n<p class=\"extra-info\"><strong>Malli:\u00a0<\/strong>Korkea vy\u00f6t\u00e4r\u00f6 \/ skinny <\/p>\n<p class=\"extra-info\"><strong>Laatu:\u00a0<\/strong>Askyn laadukas polyamidi on polyamidin ja elastaanin sekoitetta ja joustaa kahteen suuntaan. Housut siis joustavat sek\u00e4 leveys- ett\u00e4 pituussuuntaan. Napakka istuvuus ja ylellinen look.<\/p>\n<p class=\"extra-info\"><strong>Yksityiskohdat:\u00a0<\/strong>Osittain metalliset vetoketjut lahkeissa.<\/p>\n<p class=\"extra-info\"><strong>Kiinnitys:\u00a0<\/strong>Nappi ja vetoketju.<\/p>\n<p class=\"extra-info\"><strong>Taskut:\u00a0<\/strong>Etu- ja takataskut.<\/p>\n","protected":false},"excerpt":{"rendered":"<p>Amber-housujen lahkeissa on kivat pienet vetoketjut. Korkea vy\u00f6t\u00e4r\u00f6 ja skinny-malli. Lahkeet kapenevat polven alapuolelta. Kaksinkertaiset saumat taskuissa ovat kiva yksityiskohta ja tekev\u00e4t housuista yksil\u00f6lliset. Kangas joustaa kahteen suuntaan, mik\u00e4 takaa napakan istuvuuden (joustaa sek\u00e4 pituus- ett\u00e4 leveyssuuntaan. Malli:\u00a0Korkea vy\u00f6t\u00e4r\u00f6 \/ skinny Laatu:\u00a0Askyn laadukas polyamidi on polyamidin ja elastaanin sekoitetta ja joustaa kahteen suuntaan. Housut siis [&hellip;]<\/p>\n","protected":false},"featured_media":34330,"template":"","meta":{"_acf_changed":false},"pwb-brand":[959],"product_brand":[],"product_cat":[877,640,827,2183],"product_tag":[],"woo-feed-brand":[],"class_list":{"0":"post-34370","1":"product","2":"type-product","3":"status-publish","4":"has-post-thumbnail","6":"pwb-brand-para-mi-fi","7":"product_cat-edullinen-hinta-naiset","8":"product_cat-housut-fi","9":"product_cat-naiset","10":"product_cat-outlet-fi","12":"first","13":"instock","14":"sale","15":"taxable","16":"shipping-taxable","17":"purchasable","18":"product-type-variable","19":"wvs-archive-product-wrapper"},"acf":[],"brands":[{"id":959,"name":"Para Mi","slug":"para-mi-fi"}],"_links":{"self":[{"href":"https:\/\/nautical.store\/fi\/wp-json\/wp\/v2\/product\/34370","targetHints":{"allow":["GET"]}}],"collection":[{"href":"https:\/\/nautical.store\/fi\/wp-json\/wp\/v2\/product"}],"about":[{"href":"https:\/\/nautical.store\/fi\/wp-json\/wp\/v2\/types\/product"}],"wp:featuredmedia":[{"embeddable":true,"href":"https:\/\/nautical.store\/fi\/wp-json\/wp\/v2\/media\/34330"}],"wp:attachment":[{"href":"https:\/\/nautical.store\/fi\/wp-json\/wp\/v2\/media?parent=34370"}],"wp:term":[{"taxonomy":"pwb-brand","embeddable":true,"href":"https:\/\/nautical.store\/fi\/wp-json\/wp\/v2\/pwb-brand?post=34370"},{"taxonomy":"product_brand","embeddable":true,"href":"https:\/\/nautical.store\/fi\/wp-json\/wp\/v2\/product_brand?post=34370"},{"taxonomy":"product_cat","embeddable":true,"href":"https:\/\/nautical.store\/fi\/wp-json\/wp\/v2\/product_cat?post=34370"},{"taxonomy":"product_tag","embeddable":true,"href":"https:\/\/nautical.store\/fi\/wp-json\/wp\/v2\/product_tag?post=34370"},{"taxonomy":"woo-feed-brand","embeddable":true,"href":"https:\/\/nautical.store\/fi\/wp-json\/wp\/v2\/woo-feed-brand?post=34370"}],"curies":[{"name":"wp","href":"https:\/\/api.w.org\/{rel}","templated":true}]}}