{"id":34529,"date":"2022-09-19T13:13:39","date_gmt":"2022-09-19T10:13:39","guid":{"rendered":"https:\/\/www.nautical.store\/toode\/w-urbis-jacket\/"},"modified":"2026-01-12T12:53:54","modified_gmt":"2026-01-12T10:53:54","slug":"takki-n-urbis","status":"publish","type":"product","link":"https:\/\/nautical.store\/fi\/tuote\/takki-n-urbis\/","title":{"rendered":"N Urbis Untuvatakki"},"content":{"rendered":"<p><!--StartFragment --><\/p>\n<p>Untuva on yksi maailman parhaista materiaaleista: se on l\u00e4mmin, kest\u00e4v\u00e4 ja mukautuu kehon muotoihin. Urbis\u2011takissa on kudotut kanavat, jotka takaavat RDS\u2011sertifioidun untuvan tasaisen jakautumisen, sek\u00e4 s\u00e4\u00e4dett\u00e4v\u00e4 irrotettava huppu. Takissa on kaksi vetoketjutaskua ja heijastavat yksityiskohdat paremman n\u00e4kyvyyden takaamiseksi pime\u00e4ss\u00e4.<\/p>\n<p>Materiaali: 100 % polyesteri<br \/>\nT\u00e4yte: 90\/10 untuva, 250 gsm<\/p>\n<ul>\n<li>Kudotut untuvakanavat<\/li>\n<li>RDS\u2011sertifioitu (\u201cResponsible Down Standard\u201d)<\/li>\n<li>Irrotettava huppu<\/li>\n<li>S\u00e4\u00e4dett\u00e4v\u00e4 kiristysnauha hupussa<\/li>\n<li>YKK Vislon \u2011vetoketjut edess\u00e4 ja sivutaskuissa<\/li>\n<li>Sis\u00e4inen paikkatasku<\/li>\n<li>P\u2011logolliset vetimet kaikissa n\u00e4kyviss\u00e4 vetoketjuissa<\/li>\n<li>Pelle P \u2011kumimerkki vasemmassa hihassa<\/li>\n<li>Lycra\u2011kanttaus hihansuissa, hupun reunassa ja helmassa<\/li>\n<li>Kolmiaskelinen siksak\u2011ommel hupun aukon ymp\u00e4rill\u00e4<\/li>\n<li>Heijastava Pelle P \u2011logo rinnassa<\/li>\n<li>Heijastava P\u2011logo hupun etuosassa<\/li>\n<li>Regular fit<\/li>\n<\/ul>\n<p>&nbsp;<\/p>\n","protected":false},"excerpt":{"rendered":"<p>L\u00e4mmin untuvatakki<\/p>\n","protected":false},"featured_media":34493,"template":"","meta":{"_acf_changed":false},"pwb-brand":[838],"product_brand":[],"product_cat":[877,827,617],"product_tag":[],"woo-feed-brand":[],"class_list":{"0":"post-34529","1":"product","2":"type-product","3":"status-publish","4":"has-post-thumbnail","6":"pwb-brand-pelle-petterson-fi","7":"product_cat-edullinen-hinta-naiset","8":"product_cat-naiset","9":"product_cat-paallysvaatteet","11":"first","12":"instock","13":"sale","14":"taxable","15":"shipping-taxable","16":"purchasable","17":"product-type-variable","18":"wvs-archive-product-wrapper"},"acf":[],"brands":[{"id":838,"name":"Pelle Petterson","slug":"pelle-petterson-fi"}],"_links":{"self":[{"href":"https:\/\/nautical.store\/fi\/wp-json\/wp\/v2\/product\/34529","targetHints":{"allow":["GET"]}}],"collection":[{"href":"https:\/\/nautical.store\/fi\/wp-json\/wp\/v2\/product"}],"about":[{"href":"https:\/\/nautical.store\/fi\/wp-json\/wp\/v2\/types\/product"}],"wp:featuredmedia":[{"embeddable":true,"href":"https:\/\/nautical.store\/fi\/wp-json\/wp\/v2\/media\/34493"}],"wp:attachment":[{"href":"https:\/\/nautical.store\/fi\/wp-json\/wp\/v2\/media?parent=34529"}],"wp:term":[{"taxonomy":"pwb-brand","embeddable":true,"href":"https:\/\/nautical.store\/fi\/wp-json\/wp\/v2\/pwb-brand?post=34529"},{"taxonomy":"product_brand","embeddable":true,"href":"https:\/\/nautical.store\/fi\/wp-json\/wp\/v2\/product_brand?post=34529"},{"taxonomy":"product_cat","embeddable":true,"href":"https:\/\/nautical.store\/fi\/wp-json\/wp\/v2\/product_cat?post=34529"},{"taxonomy":"product_tag","embeddable":true,"href":"https:\/\/nautical.store\/fi\/wp-json\/wp\/v2\/product_tag?post=34529"},{"taxonomy":"woo-feed-brand","embeddable":true,"href":"https:\/\/nautical.store\/fi\/wp-json\/wp\/v2\/woo-feed-brand?post=34529"}],"curies":[{"name":"wp","href":"https:\/\/api.w.org\/{rel}","templated":true}]}}