{"id":34796,"date":"2022-09-21T12:40:48","date_gmt":"2022-09-21T09:40:48","guid":{"rendered":"https:\/\/www.nautical.store\/toode\/w-ardor-parka\/"},"modified":"2026-03-11T21:55:46","modified_gmt":"2026-03-11T19:55:46","slug":"ardor-parka-naisten-talvitakki","status":"publish","type":"product","link":"https:\/\/nautical.store\/fi\/tuote\/ardor-parka-naisten-talvitakki\/","title":{"rendered":"PelleP Ardor Parka naisille"},"content":{"rendered":"<p><!--StartFragment --><\/p>\n<p>Naisten parka Hi:res 15T2L stretch\u2011kalvomateriaalista, joka on vedenpit\u00e4v\u00e4 ja hengitt\u00e4v\u00e4. Suojaa sek\u00e4 tuulelta ett\u00e4 sateelta. T\u00e4ydellinen syksyn sadetakiksi.<\/p>\n<ul>\n<li>Teipatut saumat<\/li>\n<li>Tikkivuori<\/li>\n<li>Sorona\u2011toppaus<\/li>\n<li>Erityisominaisuus: vedenpit\u00e4vyys 15 000 mm<\/li>\n<li>YKK AquaGuard vedenpit\u00e4v\u00e4 kaksisuuntainen etuvetoketju<\/li>\n<li>Vedenpit\u00e4v\u00e4t etu\u2011 ja rintataskut<\/li>\n<li>Kaksi vetoketjullista sis\u00e4taskua<\/li>\n<li>Irrotettava ja s\u00e4\u00e4dett\u00e4v\u00e4 huppu<\/li>\n<li>Normaali istuvuus<\/li>\n<li>Malli (170 cm) k\u00e4ytt\u00e4\u00e4 kokoa S<\/li>\n<\/ul>\n<p><!--EndFragment --><\/p>\n<p><!--StartFragment --><\/p>\n<p><!--EndFragment --><\/p>\n","protected":false},"excerpt":{"rendered":"<p>Vedenpit\u00e4v\u00e4 ja tuulenpit\u00e4v\u00e4 parka<\/p>\n","protected":false},"featured_media":34779,"template":"","meta":{"_acf_changed":false},"pwb-brand":[838],"product_brand":[],"product_cat":[617],"product_tag":[],"woo-feed-brand":[],"class_list":{"0":"post-34796","1":"product","2":"type-product","3":"status-publish","4":"has-post-thumbnail","6":"pwb-brand-pelle-petterson-fi","7":"product_cat-paallysvaatteet","9":"first","10":"instock","11":"taxable","12":"shipping-taxable","13":"purchasable","14":"product-type-variable","15":"wvs-archive-product-wrapper"},"acf":[],"brands":[{"id":838,"name":"Pelle Petterson","slug":"pelle-petterson-fi"}],"_links":{"self":[{"href":"https:\/\/nautical.store\/fi\/wp-json\/wp\/v2\/product\/34796","targetHints":{"allow":["GET"]}}],"collection":[{"href":"https:\/\/nautical.store\/fi\/wp-json\/wp\/v2\/product"}],"about":[{"href":"https:\/\/nautical.store\/fi\/wp-json\/wp\/v2\/types\/product"}],"wp:featuredmedia":[{"embeddable":true,"href":"https:\/\/nautical.store\/fi\/wp-json\/wp\/v2\/media\/34779"}],"wp:attachment":[{"href":"https:\/\/nautical.store\/fi\/wp-json\/wp\/v2\/media?parent=34796"}],"wp:term":[{"taxonomy":"pwb-brand","embeddable":true,"href":"https:\/\/nautical.store\/fi\/wp-json\/wp\/v2\/pwb-brand?post=34796"},{"taxonomy":"product_brand","embeddable":true,"href":"https:\/\/nautical.store\/fi\/wp-json\/wp\/v2\/product_brand?post=34796"},{"taxonomy":"product_cat","embeddable":true,"href":"https:\/\/nautical.store\/fi\/wp-json\/wp\/v2\/product_cat?post=34796"},{"taxonomy":"product_tag","embeddable":true,"href":"https:\/\/nautical.store\/fi\/wp-json\/wp\/v2\/product_tag?post=34796"},{"taxonomy":"woo-feed-brand","embeddable":true,"href":"https:\/\/nautical.store\/fi\/wp-json\/wp\/v2\/woo-feed-brand?post=34796"}],"curies":[{"name":"wp","href":"https:\/\/api.w.org\/{rel}","templated":true}]}}