{"id":34822,"date":"2022-09-21T12:55:45","date_gmt":"2022-09-21T09:55:45","guid":{"rendered":"https:\/\/www.nautical.store\/toode\/mori-monde-over-shirt\/"},"modified":"2024-05-29T10:05:17","modified_gmt":"2024-05-29T07:05:17","slug":"paallyspaita-mori-monde","status":"publish","type":"product","link":"https:\/\/nautical.store\/fi\/tuote\/paallyspaita-mori-monde\/","title":{"rendered":"Mori Monde P\u00e4\u00e4llyspaita"},"content":{"rendered":"<p>Miestenpaita pehme\u00e4\u00e4 puuvilla- ja bambuviskoosisekoitetta.<\/p>\n<ul>\n<li>Kangas: 46% puuvillaa, 39% bambuviskoosia, 15% elastaania<\/li>\n<li>Pelle P -logo kauluksen takaosassa<\/li>\n<li>Bambu on materiaali, joka on hell\u00e4varainen iholle ja ymp\u00e4rist\u00f6lle ja samalla kest\u00e4v\u00e4 ja pehme\u00e4<\/li>\n<\/ul>\n","protected":false},"excerpt":{"rendered":"<p>Miestenpaita pehme\u00e4\u00e4 puuvilla- ja bambuviskoosisekoitetta. Kangas: 46% puuvillaa, 39% bambuviskoosia, 15% elastaania Pelle P -logo kauluksen takaosassa Bambu on materiaali, joka on hell\u00e4varainen iholle ja ymp\u00e4rist\u00f6lle ja samalla kest\u00e4v\u00e4 ja pehme\u00e4<\/p>\n","protected":false},"featured_media":65422,"template":"","meta":{"_acf_changed":false},"pwb-brand":[838],"product_brand":[],"product_cat":[876,777,633],"product_tag":[],"woo-feed-brand":[],"class_list":{"0":"post-34822","1":"product","2":"type-product","3":"status-publish","4":"has-post-thumbnail","6":"pwb-brand-pelle-petterson-fi","7":"product_cat-edullinen-hinta-miehet-fi","8":"product_cat-miehet","9":"product_cat-paidat-fi","11":"first","12":"outofstock","13":"taxable","14":"shipping-taxable","15":"product-type-variable","16":"wvs-archive-product-wrapper"},"acf":[],"brands":[{"id":838,"name":"Pelle Petterson","slug":"pelle-petterson-fi"}],"_links":{"self":[{"href":"https:\/\/nautical.store\/fi\/wp-json\/wp\/v2\/product\/34822","targetHints":{"allow":["GET"]}}],"collection":[{"href":"https:\/\/nautical.store\/fi\/wp-json\/wp\/v2\/product"}],"about":[{"href":"https:\/\/nautical.store\/fi\/wp-json\/wp\/v2\/types\/product"}],"wp:featuredmedia":[{"embeddable":true,"href":"https:\/\/nautical.store\/fi\/wp-json\/wp\/v2\/media\/65422"}],"wp:attachment":[{"href":"https:\/\/nautical.store\/fi\/wp-json\/wp\/v2\/media?parent=34822"}],"wp:term":[{"taxonomy":"pwb-brand","embeddable":true,"href":"https:\/\/nautical.store\/fi\/wp-json\/wp\/v2\/pwb-brand?post=34822"},{"taxonomy":"product_brand","embeddable":true,"href":"https:\/\/nautical.store\/fi\/wp-json\/wp\/v2\/product_brand?post=34822"},{"taxonomy":"product_cat","embeddable":true,"href":"https:\/\/nautical.store\/fi\/wp-json\/wp\/v2\/product_cat?post=34822"},{"taxonomy":"product_tag","embeddable":true,"href":"https:\/\/nautical.store\/fi\/wp-json\/wp\/v2\/product_tag?post=34822"},{"taxonomy":"woo-feed-brand","embeddable":true,"href":"https:\/\/nautical.store\/fi\/wp-json\/wp\/v2\/woo-feed-brand?post=34822"}],"curies":[{"name":"wp","href":"https:\/\/api.w.org\/{rel}","templated":true}]}}