{"id":34852,"date":"2022-09-21T13:06:09","date_gmt":"2022-09-21T10:06:09","guid":{"rendered":"https:\/\/www.nautical.store\/toode\/crew-roundneck\/"},"modified":"2023-11-13T16:46:28","modified_gmt":"2023-11-13T14:46:28","slug":"crew-roundneck-neule","status":"publish","type":"product","link":"https:\/\/nautical.store\/fi\/tuote\/crew-roundneck-neule\/","title":{"rendered":"Crew Roundneck Neule"},"content":{"rendered":"<p>Klassinen py\u00f6re\u00e4kauluksinen sile\u00e4 neule pehme\u00e4\u00e4 puuvillaa.<\/p>\n","protected":false},"excerpt":{"rendered":"<p>Klassinen py\u00f6re\u00e4kauluksinen sile\u00e4 neule pehme\u00e4\u00e4 puuvillaa.<\/p>\n","protected":false},"featured_media":34832,"template":"","meta":{"_acf_changed":false},"pwb-brand":[838],"product_brand":[],"product_cat":[2183],"product_tag":[],"woo-feed-brand":[],"class_list":{"0":"post-34852","1":"product","2":"type-product","3":"status-publish","4":"has-post-thumbnail","6":"pwb-brand-pelle-petterson-fi","7":"product_cat-outlet-fi","9":"first","10":"instock","11":"sale","12":"taxable","13":"shipping-taxable","14":"purchasable","15":"product-type-variable","16":"wvs-archive-product-wrapper"},"acf":[],"brands":[{"id":838,"name":"Pelle Petterson","slug":"pelle-petterson-fi"}],"_links":{"self":[{"href":"https:\/\/nautical.store\/fi\/wp-json\/wp\/v2\/product\/34852","targetHints":{"allow":["GET"]}}],"collection":[{"href":"https:\/\/nautical.store\/fi\/wp-json\/wp\/v2\/product"}],"about":[{"href":"https:\/\/nautical.store\/fi\/wp-json\/wp\/v2\/types\/product"}],"wp:featuredmedia":[{"embeddable":true,"href":"https:\/\/nautical.store\/fi\/wp-json\/wp\/v2\/media\/34832"}],"wp:attachment":[{"href":"https:\/\/nautical.store\/fi\/wp-json\/wp\/v2\/media?parent=34852"}],"wp:term":[{"taxonomy":"pwb-brand","embeddable":true,"href":"https:\/\/nautical.store\/fi\/wp-json\/wp\/v2\/pwb-brand?post=34852"},{"taxonomy":"product_brand","embeddable":true,"href":"https:\/\/nautical.store\/fi\/wp-json\/wp\/v2\/product_brand?post=34852"},{"taxonomy":"product_cat","embeddable":true,"href":"https:\/\/nautical.store\/fi\/wp-json\/wp\/v2\/product_cat?post=34852"},{"taxonomy":"product_tag","embeddable":true,"href":"https:\/\/nautical.store\/fi\/wp-json\/wp\/v2\/product_tag?post=34852"},{"taxonomy":"woo-feed-brand","embeddable":true,"href":"https:\/\/nautical.store\/fi\/wp-json\/wp\/v2\/woo-feed-brand?post=34852"}],"curies":[{"name":"wp","href":"https:\/\/api.w.org\/{rel}","templated":true}]}}