{"id":34914,"date":"2022-09-21T13:34:02","date_gmt":"2022-09-21T10:34:02","guid":{"rendered":"https:\/\/www.nautical.store\/toode\/urbis-gloves\/"},"modified":"2025-11-30T13:40:49","modified_gmt":"2025-11-30T11:40:49","slug":"urbis-kasineet","status":"publish","type":"product","link":"https:\/\/nautical.store\/fi\/tuote\/urbis-kasineet\/","title":{"rendered":"PelleP Urbis hanskat"},"content":{"rendered":"<p><!--StartFragment --><\/p>\n<p>L\u00e4mpim\u00e4t polyesterikankaasta valmistetut hanskat, joissa on liukumaton k\u00e4mmenosa ja pehme\u00e4 fleecevuori.<\/p>\n<ul>\n<li>Materiaali: 100 % polyesteri<\/li>\n<li>Liukumaton PU\u2011pinta k\u00e4mmeness\u00e4<\/li>\n<li>Neopreenimansetti liukumattomalla yksityiskohdalla<\/li>\n<li>Fleecevuori<\/li>\n<li>Thermofibre\u2011v\u00e4likerros l\u00e4mm\u00f6n s\u00e4ilytt\u00e4miseksi<\/li>\n<li>Koristeommel k\u00e4mmensel\u00e4ss\u00e4<\/li>\n<li>Joustava siksak\u2011sauma ranteessa hyv\u00e4n istuvuuden takaamiseksi<\/li>\n<li>Esitaivutettu muoto luonnollista istuvuutta varten<\/li>\n<\/ul>\n<p><!--EndFragment --><\/p>\n","protected":false},"excerpt":{"rendered":"<p>Hanskat fleecevuorilla<\/p>\n","protected":false},"featured_media":34878,"template":"","meta":{"_acf_changed":false},"pwb-brand":[838],"product_brand":[],"product_cat":[628,629,876,877],"product_tag":[],"woo-feed-brand":[],"class_list":{"0":"post-34914","1":"product","2":"type-product","3":"status-publish","4":"has-post-thumbnail","6":"pwb-brand-pelle-petterson-fi","7":"product_cat-asusteet","8":"product_cat-asusteet-naiset","9":"product_cat-edullinen-hinta-miehet-fi","10":"product_cat-edullinen-hinta-naiset","12":"first","13":"instock","14":"sale","15":"taxable","16":"shipping-taxable","17":"purchasable","18":"product-type-variable","19":"wvs-archive-product-wrapper"},"acf":[],"brands":[{"id":838,"name":"Pelle Petterson","slug":"pelle-petterson-fi"}],"_links":{"self":[{"href":"https:\/\/nautical.store\/fi\/wp-json\/wp\/v2\/product\/34914","targetHints":{"allow":["GET"]}}],"collection":[{"href":"https:\/\/nautical.store\/fi\/wp-json\/wp\/v2\/product"}],"about":[{"href":"https:\/\/nautical.store\/fi\/wp-json\/wp\/v2\/types\/product"}],"wp:featuredmedia":[{"embeddable":true,"href":"https:\/\/nautical.store\/fi\/wp-json\/wp\/v2\/media\/34878"}],"wp:attachment":[{"href":"https:\/\/nautical.store\/fi\/wp-json\/wp\/v2\/media?parent=34914"}],"wp:term":[{"taxonomy":"pwb-brand","embeddable":true,"href":"https:\/\/nautical.store\/fi\/wp-json\/wp\/v2\/pwb-brand?post=34914"},{"taxonomy":"product_brand","embeddable":true,"href":"https:\/\/nautical.store\/fi\/wp-json\/wp\/v2\/product_brand?post=34914"},{"taxonomy":"product_cat","embeddable":true,"href":"https:\/\/nautical.store\/fi\/wp-json\/wp\/v2\/product_cat?post=34914"},{"taxonomy":"product_tag","embeddable":true,"href":"https:\/\/nautical.store\/fi\/wp-json\/wp\/v2\/product_tag?post=34914"},{"taxonomy":"woo-feed-brand","embeddable":true,"href":"https:\/\/nautical.store\/fi\/wp-json\/wp\/v2\/woo-feed-brand?post=34914"}],"curies":[{"name":"wp","href":"https:\/\/api.w.org\/{rel}","templated":true}]}}