{"id":34963,"date":"2022-09-21T13:49:44","date_gmt":"2022-09-21T10:49:44","guid":{"rendered":"https:\/\/www.nautical.store\/toode\/urbis-jacket\/"},"modified":"2025-11-19T23:26:51","modified_gmt":"2025-11-19T21:26:51","slug":"takki-urbis","status":"publish","type":"product","link":"https:\/\/nautical.store\/fi\/tuote\/takki-urbis\/","title":{"rendered":"PelleP Urbis Untuvatakki"},"content":{"rendered":"<p><!--StartFragment --><\/p>\n<p>Miesten untuvatakki. Mukava p\u00e4\u00e4ll\u00e4 ja pit\u00e4\u00e4 l\u00e4mpim\u00e4n\u00e4!<\/p>\n<ul>\n<li>90\/10 untuvat\u00e4yte, 250 gsm<\/li>\n<li>RDS\u2011sertifioitu (\u201cResponsible Down Standard\u201d) untuva<\/li>\n<li>Irrotettava ja s\u00e4\u00e4dett\u00e4v\u00e4 huppu<\/li>\n<li>Kaksi etutaskua YYK\u2011vetoketjulla, yksi sis\u00e4tasku<\/li>\n<li>Pelle P kumilogo vasemmassa hihassa<\/li>\n<li>Normaali istuvuus<\/li>\n<\/ul>\n<p><!--EndFragment --><\/p>\n","protected":false},"excerpt":{"rendered":"<p>Kevyt ja l\u00e4mmin untuvatakki<\/p>\n","protected":false},"featured_media":34940,"template":"","meta":{"_acf_changed":false},"pwb-brand":[838],"product_brand":[],"product_cat":[876,777,2183,702],"product_tag":[],"woo-feed-brand":[],"class_list":{"0":"post-34963","1":"product","2":"type-product","3":"status-publish","4":"has-post-thumbnail","6":"pwb-brand-pelle-petterson-fi","7":"product_cat-edullinen-hinta-miehet-fi","8":"product_cat-miehet","9":"product_cat-outlet-fi","10":"product_cat-paallysvaatteet-miehet","12":"first","13":"instock","14":"sale","15":"taxable","16":"shipping-taxable","17":"purchasable","18":"product-type-variable","19":"wvs-archive-product-wrapper"},"acf":[],"brands":[{"id":838,"name":"Pelle Petterson","slug":"pelle-petterson-fi"}],"_links":{"self":[{"href":"https:\/\/nautical.store\/fi\/wp-json\/wp\/v2\/product\/34963","targetHints":{"allow":["GET"]}}],"collection":[{"href":"https:\/\/nautical.store\/fi\/wp-json\/wp\/v2\/product"}],"about":[{"href":"https:\/\/nautical.store\/fi\/wp-json\/wp\/v2\/types\/product"}],"wp:featuredmedia":[{"embeddable":true,"href":"https:\/\/nautical.store\/fi\/wp-json\/wp\/v2\/media\/34940"}],"wp:attachment":[{"href":"https:\/\/nautical.store\/fi\/wp-json\/wp\/v2\/media?parent=34963"}],"wp:term":[{"taxonomy":"pwb-brand","embeddable":true,"href":"https:\/\/nautical.store\/fi\/wp-json\/wp\/v2\/pwb-brand?post=34963"},{"taxonomy":"product_brand","embeddable":true,"href":"https:\/\/nautical.store\/fi\/wp-json\/wp\/v2\/product_brand?post=34963"},{"taxonomy":"product_cat","embeddable":true,"href":"https:\/\/nautical.store\/fi\/wp-json\/wp\/v2\/product_cat?post=34963"},{"taxonomy":"product_tag","embeddable":true,"href":"https:\/\/nautical.store\/fi\/wp-json\/wp\/v2\/product_tag?post=34963"},{"taxonomy":"woo-feed-brand","embeddable":true,"href":"https:\/\/nautical.store\/fi\/wp-json\/wp\/v2\/woo-feed-brand?post=34963"}],"curies":[{"name":"wp","href":"https:\/\/api.w.org\/{rel}","templated":true}]}}