{"id":35226,"date":"2022-09-23T16:40:09","date_gmt":"2022-09-23T13:40:09","guid":{"rendered":"https:\/\/www.nautical.store\/toode\/ruben-windproof\/"},"modified":"2023-10-20T14:04:33","modified_gmt":"2023-10-20T11:04:33","slug":"tuulenpitava-takki-ruben","status":"publish","type":"product","link":"https:\/\/nautical.store\/fi\/tuote\/tuulenpitava-takki-ruben\/","title":{"rendered":"Tuulenpit\u00e4v\u00e4 takki Ruben"},"content":{"rendered":"<p>Tuulenpit\u00e4v\u00e4 hupullinen villaneuletakki pehme\u00e4\u00e4 villasekoitetta. Kahteen suuntaan liikkuva metallinen YKK-vetoketju sivussa.<\/p>\n","protected":false},"excerpt":{"rendered":"<p>Tuulenpit\u00e4v\u00e4 hupullinen villaneuletakki pehme\u00e4\u00e4 villasekoitetta. Kahteen suuntaan liikkuva metallinen YKK-vetoketju sivussa.<\/p>\n","protected":false},"featured_media":35208,"template":"","meta":{"_acf_changed":false},"pwb-brand":[836],"product_brand":[],"product_cat":[777,706],"product_tag":[],"woo-feed-brand":[],"class_list":{"0":"post-35226","1":"product","2":"type-product","3":"status-publish","4":"has-post-thumbnail","6":"pwb-brand-holebrook-fi","7":"product_cat-miehet","8":"product_cat-tuulenpitavat-miehet","10":"first","11":"instock","12":"taxable","13":"shipping-taxable","14":"purchasable","15":"product-type-variable","16":"wvs-archive-product-wrapper"},"acf":[],"brands":[{"id":836,"name":"Holebrook","slug":"holebrook-fi"}],"_links":{"self":[{"href":"https:\/\/nautical.store\/fi\/wp-json\/wp\/v2\/product\/35226","targetHints":{"allow":["GET"]}}],"collection":[{"href":"https:\/\/nautical.store\/fi\/wp-json\/wp\/v2\/product"}],"about":[{"href":"https:\/\/nautical.store\/fi\/wp-json\/wp\/v2\/types\/product"}],"wp:featuredmedia":[{"embeddable":true,"href":"https:\/\/nautical.store\/fi\/wp-json\/wp\/v2\/media\/35208"}],"wp:attachment":[{"href":"https:\/\/nautical.store\/fi\/wp-json\/wp\/v2\/media?parent=35226"}],"wp:term":[{"taxonomy":"pwb-brand","embeddable":true,"href":"https:\/\/nautical.store\/fi\/wp-json\/wp\/v2\/pwb-brand?post=35226"},{"taxonomy":"product_brand","embeddable":true,"href":"https:\/\/nautical.store\/fi\/wp-json\/wp\/v2\/product_brand?post=35226"},{"taxonomy":"product_cat","embeddable":true,"href":"https:\/\/nautical.store\/fi\/wp-json\/wp\/v2\/product_cat?post=35226"},{"taxonomy":"product_tag","embeddable":true,"href":"https:\/\/nautical.store\/fi\/wp-json\/wp\/v2\/product_tag?post=35226"},{"taxonomy":"woo-feed-brand","embeddable":true,"href":"https:\/\/nautical.store\/fi\/wp-json\/wp\/v2\/woo-feed-brand?post=35226"}],"curies":[{"name":"wp","href":"https:\/\/api.w.org\/{rel}","templated":true}]}}