{"id":35253,"date":"2022-09-23T16:49:10","date_gmt":"2022-09-23T13:49:10","guid":{"rendered":"https:\/\/www.nautical.store\/toode\/w-plannard-tights\/"},"modified":"2025-10-16T11:41:40","modified_gmt":"2025-10-16T08:41:40","slug":"juokusutrikoot-n-plannard","status":"publish","type":"product","link":"https:\/\/nautical.store\/fi\/tuote\/juokusutrikoot-n-plannard\/","title":{"rendered":"PelleP -naisten Plannard-Fleecehousut"},"content":{"rendered":"<p><!--StartFragment --><\/p>\n<p>Plannard-housut \u2013 istuvat fleecehousut, jotka on valmistettu joustavasta Plannard Grid\u2122 -materiaalista. Kangas mukautuu liikkeisiisi, ja sen sis\u00e4inen verkkorakenne siirt\u00e4\u00e4 kosteuden tehokkaasti pois iholta, pit\u00e4en olosi kuivana ja l\u00e4mpim\u00e4n\u00e4. Housujen ulkopinta on sile\u00e4, ja oikeassa lahkeessa on heijastava yksityiskohta, joka parantaa n\u00e4kyvyytt\u00e4 h\u00e4m\u00e4r\u00e4ss\u00e4 ja pime\u00e4ss\u00e4.<\/p>\n<ul>\n<li>Materiaali: 100 % polyesteri<\/li>\n<li>PLANNARD GRID\u00ae nelisuuntainen joustokangas<\/li>\n<li>Siirt\u00e4\u00e4 kosteuden pois iholta<\/li>\n<li>Sile\u00e4 ulkopinta, verkkomainen sis\u00e4puoli ja kontrastipaneelit<\/li>\n<li>Vetoketjutasku takana \u2013 avaimille tai pienille tavaroille<\/li>\n<li>Heijastava Pelle P -logo oikeassa lahkeessa<\/li>\n<li>Normaali istuvuus (regular fit)<\/li>\n<\/ul>\n<p>&nbsp;<\/p>\n<p><!--EndFragment --><\/p>\n","protected":false},"excerpt":{"rendered":"<p>Mukavat ja hengitt\u00e4v\u00e4t urheiluhousut aktiiviseen liikkumiseen<\/p>\n","protected":false},"featured_media":86419,"template":"","meta":{"_acf_changed":false},"pwb-brand":[838],"product_brand":[],"product_cat":[640,1260,1262,726],"product_tag":[],"woo-feed-brand":[],"class_list":{"0":"post-35253","1":"product","2":"type-product","3":"status-publish","4":"has-post-thumbnail","6":"pwb-brand-pelle-petterson-fi","7":"product_cat-housut-fi","8":"product_cat-naisten-golfvaatteet","9":"product_cat-naisten-purjehdusvaatteet","10":"product_cat-tekniset-vaatteet-naiset","12":"first","13":"instock","14":"taxable","15":"shipping-taxable","16":"purchasable","17":"product-type-variable","18":"wvs-archive-product-wrapper"},"acf":[],"brands":[{"id":838,"name":"Pelle Petterson","slug":"pelle-petterson-fi"}],"_links":{"self":[{"href":"https:\/\/nautical.store\/fi\/wp-json\/wp\/v2\/product\/35253","targetHints":{"allow":["GET"]}}],"collection":[{"href":"https:\/\/nautical.store\/fi\/wp-json\/wp\/v2\/product"}],"about":[{"href":"https:\/\/nautical.store\/fi\/wp-json\/wp\/v2\/types\/product"}],"wp:featuredmedia":[{"embeddable":true,"href":"https:\/\/nautical.store\/fi\/wp-json\/wp\/v2\/media\/86419"}],"wp:attachment":[{"href":"https:\/\/nautical.store\/fi\/wp-json\/wp\/v2\/media?parent=35253"}],"wp:term":[{"taxonomy":"pwb-brand","embeddable":true,"href":"https:\/\/nautical.store\/fi\/wp-json\/wp\/v2\/pwb-brand?post=35253"},{"taxonomy":"product_brand","embeddable":true,"href":"https:\/\/nautical.store\/fi\/wp-json\/wp\/v2\/product_brand?post=35253"},{"taxonomy":"product_cat","embeddable":true,"href":"https:\/\/nautical.store\/fi\/wp-json\/wp\/v2\/product_cat?post=35253"},{"taxonomy":"product_tag","embeddable":true,"href":"https:\/\/nautical.store\/fi\/wp-json\/wp\/v2\/product_tag?post=35253"},{"taxonomy":"woo-feed-brand","embeddable":true,"href":"https:\/\/nautical.store\/fi\/wp-json\/wp\/v2\/woo-feed-brand?post=35253"}],"curies":[{"name":"wp","href":"https:\/\/api.w.org\/{rel}","templated":true}]}}