{"id":35279,"date":"2022-09-23T16:56:24","date_gmt":"2022-09-23T13:56:24","guid":{"rendered":"https:\/\/www.nautical.store\/toode\/plannard-tights-2\/"},"modified":"2023-12-20T16:14:35","modified_gmt":"2023-12-20T14:14:35","slug":"plannard-juoksutrikoot","status":"publish","type":"product","link":"https:\/\/nautical.store\/fi\/tuote\/plannard-juoksutrikoot\/","title":{"rendered":"Plannard Juoksutrikoot"},"content":{"rendered":"<p>Napakat trikoohousut on tehty Plannard Grid TM -kankaasta, joka liikkuu yhdess\u00e4 kanssasi. Materiaali poistaa tehokkaasti kosteutta kehosta, joten pysyt varmasti kuivana ja l\u00e4mpim\u00e4n\u00e4.<\/p>\n","protected":false},"excerpt":{"rendered":"<p>Napakat trikoohousut on tehty Plannard Grid TM -kankaasta, joka liikkuu yhdess\u00e4 kanssasi. Materiaali poistaa tehokkaasti kosteutta kehosta, joten pysyt varmasti kuivana ja l\u00e4mpim\u00e4n\u00e4.<\/p>\n","protected":false},"featured_media":35261,"template":"","meta":{"_acf_changed":false},"pwb-brand":[838],"product_brand":[],"product_cat":[610,1259,1261,682],"product_tag":[],"woo-feed-brand":[],"class_list":{"0":"post-35279","1":"product","2":"type-product","3":"status-publish","4":"has-post-thumbnail","6":"pwb-brand-pelle-petterson-fi","7":"product_cat-housut","8":"product_cat-miesten-golfvaatteet","9":"product_cat-miesten-purjehdusvaatteet","10":"product_cat-tekniset-vaatteet","12":"first","13":"instock","14":"taxable","15":"shipping-taxable","16":"purchasable","17":"product-type-variable","18":"wvs-archive-product-wrapper"},"acf":[],"brands":[{"id":838,"name":"Pelle Petterson","slug":"pelle-petterson-fi"}],"_links":{"self":[{"href":"https:\/\/nautical.store\/fi\/wp-json\/wp\/v2\/product\/35279","targetHints":{"allow":["GET"]}}],"collection":[{"href":"https:\/\/nautical.store\/fi\/wp-json\/wp\/v2\/product"}],"about":[{"href":"https:\/\/nautical.store\/fi\/wp-json\/wp\/v2\/types\/product"}],"wp:featuredmedia":[{"embeddable":true,"href":"https:\/\/nautical.store\/fi\/wp-json\/wp\/v2\/media\/35261"}],"wp:attachment":[{"href":"https:\/\/nautical.store\/fi\/wp-json\/wp\/v2\/media?parent=35279"}],"wp:term":[{"taxonomy":"pwb-brand","embeddable":true,"href":"https:\/\/nautical.store\/fi\/wp-json\/wp\/v2\/pwb-brand?post=35279"},{"taxonomy":"product_brand","embeddable":true,"href":"https:\/\/nautical.store\/fi\/wp-json\/wp\/v2\/product_brand?post=35279"},{"taxonomy":"product_cat","embeddable":true,"href":"https:\/\/nautical.store\/fi\/wp-json\/wp\/v2\/product_cat?post=35279"},{"taxonomy":"product_tag","embeddable":true,"href":"https:\/\/nautical.store\/fi\/wp-json\/wp\/v2\/product_tag?post=35279"},{"taxonomy":"woo-feed-brand","embeddable":true,"href":"https:\/\/nautical.store\/fi\/wp-json\/wp\/v2\/woo-feed-brand?post=35279"}],"curies":[{"name":"wp","href":"https:\/\/api.w.org\/{rel}","templated":true}]}}