{"id":35666,"date":"2022-09-30T14:10:12","date_gmt":"2022-09-30T11:10:12","guid":{"rendered":"https:\/\/www.nautical.store\/toode\/w-commodus-skirt\/"},"modified":"2025-12-09T22:40:03","modified_gmt":"2025-12-09T20:40:03","slug":"hame-n-commodus","status":"publish","type":"product","link":"https:\/\/nautical.store\/fi\/tuote\/hame-n-commodus\/","title":{"rendered":"PelleP Hame Commodus"},"content":{"rendered":"<p><!--StartFragment --><\/p>\n<p>L\u00e4mmin ja tuulenpit\u00e4v\u00e4 hame, joka avautuu sivuvetoketjulla. Sorona DuPont \u2011toppaus tuo lis\u00e4l\u00e4mp\u00f6\u00e4, ja 10 000 mm vedenpit\u00e4vyys tekee hameesta erinomaisen my\u00f6s kosteisiin olosuhteisiin. Voidaan k\u00e4ytt\u00e4\u00e4 housujen p\u00e4\u00e4ll\u00e4 lis\u00e4l\u00e4mmitt\u00e4v\u00e4n\u00e4 kerroksena.<\/p>\n<ul>\n<li>Sorona DuPont \u2011toppaus<\/li>\n<li>Vedenpit\u00e4vyys 10 000 mm<\/li>\n<li>Sivuvetoketju<\/li>\n<li>Sopii kerrospukeutumiseen<\/li>\n<\/ul>\n<p><!--EndFragment --><\/p>\n","protected":false},"excerpt":{"rendered":"<p><!--StartFragment --><\/p>\n<p>S\u00e4\u00e4nkest\u00e4v\u00e4 l\u00e4mmin hame<\/p>\n<p><!--EndFragment --><\/p>\n","protected":false},"featured_media":35656,"template":"","meta":{"_acf_changed":false},"pwb-brand":[838],"product_brand":[],"product_cat":[877,639,827,2183,617],"product_tag":[],"woo-feed-brand":[],"class_list":{"0":"post-35666","1":"product","2":"type-product","3":"status-publish","4":"has-post-thumbnail","6":"pwb-brand-pelle-petterson-fi","7":"product_cat-edullinen-hinta-naiset","8":"product_cat-hameet","9":"product_cat-naiset","10":"product_cat-outlet-fi","11":"product_cat-paallysvaatteet","13":"first","14":"instock","15":"sale","16":"taxable","17":"shipping-taxable","18":"purchasable","19":"product-type-variable","20":"wvs-archive-product-wrapper"},"acf":[],"brands":[{"id":838,"name":"Pelle Petterson","slug":"pelle-petterson-fi"}],"_links":{"self":[{"href":"https:\/\/nautical.store\/fi\/wp-json\/wp\/v2\/product\/35666","targetHints":{"allow":["GET"]}}],"collection":[{"href":"https:\/\/nautical.store\/fi\/wp-json\/wp\/v2\/product"}],"about":[{"href":"https:\/\/nautical.store\/fi\/wp-json\/wp\/v2\/types\/product"}],"wp:featuredmedia":[{"embeddable":true,"href":"https:\/\/nautical.store\/fi\/wp-json\/wp\/v2\/media\/35656"}],"wp:attachment":[{"href":"https:\/\/nautical.store\/fi\/wp-json\/wp\/v2\/media?parent=35666"}],"wp:term":[{"taxonomy":"pwb-brand","embeddable":true,"href":"https:\/\/nautical.store\/fi\/wp-json\/wp\/v2\/pwb-brand?post=35666"},{"taxonomy":"product_brand","embeddable":true,"href":"https:\/\/nautical.store\/fi\/wp-json\/wp\/v2\/product_brand?post=35666"},{"taxonomy":"product_cat","embeddable":true,"href":"https:\/\/nautical.store\/fi\/wp-json\/wp\/v2\/product_cat?post=35666"},{"taxonomy":"product_tag","embeddable":true,"href":"https:\/\/nautical.store\/fi\/wp-json\/wp\/v2\/product_tag?post=35666"},{"taxonomy":"woo-feed-brand","embeddable":true,"href":"https:\/\/nautical.store\/fi\/wp-json\/wp\/v2\/woo-feed-brand?post=35666"}],"curies":[{"name":"wp","href":"https:\/\/api.w.org\/{rel}","templated":true}]}}