{"id":35757,"date":"2022-10-10T11:27:49","date_gmt":"2022-10-10T08:27:49","guid":{"rendered":"https:\/\/www.nautical.store\/toode\/granso-socks\/"},"modified":"2023-09-29T13:34:39","modified_gmt":"2023-09-29T10:34:39","slug":"granso-sukat","status":"publish","type":"product","link":"https:\/\/nautical.store\/fi\/tuote\/granso-sukat\/","title":{"rendered":"Sukat Gr\u00e4ns\u00f6"},"content":{"rendered":"<p>Jacquard-villasekoitesukat kauniilla lumihiutalekuviolla. Pehme\u00e4 villasekoite pit\u00e4\u00e4 jalat l\u00e4mpimin\u00e4.<\/p>\n","protected":false},"excerpt":{"rendered":"<p>Jacquard-villasekoitesukat kauniilla lumihiutalekuviolla. Pehme\u00e4 villasekoite pit\u00e4\u00e4 jalat l\u00e4mpimin\u00e4.<\/p>\n","protected":false},"featured_media":35723,"template":"","meta":{"_acf_changed":false},"pwb-brand":[836],"product_brand":[],"product_cat":[629,877,827],"product_tag":[],"woo-feed-brand":[],"class_list":{"0":"post-35757","1":"product","2":"type-product","3":"status-publish","4":"has-post-thumbnail","6":"pwb-brand-holebrook-fi","7":"product_cat-asusteet-naiset","8":"product_cat-edullinen-hinta-naiset","9":"product_cat-naiset","11":"first","12":"outofstock","13":"sale","14":"taxable","15":"shipping-taxable","16":"purchasable","17":"product-type-variable","18":"wvs-archive-product-wrapper"},"acf":[],"brands":[{"id":836,"name":"Holebrook","slug":"holebrook-fi"}],"_links":{"self":[{"href":"https:\/\/nautical.store\/fi\/wp-json\/wp\/v2\/product\/35757","targetHints":{"allow":["GET"]}}],"collection":[{"href":"https:\/\/nautical.store\/fi\/wp-json\/wp\/v2\/product"}],"about":[{"href":"https:\/\/nautical.store\/fi\/wp-json\/wp\/v2\/types\/product"}],"wp:featuredmedia":[{"embeddable":true,"href":"https:\/\/nautical.store\/fi\/wp-json\/wp\/v2\/media\/35723"}],"wp:attachment":[{"href":"https:\/\/nautical.store\/fi\/wp-json\/wp\/v2\/media?parent=35757"}],"wp:term":[{"taxonomy":"pwb-brand","embeddable":true,"href":"https:\/\/nautical.store\/fi\/wp-json\/wp\/v2\/pwb-brand?post=35757"},{"taxonomy":"product_brand","embeddable":true,"href":"https:\/\/nautical.store\/fi\/wp-json\/wp\/v2\/product_brand?post=35757"},{"taxonomy":"product_cat","embeddable":true,"href":"https:\/\/nautical.store\/fi\/wp-json\/wp\/v2\/product_cat?post=35757"},{"taxonomy":"product_tag","embeddable":true,"href":"https:\/\/nautical.store\/fi\/wp-json\/wp\/v2\/product_tag?post=35757"},{"taxonomy":"woo-feed-brand","embeddable":true,"href":"https:\/\/nautical.store\/fi\/wp-json\/wp\/v2\/woo-feed-brand?post=35757"}],"curies":[{"name":"wp","href":"https:\/\/api.w.org\/{rel}","templated":true}]}}