{"id":36059,"date":"2022-10-14T12:22:50","date_gmt":"2022-10-14T09:22:50","guid":{"rendered":"https:\/\/www.nautical.store\/toode\/arolla-jacket\/"},"modified":"2026-01-22T17:55:47","modified_gmt":"2026-01-22T15:55:47","slug":"arolla-takki","status":"publish","type":"product","link":"https:\/\/nautical.store\/fi\/tuote\/arolla-takki\/","title":{"rendered":"PelleP Arolla Untuvatakki"},"content":{"rendered":"<p><!--StartFragment --><\/p>\n<p>Tuulen- ja sateenkest\u00e4v\u00e4 miesten takki. Kevyt ja eritt\u00e4in miellytt\u00e4v\u00e4 p\u00e4\u00e4ll\u00e4.<\/p>\n<ul>\n<li>Joustava materiaali lis\u00e4\u00e4 k\u00e4ytt\u00f6mukavuutta ja liikkumisvapautta<\/li>\n<li>Vedenpit\u00e4v\u00e4<\/li>\n<li>Tuulenpit\u00e4v\u00e4<\/li>\n<li>RDS-sertifioitu untuvat\u00e4yte tikatuissa osissa edess\u00e4 ja takana<\/li>\n<li>Sorona\u2011pehmuste hihoissa, sivuissa ja kauluksessa<\/li>\n<li>Kaksi vetoketjullista etutaskua, yksi vetoketjullinen rintatasku ja kaksi sis\u00e4taskua<\/li>\n<li>Normaali istuvuus<\/li>\n<li>Mukana s\u00e4ilytyspussi (30 \u00d7 23 cm), johon takki mahtuu<\/li>\n<\/ul>\n<p><!--EndFragment --><\/p>\n","protected":false},"excerpt":{"rendered":"<p>Kevyt ja l\u00e4mmin takki<\/p>\n","protected":false},"featured_media":36020,"template":"","meta":{"_acf_changed":false},"pwb-brand":[838],"product_brand":[],"product_cat":[876,777,2183,702],"product_tag":[],"woo-feed-brand":[],"class_list":{"0":"post-36059","1":"product","2":"type-product","3":"status-publish","4":"has-post-thumbnail","6":"pwb-brand-pelle-petterson-fi","7":"product_cat-edullinen-hinta-miehet-fi","8":"product_cat-miehet","9":"product_cat-outlet-fi","10":"product_cat-paallysvaatteet-miehet","12":"first","13":"instock","14":"sale","15":"taxable","16":"shipping-taxable","17":"purchasable","18":"product-type-variable","19":"wvs-archive-product-wrapper"},"acf":[],"brands":[{"id":838,"name":"Pelle Petterson","slug":"pelle-petterson-fi"}],"_links":{"self":[{"href":"https:\/\/nautical.store\/fi\/wp-json\/wp\/v2\/product\/36059","targetHints":{"allow":["GET"]}}],"collection":[{"href":"https:\/\/nautical.store\/fi\/wp-json\/wp\/v2\/product"}],"about":[{"href":"https:\/\/nautical.store\/fi\/wp-json\/wp\/v2\/types\/product"}],"wp:featuredmedia":[{"embeddable":true,"href":"https:\/\/nautical.store\/fi\/wp-json\/wp\/v2\/media\/36020"}],"wp:attachment":[{"href":"https:\/\/nautical.store\/fi\/wp-json\/wp\/v2\/media?parent=36059"}],"wp:term":[{"taxonomy":"pwb-brand","embeddable":true,"href":"https:\/\/nautical.store\/fi\/wp-json\/wp\/v2\/pwb-brand?post=36059"},{"taxonomy":"product_brand","embeddable":true,"href":"https:\/\/nautical.store\/fi\/wp-json\/wp\/v2\/product_brand?post=36059"},{"taxonomy":"product_cat","embeddable":true,"href":"https:\/\/nautical.store\/fi\/wp-json\/wp\/v2\/product_cat?post=36059"},{"taxonomy":"product_tag","embeddable":true,"href":"https:\/\/nautical.store\/fi\/wp-json\/wp\/v2\/product_tag?post=36059"},{"taxonomy":"woo-feed-brand","embeddable":true,"href":"https:\/\/nautical.store\/fi\/wp-json\/wp\/v2\/woo-feed-brand?post=36059"}],"curies":[{"name":"wp","href":"https:\/\/api.w.org\/{rel}","templated":true}]}}