{"id":36313,"date":"2022-11-03T17:23:17","date_gmt":"2022-11-03T15:23:17","guid":{"rendered":"https:\/\/www.nautical.store\/toode\/gunborg-blazer\/"},"modified":"2025-06-25T23:04:00","modified_gmt":"2025-06-25T20:04:00","slug":"gunborg-bleiseri","status":"publish","type":"product","link":"https:\/\/nautical.store\/fi\/tuote\/gunborg-bleiseri\/","title":{"rendered":"Bleiseri Gunborg"},"content":{"rendered":"<p>Klassinen ja tyylik\u00e4s bleiseri ihanaa villasekoitettamme. Bleiseriss\u00e4 on viimeistelem\u00e4tt\u00f6m\u00e4t helmat, kolme Coroso-nappia ja kaksi p\u00e4\u00e4lle ommeltua taskua. Sopii hyvin paidan tai mekon p\u00e4\u00e4lle vuodenajasta riippumatta tai alkusyksyn p\u00e4\u00e4llystakiksi.<\/p>\n","protected":false},"excerpt":{"rendered":"<p>Klassinen ja tyylik\u00e4s bleiseri ihanaa villasekoitettamme. Bleiseriss\u00e4 on viimeistelem\u00e4tt\u00f6m\u00e4t helmat, kolme Coroso-nappia ja kaksi p\u00e4\u00e4lle ommeltua taskua. Sopii hyvin paidan tai mekon p\u00e4\u00e4lle vuodenajasta riippumatta tai alkusyksyn p\u00e4\u00e4llystakiksi.<\/p>\n","protected":false},"featured_media":36291,"template":"","meta":{"_acf_changed":false},"pwb-brand":[836],"product_brand":[],"product_cat":[877,827,601],"product_tag":[],"woo-feed-brand":[],"class_list":{"0":"post-36313","1":"product","2":"type-product","3":"status-publish","4":"has-post-thumbnail","6":"pwb-brand-holebrook-fi","7":"product_cat-edullinen-hinta-naiset","8":"product_cat-naiset","9":"product_cat-neuleet","11":"first","12":"instock","13":"sale","14":"taxable","15":"shipping-taxable","16":"purchasable","17":"product-type-variable","18":"wvs-archive-product-wrapper"},"acf":[],"brands":[{"id":836,"name":"Holebrook","slug":"holebrook-fi"}],"_links":{"self":[{"href":"https:\/\/nautical.store\/fi\/wp-json\/wp\/v2\/product\/36313","targetHints":{"allow":["GET"]}}],"collection":[{"href":"https:\/\/nautical.store\/fi\/wp-json\/wp\/v2\/product"}],"about":[{"href":"https:\/\/nautical.store\/fi\/wp-json\/wp\/v2\/types\/product"}],"wp:featuredmedia":[{"embeddable":true,"href":"https:\/\/nautical.store\/fi\/wp-json\/wp\/v2\/media\/36291"}],"wp:attachment":[{"href":"https:\/\/nautical.store\/fi\/wp-json\/wp\/v2\/media?parent=36313"}],"wp:term":[{"taxonomy":"pwb-brand","embeddable":true,"href":"https:\/\/nautical.store\/fi\/wp-json\/wp\/v2\/pwb-brand?post=36313"},{"taxonomy":"product_brand","embeddable":true,"href":"https:\/\/nautical.store\/fi\/wp-json\/wp\/v2\/product_brand?post=36313"},{"taxonomy":"product_cat","embeddable":true,"href":"https:\/\/nautical.store\/fi\/wp-json\/wp\/v2\/product_cat?post=36313"},{"taxonomy":"product_tag","embeddable":true,"href":"https:\/\/nautical.store\/fi\/wp-json\/wp\/v2\/product_tag?post=36313"},{"taxonomy":"woo-feed-brand","embeddable":true,"href":"https:\/\/nautical.store\/fi\/wp-json\/wp\/v2\/woo-feed-brand?post=36313"}],"curies":[{"name":"wp","href":"https:\/\/api.w.org\/{rel}","templated":true}]}}