{"id":36346,"date":"2022-11-03T17:33:11","date_gmt":"2022-11-03T15:33:11","guid":{"rendered":"https:\/\/www.nautical.store\/toode\/bosun-shirt\/"},"modified":"2023-10-18T15:59:05","modified_gmt":"2023-10-18T12:59:05","slug":"bosun-paita","status":"publish","type":"product","link":"https:\/\/nautical.store\/fi\/tuote\/bosun-paita\/","title":{"rendered":"Paita Bosun"},"content":{"rendered":"<p>Bosun on rento puuvillapaita, jota voi k\u00e4ytt\u00e4\u00e4 joko yksin tai muiden vaatteiden p\u00e4\u00e4ll\u00e4. Klassinen malli ja napilliset rintataskut.<\/p>\n","protected":false},"excerpt":{"rendered":"<p>Bosun on rento puuvillapaita, jota voi k\u00e4ytt\u00e4\u00e4 joko yksin tai muiden vaatteiden p\u00e4\u00e4ll\u00e4. Klassinen malli ja napilliset rintataskut.<\/p>\n","protected":false},"featured_media":36321,"template":"","meta":{"_acf_changed":false},"pwb-brand":[838],"product_brand":[],"product_cat":[876,777,633],"product_tag":[],"woo-feed-brand":[],"class_list":{"0":"post-36346","1":"product","2":"type-product","3":"status-publish","4":"has-post-thumbnail","6":"pwb-brand-pelle-petterson-fi","7":"product_cat-edullinen-hinta-miehet-fi","8":"product_cat-miehet","9":"product_cat-paidat-fi","11":"first","12":"instock","13":"sale","14":"taxable","15":"shipping-taxable","16":"purchasable","17":"product-type-variable","18":"wvs-archive-product-wrapper"},"acf":[],"brands":[{"id":838,"name":"Pelle Petterson","slug":"pelle-petterson-fi"}],"_links":{"self":[{"href":"https:\/\/nautical.store\/fi\/wp-json\/wp\/v2\/product\/36346","targetHints":{"allow":["GET"]}}],"collection":[{"href":"https:\/\/nautical.store\/fi\/wp-json\/wp\/v2\/product"}],"about":[{"href":"https:\/\/nautical.store\/fi\/wp-json\/wp\/v2\/types\/product"}],"wp:featuredmedia":[{"embeddable":true,"href":"https:\/\/nautical.store\/fi\/wp-json\/wp\/v2\/media\/36321"}],"wp:attachment":[{"href":"https:\/\/nautical.store\/fi\/wp-json\/wp\/v2\/media?parent=36346"}],"wp:term":[{"taxonomy":"pwb-brand","embeddable":true,"href":"https:\/\/nautical.store\/fi\/wp-json\/wp\/v2\/pwb-brand?post=36346"},{"taxonomy":"product_brand","embeddable":true,"href":"https:\/\/nautical.store\/fi\/wp-json\/wp\/v2\/product_brand?post=36346"},{"taxonomy":"product_cat","embeddable":true,"href":"https:\/\/nautical.store\/fi\/wp-json\/wp\/v2\/product_cat?post=36346"},{"taxonomy":"product_tag","embeddable":true,"href":"https:\/\/nautical.store\/fi\/wp-json\/wp\/v2\/product_tag?post=36346"},{"taxonomy":"woo-feed-brand","embeddable":true,"href":"https:\/\/nautical.store\/fi\/wp-json\/wp\/v2\/woo-feed-brand?post=36346"}],"curies":[{"name":"wp","href":"https:\/\/api.w.org\/{rel}","templated":true}]}}