{"id":38006,"date":"2023-02-08T13:20:44","date_gmt":"2023-02-08T11:20:44","guid":{"rendered":"https:\/\/www.nautical.store\/toode\/jannike-windproof\/"},"modified":"2023-09-30T18:03:50","modified_gmt":"2023-09-30T15:03:50","slug":"jannike-takki","status":"publish","type":"product","link":"https:\/\/nautical.store\/fi\/tuote\/jannike-takki\/","title":{"rendered":"Tuulenkest\u00e4v\u00e4 takki Jannike"},"content":{"rendered":"<p>Tuulenkest\u00e4v\u00e4 takki puuvillaa, jossa on vahvikkeet. Korkea nappikauus ja sivutaskut.<\/p>\n","protected":false},"excerpt":{"rendered":"<p>Tuulenkest\u00e4v\u00e4 takki puuvillaa, jossa on vahvikkeet. Korkea nappikauus ja sivutaskut.<\/p>\n","protected":false},"featured_media":37976,"template":"","meta":{"_acf_changed":false},"pwb-brand":[836],"product_brand":[],"product_cat":[1263,710],"product_tag":[],"woo-feed-brand":[],"class_list":{"0":"post-38006","1":"product","2":"type-product","3":"status-publish","4":"has-post-thumbnail","6":"pwb-brand-holebrook-fi","7":"product_cat-naisten-tuulenkestava-takki","8":"product_cat-tuulenpitavat-naiset","10":"first","11":"instock","12":"sale","13":"taxable","14":"shipping-taxable","15":"purchasable","16":"product-type-variable","17":"wvs-archive-product-wrapper"},"acf":[],"brands":[{"id":836,"name":"Holebrook","slug":"holebrook-fi"}],"_links":{"self":[{"href":"https:\/\/nautical.store\/fi\/wp-json\/wp\/v2\/product\/38006","targetHints":{"allow":["GET"]}}],"collection":[{"href":"https:\/\/nautical.store\/fi\/wp-json\/wp\/v2\/product"}],"about":[{"href":"https:\/\/nautical.store\/fi\/wp-json\/wp\/v2\/types\/product"}],"wp:featuredmedia":[{"embeddable":true,"href":"https:\/\/nautical.store\/fi\/wp-json\/wp\/v2\/media\/37976"}],"wp:attachment":[{"href":"https:\/\/nautical.store\/fi\/wp-json\/wp\/v2\/media?parent=38006"}],"wp:term":[{"taxonomy":"pwb-brand","embeddable":true,"href":"https:\/\/nautical.store\/fi\/wp-json\/wp\/v2\/pwb-brand?post=38006"},{"taxonomy":"product_brand","embeddable":true,"href":"https:\/\/nautical.store\/fi\/wp-json\/wp\/v2\/product_brand?post=38006"},{"taxonomy":"product_cat","embeddable":true,"href":"https:\/\/nautical.store\/fi\/wp-json\/wp\/v2\/product_cat?post=38006"},{"taxonomy":"product_tag","embeddable":true,"href":"https:\/\/nautical.store\/fi\/wp-json\/wp\/v2\/product_tag?post=38006"},{"taxonomy":"woo-feed-brand","embeddable":true,"href":"https:\/\/nautical.store\/fi\/wp-json\/wp\/v2\/woo-feed-brand?post=38006"}],"curies":[{"name":"wp","href":"https:\/\/api.w.org\/{rel}","templated":true}]}}