{"id":38264,"date":"2023-02-09T10:23:34","date_gmt":"2023-02-09T08:23:34","guid":{"rendered":"https:\/\/www.nautical.store\/toode\/cajsa-sweater\/"},"modified":"2026-02-18T21:19:36","modified_gmt":"2026-02-18T19:19:36","slug":"cajsa-neule","status":"publish","type":"product","link":"https:\/\/nautical.store\/fi\/tuote\/cajsa-neule\/","title":{"rendered":"Cajsa Neule"},"content":{"rendered":"<p><!--StartFragment --><\/p>\n<p>Neulepusero pitkill\u00e4 hihoilla, valmistettu pehme\u00e4st\u00e4 merinovillasekoitteesta. Vapaasti laskeutuva malli, jossa on matalat olkasaumat. Suora p\u00e4\u00e4ntie ja pelkistetyt viimeistelyt. Valmistettu Euroopassa kest\u00e4v\u00e4ll\u00e4 tavalla.<\/p>\n<ul>\n<li>Pehme\u00e4 merinovillasekoite: 75 % extra fine -merinovillaa \/ 25 % polyamidia<\/li>\n<li>Matalat olkasaumat<\/li>\n<li>Suorat 7\/8-pituiset hihat<\/li>\n<li>V\u00e4lj\u00e4 istuvuus<\/li>\n<li>Valmistettu Euroopassa<\/li>\n<li>K\u00e4sinpesu nurinp\u00e4in miedolla pesuaineella \u2013 enimm\u00e4iskutistuminen 5 %<\/li>\n<\/ul>\n<p><!--EndFragment --><\/p>\n","protected":false},"excerpt":{"rendered":"<p>Neulepusero pitkill\u00e4 hihoilla, valmistettu pehme\u00e4st\u00e4 merinovillasekoitteesta. Vapaasti laskeutuva malli, jossa on matalat olkasaumat. Suora p\u00e4\u00e4ntie ja pelkistetyt viimeistelyt. Valmistettu Euroopassa kest\u00e4v\u00e4ll\u00e4 tavalla. Pehme\u00e4 merinovillasekoite: 75 % extra fine -merinovillaa \/ 25 % polyamidia Matalat olkasaumat Suorat 7\/8-pituiset hihat V\u00e4lj\u00e4 istuvuus Valmistettu Euroopassa K\u00e4sinpesu nurinp\u00e4in miedolla pesuaineella \u2013 enimm\u00e4iskutistuminen 5 %<\/p>\n","protected":false},"featured_media":90088,"template":"","meta":{"_acf_changed":false},"pwb-brand":[836],"product_brand":[],"product_cat":[877,827,601],"product_tag":[],"woo-feed-brand":[],"class_list":{"0":"post-38264","1":"product","2":"type-product","3":"status-publish","4":"has-post-thumbnail","6":"pwb-brand-holebrook-fi","7":"product_cat-edullinen-hinta-naiset","8":"product_cat-naiset","9":"product_cat-neuleet","11":"first","12":"instock","13":"sale","14":"taxable","15":"shipping-taxable","16":"purchasable","17":"product-type-variable","18":"wvs-archive-product-wrapper"},"acf":[],"brands":[{"id":836,"name":"Holebrook","slug":"holebrook-fi"}],"_links":{"self":[{"href":"https:\/\/nautical.store\/fi\/wp-json\/wp\/v2\/product\/38264","targetHints":{"allow":["GET"]}}],"collection":[{"href":"https:\/\/nautical.store\/fi\/wp-json\/wp\/v2\/product"}],"about":[{"href":"https:\/\/nautical.store\/fi\/wp-json\/wp\/v2\/types\/product"}],"wp:featuredmedia":[{"embeddable":true,"href":"https:\/\/nautical.store\/fi\/wp-json\/wp\/v2\/media\/90088"}],"wp:attachment":[{"href":"https:\/\/nautical.store\/fi\/wp-json\/wp\/v2\/media?parent=38264"}],"wp:term":[{"taxonomy":"pwb-brand","embeddable":true,"href":"https:\/\/nautical.store\/fi\/wp-json\/wp\/v2\/pwb-brand?post=38264"},{"taxonomy":"product_brand","embeddable":true,"href":"https:\/\/nautical.store\/fi\/wp-json\/wp\/v2\/product_brand?post=38264"},{"taxonomy":"product_cat","embeddable":true,"href":"https:\/\/nautical.store\/fi\/wp-json\/wp\/v2\/product_cat?post=38264"},{"taxonomy":"product_tag","embeddable":true,"href":"https:\/\/nautical.store\/fi\/wp-json\/wp\/v2\/product_tag?post=38264"},{"taxonomy":"woo-feed-brand","embeddable":true,"href":"https:\/\/nautical.store\/fi\/wp-json\/wp\/v2\/woo-feed-brand?post=38264"}],"curies":[{"name":"wp","href":"https:\/\/api.w.org\/{rel}","templated":true}]}}