{"id":40408,"date":"2023-03-18T13:05:06","date_gmt":"2023-03-18T11:05:06","guid":{"rendered":"https:\/\/www.nautical.store\/?post_type=product&#038;p=40408"},"modified":"2026-04-07T00:00:02","modified_gmt":"2026-04-06T21:00:02","slug":"1200-housut-2","status":"publish","type":"product","link":"https:\/\/nautical.store\/fi\/tuote\/1200-housut-2\/","title":{"rendered":"PelleP 1200+ Housut, Pidempi Malli"},"content":{"rendered":"<p>1200+\u2011housut ovat pidemm\u00e4n malliset ja vett\u00e4hylkiv\u00e4ll\u00e4 pinnalla. Niit\u00e4 on vahvistettu juuri niiss\u00e4 kohdissa, joissa kest\u00e4vyytt\u00e4 tarvitaan eniten \u2013 polvissa ja takapuolella. Housuissa on tilavat etutaskut, kaksi vetoketjullista lahjetaskua ja kaksi piilotetulla vetoketjulla suljettavaa takataskua. T\u00e4ydelliset housut jokap\u00e4iv\u00e4iseen k\u00e4ytt\u00f6\u00f6n.<\/p>\n<ul>\n<li>P\u00e4\u00e4materiaali: 89 % nailonia, 11 % elastaania<\/li>\n<li>Vahvikemateriaali: XYRPLEX\u2122 72 % nailonia, 14 % polyesteri\u00e4, 14 % elastaania<\/li>\n<li>Vett\u00e4hylkiv\u00e4 ja nopeasti kuivuva joustokangas XYRPLEX\u2122\u2011vahvikkeet<\/li>\n<li>Kontrastiv\u00e4riset, joustavat vahvikkeet<\/li>\n<li>Tilavat etutaskut<\/li>\n<li>Kaksi vetoketjullista lahjetaskua<\/li>\n<li>Kaksi piilotetulla vetoketjulla suljettavaa takataskua<\/li>\n<li>Vetoketjullinen etukiinnitys<\/li>\n<li>Kontrastiv\u00e4riset bartack\u2011ompeleet<\/li>\n<li>Pelle P \u2011kirjailu vasemmassa lahkeessa ja takavy\u00f6lenkiss\u00e4<\/li>\n<li>&#8221;Navigare necesse est&#8221; \u2011painatus vy\u00f6t\u00e4r\u00f6n sis\u00e4puolella<\/li>\n<li>Mukana Pelle P \u2011vy\u00f6<\/li>\n<\/ul>\n<p>Lahkeen sis\u00e4pituus: M: 77 cm L: 79 cm XL: 81 cm XXL: 83 cm<\/p>\n<div><\/div>\n<p><span class=\"Y2IQFc\" lang=\"fi\">\u00a0<\/span><\/p>\n","protected":false},"excerpt":{"rendered":"<p>Pidempi pituus<\/p>\n","protected":false},"featured_media":7589,"template":"","meta":{"_acf_changed":false},"pwb-brand":[838],"product_brand":[],"product_cat":[610,777,1261,770,1269,682],"product_tag":[],"woo-feed-brand":[],"class_list":{"0":"post-40408","1":"product","2":"type-product","3":"status-publish","4":"has-post-thumbnail","6":"pwb-brand-pelle-petterson-fi","7":"product_cat-housut","8":"product_cat-miehet","9":"product_cat-miesten-purjehdusvaatteet","10":"product_cat-pitkat-housut","11":"product_cat-purjehdus","12":"product_cat-tekniset-vaatteet","14":"first","15":"instock","16":"taxable","17":"shipping-taxable","18":"purchasable","19":"product-type-variable","20":"wvs-archive-product-wrapper"},"acf":[],"brands":[{"id":838,"name":"Pelle Petterson","slug":"pelle-petterson-fi"}],"_links":{"self":[{"href":"https:\/\/nautical.store\/fi\/wp-json\/wp\/v2\/product\/40408","targetHints":{"allow":["GET"]}}],"collection":[{"href":"https:\/\/nautical.store\/fi\/wp-json\/wp\/v2\/product"}],"about":[{"href":"https:\/\/nautical.store\/fi\/wp-json\/wp\/v2\/types\/product"}],"wp:featuredmedia":[{"embeddable":true,"href":"https:\/\/nautical.store\/fi\/wp-json\/wp\/v2\/media\/7589"}],"wp:attachment":[{"href":"https:\/\/nautical.store\/fi\/wp-json\/wp\/v2\/media?parent=40408"}],"wp:term":[{"taxonomy":"pwb-brand","embeddable":true,"href":"https:\/\/nautical.store\/fi\/wp-json\/wp\/v2\/pwb-brand?post=40408"},{"taxonomy":"product_brand","embeddable":true,"href":"https:\/\/nautical.store\/fi\/wp-json\/wp\/v2\/product_brand?post=40408"},{"taxonomy":"product_cat","embeddable":true,"href":"https:\/\/nautical.store\/fi\/wp-json\/wp\/v2\/product_cat?post=40408"},{"taxonomy":"product_tag","embeddable":true,"href":"https:\/\/nautical.store\/fi\/wp-json\/wp\/v2\/product_tag?post=40408"},{"taxonomy":"woo-feed-brand","embeddable":true,"href":"https:\/\/nautical.store\/fi\/wp-json\/wp\/v2\/woo-feed-brand?post=40408"}],"curies":[{"name":"wp","href":"https:\/\/api.w.org\/{rel}","templated":true}]}}