{"id":44117,"date":"2023-07-20T10:06:45","date_gmt":"2023-07-20T07:06:45","guid":{"rendered":"https:\/\/www.nautical.store\/toode\/daniel-shorts\/"},"modified":"2026-01-09T22:48:51","modified_gmt":"2026-01-09T20:48:51","slug":"daniel-shortsit","status":"publish","type":"product","link":"https:\/\/nautical.store\/fi\/tuote\/daniel-shortsit\/","title":{"rendered":"Daniel Shortsit"},"content":{"rendered":"<p><!--StartFragment --><\/p>\n<p>Lyhyet puuvillakankaiset housut. Yksinkertainen ja ajaton design.<\/p>\n<p>Materiaali: 97 % puuvilla, 3 % elastaani<\/p>\n<ul>\n<li>Sivutaskut<\/li>\n<li>Piilotettu kiristysnauha vy\u00f6t\u00e4r\u00f6ll\u00e4<\/li>\n<li>Kaksi takataskua<\/li>\n<li>Normaali istuvuus<\/li>\n<\/ul>\n<p><!--EndFragment --><\/p>\n","protected":false},"excerpt":{"rendered":"<p>Lyhyet puuvillakankaiset housut. Yksinkertainen ja ajaton design. Materiaali: 97 % puuvilla, 3 % elastaani Sivutaskut Piilotettu kiristysnauha vy\u00f6t\u00e4r\u00f6ll\u00e4 Kaksi takataskua Normaali istuvuus<\/p>\n","protected":false},"featured_media":44095,"template":"","meta":{"_acf_changed":false},"pwb-brand":[836],"product_brand":[],"product_cat":[876,610,777],"product_tag":[],"woo-feed-brand":[],"class_list":{"0":"post-44117","1":"product","2":"type-product","3":"status-publish","4":"has-post-thumbnail","6":"pwb-brand-holebrook-fi","7":"product_cat-edullinen-hinta-miehet-fi","8":"product_cat-housut","9":"product_cat-miehet","11":"first","12":"instock","13":"sale","14":"taxable","15":"shipping-taxable","16":"purchasable","17":"product-type-variable","18":"wvs-archive-product-wrapper"},"acf":[],"brands":[{"id":836,"name":"Holebrook","slug":"holebrook-fi"}],"_links":{"self":[{"href":"https:\/\/nautical.store\/fi\/wp-json\/wp\/v2\/product\/44117","targetHints":{"allow":["GET"]}}],"collection":[{"href":"https:\/\/nautical.store\/fi\/wp-json\/wp\/v2\/product"}],"about":[{"href":"https:\/\/nautical.store\/fi\/wp-json\/wp\/v2\/types\/product"}],"wp:featuredmedia":[{"embeddable":true,"href":"https:\/\/nautical.store\/fi\/wp-json\/wp\/v2\/media\/44095"}],"wp:attachment":[{"href":"https:\/\/nautical.store\/fi\/wp-json\/wp\/v2\/media?parent=44117"}],"wp:term":[{"taxonomy":"pwb-brand","embeddable":true,"href":"https:\/\/nautical.store\/fi\/wp-json\/wp\/v2\/pwb-brand?post=44117"},{"taxonomy":"product_brand","embeddable":true,"href":"https:\/\/nautical.store\/fi\/wp-json\/wp\/v2\/product_brand?post=44117"},{"taxonomy":"product_cat","embeddable":true,"href":"https:\/\/nautical.store\/fi\/wp-json\/wp\/v2\/product_cat?post=44117"},{"taxonomy":"product_tag","embeddable":true,"href":"https:\/\/nautical.store\/fi\/wp-json\/wp\/v2\/product_tag?post=44117"},{"taxonomy":"woo-feed-brand","embeddable":true,"href":"https:\/\/nautical.store\/fi\/wp-json\/wp\/v2\/woo-feed-brand?post=44117"}],"curies":[{"name":"wp","href":"https:\/\/api.w.org\/{rel}","templated":true}]}}