{"id":44497,"date":"2023-07-20T11:43:27","date_gmt":"2023-07-20T08:43:27","guid":{"rendered":"https:\/\/www.nautical.store\/toode\/w-linen-breeze-shirt\/"},"modified":"2026-04-06T11:54:08","modified_gmt":"2026-04-06T08:54:08","slug":"breeze-liinavaatteet-paita","status":"publish","type":"product","link":"https:\/\/nautical.store\/fi\/tuote\/breeze-liinavaatteet-paita\/","title":{"rendered":"PelleP Pellavapaita Breeze"},"content":{"rendered":"<p>Meid\u00e4n Linen Breeze \u2011paita on valmistettu pehme\u00e4st\u00e4 ja ilmavasta 100 % pellavakankaasta. Oversize\u2011mitoituksinen paita on pienell\u00e4 kauluksella ja sopii yht\u00e4 hyvin toimistoon farkkujen kanssa kuin satamaan shortsien pariksi \u2013 kevyt ja mukava kes\u00e4valinta jokaiseen p\u00e4iv\u00e4\u00e4n. Jos pid\u00e4t v\u00e4hemm\u00e4n oversize\u2011mallista, valitse yksi koko pienempi.<\/p>\n<ul>\n<li>Materiaalit: 100 % pellava<\/li>\n<li>Pehme\u00e4 ja ilmava pellavakangas<\/li>\n<li>Relaxed\u2011tyylinen istuvuus<\/li>\n<li>Tasaiset kaksoistikkaukset<\/li>\n<li>Sel\u00e4ss\u00e4 olkasauman alla laskostettu box\u2011laskos<\/li>\n<li>Kontrastiv\u00e4riset bartack\u2011ompeleet<\/li>\n<li>Pelle P \u2011muovinapit edess\u00e4 ja hihansuissa<\/li>\n<li>P\u2011logokirjailu sel\u00e4ss\u00e4 ja rinnassa<\/li>\n<li>Navigare necesse est \u2011kirjailu kauluksen sis\u00e4puolella<\/li>\n<\/ul>\n","protected":false},"excerpt":{"rendered":"<p>Kevyt ja ilmava pellavapaita<\/p>\n","protected":false},"featured_media":94484,"template":"","meta":{"_acf_changed":false},"pwb-brand":[838],"product_brand":[],"product_cat":[827,590],"product_tag":[],"woo-feed-brand":[],"class_list":{"0":"post-44497","1":"product","2":"type-product","3":"status-publish","4":"has-post-thumbnail","6":"pwb-brand-pelle-petterson-fi","7":"product_cat-naiset","8":"product_cat-paidat","10":"first","11":"instock","12":"taxable","13":"shipping-taxable","14":"purchasable","15":"product-type-variable","16":"wvs-archive-product-wrapper"},"acf":[],"brands":[{"id":838,"name":"Pelle Petterson","slug":"pelle-petterson-fi"}],"_links":{"self":[{"href":"https:\/\/nautical.store\/fi\/wp-json\/wp\/v2\/product\/44497","targetHints":{"allow":["GET"]}}],"collection":[{"href":"https:\/\/nautical.store\/fi\/wp-json\/wp\/v2\/product"}],"about":[{"href":"https:\/\/nautical.store\/fi\/wp-json\/wp\/v2\/types\/product"}],"wp:featuredmedia":[{"embeddable":true,"href":"https:\/\/nautical.store\/fi\/wp-json\/wp\/v2\/media\/94484"}],"wp:attachment":[{"href":"https:\/\/nautical.store\/fi\/wp-json\/wp\/v2\/media?parent=44497"}],"wp:term":[{"taxonomy":"pwb-brand","embeddable":true,"href":"https:\/\/nautical.store\/fi\/wp-json\/wp\/v2\/pwb-brand?post=44497"},{"taxonomy":"product_brand","embeddable":true,"href":"https:\/\/nautical.store\/fi\/wp-json\/wp\/v2\/product_brand?post=44497"},{"taxonomy":"product_cat","embeddable":true,"href":"https:\/\/nautical.store\/fi\/wp-json\/wp\/v2\/product_cat?post=44497"},{"taxonomy":"product_tag","embeddable":true,"href":"https:\/\/nautical.store\/fi\/wp-json\/wp\/v2\/product_tag?post=44497"},{"taxonomy":"woo-feed-brand","embeddable":true,"href":"https:\/\/nautical.store\/fi\/wp-json\/wp\/v2\/woo-feed-brand?post=44497"}],"curies":[{"name":"wp","href":"https:\/\/api.w.org\/{rel}","templated":true}]}}