{"id":44641,"date":"2023-07-20T12:02:32","date_gmt":"2023-07-20T09:02:32","guid":{"rendered":"https:\/\/www.nautical.store\/toode\/w-sport-shorts\/"},"modified":"2026-03-30T12:26:29","modified_gmt":"2026-03-30T09:26:29","slug":"sport-shortsit-2","status":"publish","type":"product","link":"https:\/\/nautical.store\/fi\/tuote\/sport-shortsit-2\/","title":{"rendered":"PelleP Naisten Sport\u2011shortsit"},"content":{"rendered":"<p>Tyylik\u00e4s ja toimiva! Nopeasti kuivuvasta stretch-materiaalista valmistetut monik\u00e4ytt\u00f6iset urheilushortsit, jotka sopivat niin kaupunkik\u00e4ytt\u00f6\u00f6n kuin golfkent\u00e4lle tai veneeseen.<\/p>\n<ul>\n<li>Shortseissa on klassinen leikkaus, jossa on vy\u00f6taskut, kaksi etutaskua ja kaksi vetoketjullista takataskua.<\/li>\n<\/ul>\n","protected":false},"excerpt":{"rendered":"<p>Tyylik\u00e4s ja toimiva! Nopeasti kuivuvasta stretch-materiaalista valmistetut monik\u00e4ytt\u00f6iset urheilushortsit, jotka sopivat niin kaupunkik\u00e4ytt\u00f6\u00f6n kuin golfkent\u00e4lle tai veneeseen. Shortseissa on klassinen leikkaus, jossa on vy\u00f6taskut, kaksi etutaskua ja kaksi vetoketjullista takataskua.<\/p>\n","protected":false},"featured_media":44627,"template":"","meta":{"_acf_changed":false},"pwb-brand":[838],"product_brand":[],"product_cat":[640,1260,1262,726],"product_tag":[],"woo-feed-brand":[],"class_list":{"0":"post-44641","1":"product","2":"type-product","3":"status-publish","4":"has-post-thumbnail","6":"pwb-brand-pelle-petterson-fi","7":"product_cat-housut-fi","8":"product_cat-naisten-golfvaatteet","9":"product_cat-naisten-purjehdusvaatteet","10":"product_cat-tekniset-vaatteet-naiset","12":"first","13":"instock","14":"taxable","15":"shipping-taxable","16":"purchasable","17":"product-type-variable","18":"wvs-archive-product-wrapper"},"acf":[],"brands":[{"id":838,"name":"Pelle Petterson","slug":"pelle-petterson-fi"}],"_links":{"self":[{"href":"https:\/\/nautical.store\/fi\/wp-json\/wp\/v2\/product\/44641","targetHints":{"allow":["GET"]}}],"collection":[{"href":"https:\/\/nautical.store\/fi\/wp-json\/wp\/v2\/product"}],"about":[{"href":"https:\/\/nautical.store\/fi\/wp-json\/wp\/v2\/types\/product"}],"wp:featuredmedia":[{"embeddable":true,"href":"https:\/\/nautical.store\/fi\/wp-json\/wp\/v2\/media\/44627"}],"wp:attachment":[{"href":"https:\/\/nautical.store\/fi\/wp-json\/wp\/v2\/media?parent=44641"}],"wp:term":[{"taxonomy":"pwb-brand","embeddable":true,"href":"https:\/\/nautical.store\/fi\/wp-json\/wp\/v2\/pwb-brand?post=44641"},{"taxonomy":"product_brand","embeddable":true,"href":"https:\/\/nautical.store\/fi\/wp-json\/wp\/v2\/product_brand?post=44641"},{"taxonomy":"product_cat","embeddable":true,"href":"https:\/\/nautical.store\/fi\/wp-json\/wp\/v2\/product_cat?post=44641"},{"taxonomy":"product_tag","embeddable":true,"href":"https:\/\/nautical.store\/fi\/wp-json\/wp\/v2\/product_tag?post=44641"},{"taxonomy":"woo-feed-brand","embeddable":true,"href":"https:\/\/nautical.store\/fi\/wp-json\/wp\/v2\/woo-feed-brand?post=44641"}],"curies":[{"name":"wp","href":"https:\/\/api.w.org\/{rel}","templated":true}]}}