{"id":44716,"date":"2023-03-30T11:59:17","date_gmt":"2023-03-30T08:59:17","guid":{"rendered":"https:\/\/www.nautical.store\/toode\/tempest-vest\/"},"modified":"2026-03-11T20:30:33","modified_gmt":"2026-03-11T18:30:33","slug":"tempest-liivi","status":"publish","type":"product","link":"https:\/\/nautical.store\/fi\/tuote\/tempest-liivi\/","title":{"rendered":"PelleP Tempest -liivi"},"content":{"rendered":"<p><!--StartFragment --><\/p>\n<p>Tuulenpit\u00e4v\u00e4 miesten liivi tarjoaa erinomaista suojaa viimalta ja pit\u00e4\u00e4 l\u00e4mpim\u00e4n\u00e4 ilman untuvaa. Kevyt ja mukava istuvuus tekee siit\u00e4 t\u00e4ydellisen arkeen \u2013 k\u00e4ytett\u00e4v\u00e4ksi neuleen p\u00e4\u00e4ll\u00e4 tai lis\u00e4kerroksena s\u00e4\u00e4nkest\u00e4v\u00e4n takin alla. L\u00e4mmin korkea kaulus lis\u00e4\u00e4 k\u00e4ytt\u00f6mukavuutta ja suojaa viile\u00e4mm\u00e4ll\u00e4 s\u00e4\u00e4ll\u00e4.<\/p>\n<p>Ymp\u00e4rist\u00f6\u00e4 ajatellen liivin toppaus on valmistettu 100 % kierr\u00e4tetyst\u00e4 polyesterist\u00e4, joka on saatu PET-pulloista. Untuvaa muistuttava pehme\u00e4 ja joustava materiaali pysyy hyvin paikoillaan hitsattujen kanavien ansiosta, mik\u00e4 takaa tasaisen l\u00e4mm\u00f6n jakautumisen.<\/p>\n<p>K\u00e4yt\u00e4nn\u00f6llisyytt\u00e4 lis\u00e4\u00e4v\u00e4t kaksi vetoketjullista sivutaskua sek\u00e4 tarrakiinnitteinen sis\u00e4tasku, johon t\u00e4rke\u00e4t tavarat saa nopeasti ja turvallisesti talteen. Rinnassa olevat heijastavat yksityiskohdat parantavat n\u00e4kyvyytt\u00e4 pime\u00e4ss\u00e4, tehden liivist\u00e4 turvallisen valinnan my\u00f6s h\u00e4m\u00e4rin\u00e4 iltoina.<\/p>\n<p><strong>Materiaalit ja yksityiskohdat:<\/strong><\/p>\n<ul>\n<li>Materiaali: 100 % polyesteri<\/li>\n<li>Tuulenpit\u00e4v\u00e4 kangas<\/li>\n<li>Kierr\u00e4tetty polyesteritoppaus<\/li>\n<li>Tarrakiinnitteinen sis\u00e4tasku<\/li>\n<li>P-logo merkki rinnassa<\/li>\n<li>P-logo heijastava painatus niskassa<\/li>\n<li>Joustava reunus hihansuissa ja helmassa<\/li>\n<li>Normaali istuvuus<\/li>\n<li>Koko XXL: sel\u00e4n pituus 72 cm<\/li>\n<\/ul>\n<p><!--EndFragment --><\/p>\n","protected":false},"excerpt":{"rendered":"<p>Monik\u00e4ytt\u00f6inen miesten liivi \u2013 l\u00e4mmin, kevyt ja ymp\u00e4rist\u00f6yst\u00e4v\u00e4llinen valinta<\/p>\n","protected":false},"featured_media":61858,"template":"","meta":{"_acf_changed":false},"pwb-brand":[838],"product_brand":[],"product_cat":[777,1259,702],"product_tag":[],"woo-feed-brand":[],"class_list":{"0":"post-44716","1":"product","2":"type-product","3":"status-publish","4":"has-post-thumbnail","6":"pwb-brand-pelle-petterson-fi","7":"product_cat-miehet","8":"product_cat-miesten-golfvaatteet","9":"product_cat-paallysvaatteet-miehet","11":"first","12":"instock","13":"sale","14":"taxable","15":"shipping-taxable","16":"purchasable","17":"product-type-variable","18":"wvs-archive-product-wrapper"},"acf":[],"brands":[{"id":838,"name":"Pelle Petterson","slug":"pelle-petterson-fi"}],"_links":{"self":[{"href":"https:\/\/nautical.store\/fi\/wp-json\/wp\/v2\/product\/44716","targetHints":{"allow":["GET"]}}],"collection":[{"href":"https:\/\/nautical.store\/fi\/wp-json\/wp\/v2\/product"}],"about":[{"href":"https:\/\/nautical.store\/fi\/wp-json\/wp\/v2\/types\/product"}],"wp:featuredmedia":[{"embeddable":true,"href":"https:\/\/nautical.store\/fi\/wp-json\/wp\/v2\/media\/61858"}],"wp:attachment":[{"href":"https:\/\/nautical.store\/fi\/wp-json\/wp\/v2\/media?parent=44716"}],"wp:term":[{"taxonomy":"pwb-brand","embeddable":true,"href":"https:\/\/nautical.store\/fi\/wp-json\/wp\/v2\/pwb-brand?post=44716"},{"taxonomy":"product_brand","embeddable":true,"href":"https:\/\/nautical.store\/fi\/wp-json\/wp\/v2\/product_brand?post=44716"},{"taxonomy":"product_cat","embeddable":true,"href":"https:\/\/nautical.store\/fi\/wp-json\/wp\/v2\/product_cat?post=44716"},{"taxonomy":"product_tag","embeddable":true,"href":"https:\/\/nautical.store\/fi\/wp-json\/wp\/v2\/product_tag?post=44716"},{"taxonomy":"woo-feed-brand","embeddable":true,"href":"https:\/\/nautical.store\/fi\/wp-json\/wp\/v2\/woo-feed-brand?post=44716"}],"curies":[{"name":"wp","href":"https:\/\/api.w.org\/{rel}","templated":true}]}}