{"id":44810,"date":"2023-07-20T13:11:58","date_gmt":"2023-07-20T10:11:58","guid":{"rendered":"https:\/\/www.nautical.store\/toode\/w-arc-capri\/"},"modified":"2026-03-30T12:23:54","modified_gmt":"2026-03-30T09:23:54","slug":"arc-capri","status":"publish","type":"product","link":"https:\/\/nautical.store\/fi\/tuote\/arc-capri\/","title":{"rendered":"PelleP Arc Capri"},"content":{"rendered":"<p>Naisten caprihousut, jotka on valmistettu mukavasta ja joustavasta puuvillasekoitteesta, sopivat t\u00e4ydellisesti golfkent\u00e4lle tai kaupungille.<\/p>\n<ul>\n<li>Arc-housuissa on vy\u00f6taskut ja viisi taskua: kaksi takana ja kolme edess\u00e4 &#8211; joista yksi on vetoketjullinen.<\/li>\n<\/ul>\n","protected":false},"excerpt":{"rendered":"<p>Naisten caprihousut, jotka on valmistettu mukavasta ja joustavasta puuvillasekoitteesta, sopivat t\u00e4ydellisesti golfkent\u00e4lle tai kaupungille. Arc-housuissa on vy\u00f6taskut ja viisi taskua: kaksi takana ja kolme edess\u00e4 &#8211; joista yksi on vetoketjullinen.<\/p>\n","protected":false},"featured_media":45325,"template":"","meta":{"_acf_changed":false},"pwb-brand":[838],"product_brand":[],"product_cat":[877,640,827,1260],"product_tag":[],"woo-feed-brand":[],"class_list":{"0":"post-44810","1":"product","2":"type-product","3":"status-publish","4":"has-post-thumbnail","6":"pwb-brand-pelle-petterson-fi","7":"product_cat-edullinen-hinta-naiset","8":"product_cat-housut-fi","9":"product_cat-naiset","10":"product_cat-naisten-golfvaatteet","12":"first","13":"instock","14":"sale","15":"taxable","16":"shipping-taxable","17":"purchasable","18":"product-type-variable","19":"wvs-archive-product-wrapper"},"acf":[],"brands":[{"id":838,"name":"Pelle Petterson","slug":"pelle-petterson-fi"}],"_links":{"self":[{"href":"https:\/\/nautical.store\/fi\/wp-json\/wp\/v2\/product\/44810","targetHints":{"allow":["GET"]}}],"collection":[{"href":"https:\/\/nautical.store\/fi\/wp-json\/wp\/v2\/product"}],"about":[{"href":"https:\/\/nautical.store\/fi\/wp-json\/wp\/v2\/types\/product"}],"wp:featuredmedia":[{"embeddable":true,"href":"https:\/\/nautical.store\/fi\/wp-json\/wp\/v2\/media\/45325"}],"wp:attachment":[{"href":"https:\/\/nautical.store\/fi\/wp-json\/wp\/v2\/media?parent=44810"}],"wp:term":[{"taxonomy":"pwb-brand","embeddable":true,"href":"https:\/\/nautical.store\/fi\/wp-json\/wp\/v2\/pwb-brand?post=44810"},{"taxonomy":"product_brand","embeddable":true,"href":"https:\/\/nautical.store\/fi\/wp-json\/wp\/v2\/product_brand?post=44810"},{"taxonomy":"product_cat","embeddable":true,"href":"https:\/\/nautical.store\/fi\/wp-json\/wp\/v2\/product_cat?post=44810"},{"taxonomy":"product_tag","embeddable":true,"href":"https:\/\/nautical.store\/fi\/wp-json\/wp\/v2\/product_tag?post=44810"},{"taxonomy":"woo-feed-brand","embeddable":true,"href":"https:\/\/nautical.store\/fi\/wp-json\/wp\/v2\/woo-feed-brand?post=44810"}],"curies":[{"name":"wp","href":"https:\/\/api.w.org\/{rel}","templated":true}]}}