{"id":45417,"date":"2023-03-18T10:41:09","date_gmt":"2023-03-18T08:41:09","guid":{"rendered":"https:\/\/www.nautical.store\/toode\/w-fast-dry-skort\/"},"modified":"2025-10-12T15:19:50","modified_gmt":"2025-10-12T12:19:50","slug":"nopeasti-kuivuva-hame","status":"publish","type":"product","link":"https:\/\/nautical.store\/fi\/tuote\/nopeasti-kuivuva-hame\/","title":{"rendered":"Fast dry hame"},"content":{"rendered":"<p>Shortsit vai hame? Fast Dry -skortti yhdist\u00e4\u00e4 molempien parhaat puolet. Valmistettu vett\u00e4hylkiv\u00e4st\u00e4 ja nopeasti kuivuvasta Ripstop-materiaalista, jossa on SPF 40 -aurinkosuoja. Skortissa on useita k\u00e4yt\u00e4nn\u00f6llisi\u00e4 taskuja ja leve\u00e4t vy\u00f6lenkit.<br \/>\nRipstop on erityisen kest\u00e4v\u00e4 ja repeytymist\u00e4 est\u00e4v\u00e4 materiaali. Kankaaseen kudotut vahvemmat langat muodostavat ruutukuvion, joka ehk\u00e4isee repe\u00e4mien levi\u00e4mist\u00e4. Kevyt mutta vahva rakenne takaa mukavuuden ja pitk\u00e4ik\u00e4isyyden aktiiviseen k\u00e4ytt\u00f6\u00f6n.<br \/>\n\u2022 Vett\u00e4hylkiv\u00e4 ja nopeasti kuivuva<br \/>\n\u2022 SPF 40 -aurinkosuoja<br \/>\n\u2022 Useita taskuja ja leve\u00e4t vy\u00f6lenkit<br \/>\n\u2022 Kest\u00e4v\u00e4 Ripstop-materiaali<\/p>\n<p>&nbsp;<\/p>\n","protected":false},"excerpt":{"rendered":"<p>Naisten mukava housuhame<\/p>\n","protected":false},"featured_media":79393,"template":"","meta":{"_acf_changed":false},"pwb-brand":[838],"product_brand":[],"product_cat":[639,640,1260,726],"product_tag":[],"woo-feed-brand":[],"class_list":{"0":"post-45417","1":"product","2":"type-product","3":"status-publish","4":"has-post-thumbnail","6":"pwb-brand-pelle-petterson-fi","7":"product_cat-hameet","8":"product_cat-housut-fi","9":"product_cat-naisten-golfvaatteet","10":"product_cat-tekniset-vaatteet-naiset","12":"first","13":"instock","14":"sale","15":"taxable","16":"shipping-taxable","17":"purchasable","18":"product-type-variable","19":"wvs-archive-product-wrapper"},"acf":[],"brands":[{"id":838,"name":"Pelle Petterson","slug":"pelle-petterson-fi"}],"_links":{"self":[{"href":"https:\/\/nautical.store\/fi\/wp-json\/wp\/v2\/product\/45417","targetHints":{"allow":["GET"]}}],"collection":[{"href":"https:\/\/nautical.store\/fi\/wp-json\/wp\/v2\/product"}],"about":[{"href":"https:\/\/nautical.store\/fi\/wp-json\/wp\/v2\/types\/product"}],"wp:featuredmedia":[{"embeddable":true,"href":"https:\/\/nautical.store\/fi\/wp-json\/wp\/v2\/media\/79393"}],"wp:attachment":[{"href":"https:\/\/nautical.store\/fi\/wp-json\/wp\/v2\/media?parent=45417"}],"wp:term":[{"taxonomy":"pwb-brand","embeddable":true,"href":"https:\/\/nautical.store\/fi\/wp-json\/wp\/v2\/pwb-brand?post=45417"},{"taxonomy":"product_brand","embeddable":true,"href":"https:\/\/nautical.store\/fi\/wp-json\/wp\/v2\/product_brand?post=45417"},{"taxonomy":"product_cat","embeddable":true,"href":"https:\/\/nautical.store\/fi\/wp-json\/wp\/v2\/product_cat?post=45417"},{"taxonomy":"product_tag","embeddable":true,"href":"https:\/\/nautical.store\/fi\/wp-json\/wp\/v2\/product_tag?post=45417"},{"taxonomy":"woo-feed-brand","embeddable":true,"href":"https:\/\/nautical.store\/fi\/wp-json\/wp\/v2\/woo-feed-brand?post=45417"}],"curies":[{"name":"wp","href":"https:\/\/api.w.org\/{rel}","templated":true}]}}