{"id":45448,"date":"2023-07-20T16:19:03","date_gmt":"2023-07-20T13:19:03","guid":{"rendered":"https:\/\/www.nautical.store\/toode\/w-tempest-jugo-jacket\/"},"modified":"2025-05-16T15:44:15","modified_gmt":"2025-05-16T12:44:15","slug":"tempest-jugo-takki-2","status":"publish","type":"product","link":"https:\/\/nautical.store\/fi\/tuote\/tempest-jugo-takki-2\/","title":{"rendered":"N Tempest Jugo Takki"},"content":{"rendered":"<p>Bomber-takki, joka pit\u00e4\u00e4 sinut l\u00e4mpim\u00e4n\u00e4 ja tyylikk\u00e4\u00e4n\u00e4.<\/p>\n<ul>\n<li>Tempest Jugo Jacket on topattu Thinsulate Featherless -materiaalilla, joka on untuvaa muistuttavaa ja eritt\u00e4in joustavaa materiaalia<\/li>\n<li>Vy\u00f6t\u00e4r\u00f6pitk\u00e4ss\u00e4 ja normaalisti istuvassa naisten takissa on kaksi vetoketjullista etutaskua ja Pelle P -merkki vasemmassa hihassa<\/li>\n<li>Koko S sel\u00e4n pituus 54 cm<\/li>\n<\/ul>\n","protected":false},"excerpt":{"rendered":"<p>Bomber-takki, joka pit\u00e4\u00e4 sinut l\u00e4mpim\u00e4n\u00e4 ja tyylikk\u00e4\u00e4n\u00e4. Tempest Jugo Jacket on topattu Thinsulate Featherless -materiaalilla, joka on untuvaa muistuttavaa ja eritt\u00e4in joustavaa materiaalia Vy\u00f6t\u00e4r\u00f6pitk\u00e4ss\u00e4 ja normaalisti istuvassa naisten takissa on kaksi vetoketjullista etutaskua ja Pelle P -merkki vasemmassa hihassa Koko S sel\u00e4n pituus 54 cm<\/p>\n","protected":false},"featured_media":64577,"template":"","meta":{"_acf_changed":false},"pwb-brand":[838],"product_brand":[],"product_cat":[827,617],"product_tag":[],"woo-feed-brand":[],"class_list":{"0":"post-45448","1":"product","2":"type-product","3":"status-publish","4":"has-post-thumbnail","6":"pwb-brand-pelle-petterson-fi","7":"product_cat-naiset","8":"product_cat-paallysvaatteet","10":"first","11":"outofstock","12":"taxable","13":"shipping-taxable","14":"product-type-variable","15":"wvs-archive-product-wrapper"},"acf":[],"brands":[{"id":838,"name":"Pelle Petterson","slug":"pelle-petterson-fi"}],"_links":{"self":[{"href":"https:\/\/nautical.store\/fi\/wp-json\/wp\/v2\/product\/45448","targetHints":{"allow":["GET"]}}],"collection":[{"href":"https:\/\/nautical.store\/fi\/wp-json\/wp\/v2\/product"}],"about":[{"href":"https:\/\/nautical.store\/fi\/wp-json\/wp\/v2\/types\/product"}],"wp:featuredmedia":[{"embeddable":true,"href":"https:\/\/nautical.store\/fi\/wp-json\/wp\/v2\/media\/64577"}],"wp:attachment":[{"href":"https:\/\/nautical.store\/fi\/wp-json\/wp\/v2\/media?parent=45448"}],"wp:term":[{"taxonomy":"pwb-brand","embeddable":true,"href":"https:\/\/nautical.store\/fi\/wp-json\/wp\/v2\/pwb-brand?post=45448"},{"taxonomy":"product_brand","embeddable":true,"href":"https:\/\/nautical.store\/fi\/wp-json\/wp\/v2\/product_brand?post=45448"},{"taxonomy":"product_cat","embeddable":true,"href":"https:\/\/nautical.store\/fi\/wp-json\/wp\/v2\/product_cat?post=45448"},{"taxonomy":"product_tag","embeddable":true,"href":"https:\/\/nautical.store\/fi\/wp-json\/wp\/v2\/product_tag?post=45448"},{"taxonomy":"woo-feed-brand","embeddable":true,"href":"https:\/\/nautical.store\/fi\/wp-json\/wp\/v2\/woo-feed-brand?post=45448"}],"curies":[{"name":"wp","href":"https:\/\/api.w.org\/{rel}","templated":true}]}}