{"id":45475,"date":"2023-07-20T16:33:36","date_gmt":"2023-07-20T13:33:36","guid":{"rendered":"https:\/\/www.nautical.store\/toode\/w-tempest-jacket\/"},"modified":"2026-01-22T22:17:24","modified_gmt":"2026-01-22T20:17:24","slug":"tempest-takki-2","status":"publish","type":"product","link":"https:\/\/nautical.store\/fi\/tuote\/tempest-takki-2\/","title":{"rendered":"Pelle P Naisten Takki Tempest"},"content":{"rendered":"<p><!--StartFragment --><\/p>\n<p>Tempest-tuulenpit\u00e4v\u00e4 ja l\u00e4mmin, untuvatonta materiaalia oleva takki on t\u00e4ydellinen valinta siirtym\u00e4kausille, jolloin s\u00e4\u00e4 on vaihteleva. Elegantti ja tyylik\u00e4s muotoilu yhdistettyn\u00e4 poikkeuksellisen mukavaan leikkaukseen tekee siit\u00e4 erinomaisen arkitakin. Irrotettava huppu lis\u00e4\u00e4 monik\u00e4ytt\u00f6isyytt\u00e4, ja takkia voi k\u00e4ytt\u00e4\u00e4 my\u00f6s s\u00e4\u00e4nkest\u00e4v\u00e4n kuoritakin alla. Tempest-takki vie vain v\u00e4h\u00e4n tilaa ja on helppo pakata reppuun.<\/p>\n<p>Uusien materiaalien k\u00e4ytt\u00f6\u00e4 v\u00e4hent\u00e4\u00e4kseen takin t\u00e4yte on valmistettu 100 % kierr\u00e4tetyst\u00e4 polyesterist\u00e4, joka on per\u00e4isin PET-pulloista. T\u00e4m\u00e4 h\u00f6yhent\u00e4 muistuttava ja joustava materiaali on kiinnitetty turvallisesti l\u00e4mp\u00f6kanavien avulla. Takissa on k\u00e4tev\u00e4 sis\u00e4tasku tarrakiinnityksell\u00e4 nopeaa k\u00e4ytt\u00f6\u00e4 varten sek\u00e4 kaksi avointa taskua k\u00e4sien l\u00e4mmitt\u00e4miseen liikkeell\u00e4 ollessa. Rinnan ja hupun heijastavat painatukset varmistavat hyv\u00e4n n\u00e4kyvyyden pime\u00e4ss\u00e4.<\/p>\n<p>Materiaali: 100 % polyesteri\u00e4<\/p>\n<ul>\n<li>Tuulenpit\u00e4v\u00e4 kangas<\/li>\n<li>T\u00e4yte kierr\u00e4tetyst\u00e4 polyesterist\u00e4<\/li>\n<li>L\u00e4mp\u00f6\u00e4 erist\u00e4v\u00e4t tikatut kanavat<\/li>\n<li>Irrotettava huppu<\/li>\n<li>S\u00e4\u00e4dett\u00e4v\u00e4 kiristysnauha hupussa<\/li>\n<li>Sis\u00e4tasku tarrakiinnityksell\u00e4<\/li>\n<li>P-logomerkki vasemmassa hihassa<\/li>\n<li>Pelle P -heijastuspainatus rinnassa<\/li>\n<li>P-logon heijastuspainatus hupussa<\/li>\n<li>Joustava reunak\u00e4sittely hihansuissa ja helmassa<\/li>\n<li>Normaali mitoitus<\/li>\n<li>Sel\u00e4n pituus koossa M: 66 cm<\/li>\n<\/ul>\n<p><!--EndFragment --><\/p>\n","protected":false},"excerpt":{"rendered":"<p>Kevyt ja l\u00e4mmin tuulenpit\u00e4v\u00e4 naisten takki<\/p>\n","protected":false},"featured_media":90856,"template":"","meta":{"_acf_changed":false},"pwb-brand":[838],"product_brand":[],"product_cat":[877,827,617],"product_tag":[],"woo-feed-brand":[],"class_list":{"0":"post-45475","1":"product","2":"type-product","3":"status-publish","4":"has-post-thumbnail","6":"pwb-brand-pelle-petterson-fi","7":"product_cat-edullinen-hinta-naiset","8":"product_cat-naiset","9":"product_cat-paallysvaatteet","11":"first","12":"instock","13":"sale","14":"taxable","15":"shipping-taxable","16":"purchasable","17":"product-type-variable","18":"wvs-archive-product-wrapper"},"acf":[],"brands":[{"id":838,"name":"Pelle Petterson","slug":"pelle-petterson-fi"}],"_links":{"self":[{"href":"https:\/\/nautical.store\/fi\/wp-json\/wp\/v2\/product\/45475","targetHints":{"allow":["GET"]}}],"collection":[{"href":"https:\/\/nautical.store\/fi\/wp-json\/wp\/v2\/product"}],"about":[{"href":"https:\/\/nautical.store\/fi\/wp-json\/wp\/v2\/types\/product"}],"wp:featuredmedia":[{"embeddable":true,"href":"https:\/\/nautical.store\/fi\/wp-json\/wp\/v2\/media\/90856"}],"wp:attachment":[{"href":"https:\/\/nautical.store\/fi\/wp-json\/wp\/v2\/media?parent=45475"}],"wp:term":[{"taxonomy":"pwb-brand","embeddable":true,"href":"https:\/\/nautical.store\/fi\/wp-json\/wp\/v2\/pwb-brand?post=45475"},{"taxonomy":"product_brand","embeddable":true,"href":"https:\/\/nautical.store\/fi\/wp-json\/wp\/v2\/product_brand?post=45475"},{"taxonomy":"product_cat","embeddable":true,"href":"https:\/\/nautical.store\/fi\/wp-json\/wp\/v2\/product_cat?post=45475"},{"taxonomy":"product_tag","embeddable":true,"href":"https:\/\/nautical.store\/fi\/wp-json\/wp\/v2\/product_tag?post=45475"},{"taxonomy":"woo-feed-brand","embeddable":true,"href":"https:\/\/nautical.store\/fi\/wp-json\/wp\/v2\/woo-feed-brand?post=45475"}],"curies":[{"name":"wp","href":"https:\/\/api.w.org\/{rel}","templated":true}]}}