{"id":45504,"date":"2023-07-20T16:45:19","date_gmt":"2023-07-20T13:45:19","guid":{"rendered":"https:\/\/www.nautical.store\/toode\/w-tempest-vest\/"},"modified":"2025-10-23T17:23:27","modified_gmt":"2025-10-23T14:23:27","slug":"tempest-vest","status":"publish","type":"product","link":"https:\/\/nautical.store\/fi\/tuote\/tempest-vest\/","title":{"rendered":"Pelle P Naisten Liivi Tempest"},"content":{"rendered":"<p><!--StartFragment --><\/p>\n<p>Tuulenpit\u00e4v\u00e4 liivi, joka tarjoaa l\u00e4mp\u00f6\u00e4 ilman untuvaa \u2013 t\u00e4ydellinen valinta vaihteleviin s\u00e4ihin siirtym\u00e4kausina. Sopii erinomaisesti arkeen esimerkiksi neuleen p\u00e4\u00e4lle, kiitos naisellisen muotoilun ja eritt\u00e4in mukavan leikkauksen.<\/p>\n<p>L\u00e4mmin korkea kaulus tekee liivist\u00e4 monik\u00e4ytt\u00f6isen: sit\u00e4 voi k\u00e4ytt\u00e4\u00e4 my\u00f6s s\u00e4\u00e4nkest\u00e4v\u00e4n kuoritakin alla. Uusien materiaalien k\u00e4ytt\u00f6\u00e4 v\u00e4hent\u00e4\u00e4kseen Tempest-liivin toppaus on valmistettu 100 % kierr\u00e4tetyst\u00e4 polyesterist\u00e4, joka on per\u00e4isin PET-pulloista. Untuvaa muistuttava ja joustava materiaali on kiinnitetty tukevasti hitsattujen kanavien avulla.<\/p>\n<p>Lis\u00e4ksi liiviss\u00e4 on k\u00e4yt\u00e4nn\u00f6llinen sis\u00e4tasku tarrakiinnityksell\u00e4 sek\u00e4 kaksi vetoketjullista sivutaskua. Rinnassa olevat heijastavat yksityiskohdat parantavat n\u00e4kyvyytt\u00e4 pime\u00e4ss\u00e4.<\/p>\n<ul>\n<li>Materiaali: 100 % polyesteri\u00e4<\/li>\n<li>Tuulenpit\u00e4v\u00e4 kangas<\/li>\n<li>Toppaus kierr\u00e4tetyst\u00e4 polyesterist\u00e4<\/li>\n<li>Hitsatut kanavat<\/li>\n<li>Sis\u00e4tasku tarrakiinnityksell\u00e4<\/li>\n<li>K\u00e4\u00e4nnetty spiraalivetoketju P-logolla varustetulla vetimell\u00e4<\/li>\n<li>P-logo rinnassa<\/li>\n<li>P-logon heijastava painatus niskan keskell\u00e4<\/li>\n<li>Joustava reunak\u00e4sittely k\u00e4denteiss\u00e4 ja helmassa<\/li>\n<li>Normaali mitoitus<\/li>\n<li>Sel\u00e4n pituus koossa S: 56 cm<\/li>\n<\/ul>\n<p><!--EndFragment --><\/p>\n","protected":false},"excerpt":{"rendered":"<p>Naisten tuulenpit\u00e4v\u00e4 liivi<\/p>\n","protected":false},"featured_media":45483,"template":"","meta":{"_acf_changed":false},"pwb-brand":[838],"product_brand":[],"product_cat":[877,827,1260,1262,617,726],"product_tag":[],"woo-feed-brand":[],"class_list":{"0":"post-45504","1":"product","2":"type-product","3":"status-publish","4":"has-post-thumbnail","6":"pwb-brand-pelle-petterson-fi","7":"product_cat-edullinen-hinta-naiset","8":"product_cat-naiset","9":"product_cat-naisten-golfvaatteet","10":"product_cat-naisten-purjehdusvaatteet","11":"product_cat-paallysvaatteet","12":"product_cat-tekniset-vaatteet-naiset","14":"first","15":"instock","16":"sale","17":"taxable","18":"shipping-taxable","19":"purchasable","20":"product-type-variable","21":"wvs-archive-product-wrapper"},"acf":[],"brands":[{"id":838,"name":"Pelle Petterson","slug":"pelle-petterson-fi"}],"_links":{"self":[{"href":"https:\/\/nautical.store\/fi\/wp-json\/wp\/v2\/product\/45504","targetHints":{"allow":["GET"]}}],"collection":[{"href":"https:\/\/nautical.store\/fi\/wp-json\/wp\/v2\/product"}],"about":[{"href":"https:\/\/nautical.store\/fi\/wp-json\/wp\/v2\/types\/product"}],"wp:featuredmedia":[{"embeddable":true,"href":"https:\/\/nautical.store\/fi\/wp-json\/wp\/v2\/media\/45483"}],"wp:attachment":[{"href":"https:\/\/nautical.store\/fi\/wp-json\/wp\/v2\/media?parent=45504"}],"wp:term":[{"taxonomy":"pwb-brand","embeddable":true,"href":"https:\/\/nautical.store\/fi\/wp-json\/wp\/v2\/pwb-brand?post=45504"},{"taxonomy":"product_brand","embeddable":true,"href":"https:\/\/nautical.store\/fi\/wp-json\/wp\/v2\/product_brand?post=45504"},{"taxonomy":"product_cat","embeddable":true,"href":"https:\/\/nautical.store\/fi\/wp-json\/wp\/v2\/product_cat?post=45504"},{"taxonomy":"product_tag","embeddable":true,"href":"https:\/\/nautical.store\/fi\/wp-json\/wp\/v2\/product_tag?post=45504"},{"taxonomy":"woo-feed-brand","embeddable":true,"href":"https:\/\/nautical.store\/fi\/wp-json\/wp\/v2\/woo-feed-brand?post=45504"}],"curies":[{"name":"wp","href":"https:\/\/api.w.org\/{rel}","templated":true}]}}