{"id":45594,"date":"2023-07-21T08:53:37","date_gmt":"2023-07-21T05:53:37","guid":{"rendered":"https:\/\/www.nautical.store\/toode\/sport-trousers\/"},"modified":"2023-12-14T17:25:28","modified_gmt":"2023-12-14T15:25:28","slug":"sport-housut","status":"publish","type":"product","link":"https:\/\/nautical.store\/fi\/tuote\/sport-housut\/","title":{"rendered":"Sport Housut"},"content":{"rendered":"<p>Tyylik\u00e4s ja toimiva! Monik\u00e4ytt\u00f6iset urheiluhousumme on valmistettu nopeasti kuivuvasta stretch-materiaalista, ja ne toimivat yht\u00e4 hyvin kokouksessa kuin golfkent\u00e4ll\u00e4 tai veneess\u00e4.<\/p>\n<ul>\n<li>Housut ovat klassiset chino-housut, joissa on vy\u00f6lenkit, kaksi etutaskua ja kaksi takataskua &#8211; joista toisessa on silikoninauha, joka pit\u00e4\u00e4 golfhanskasi paikallaan.<\/li>\n<\/ul>\n","protected":false},"excerpt":{"rendered":"<p>Tyylik\u00e4s ja toimiva! Monik\u00e4ytt\u00f6iset urheiluhousumme on valmistettu nopeasti kuivuvasta stretch-materiaalista, ja ne toimivat yht\u00e4 hyvin kokouksessa kuin golfkent\u00e4ll\u00e4 tai veneess\u00e4. Housut ovat klassiset chino-housut, joissa on vy\u00f6lenkit, kaksi etutaskua ja kaksi takataskua &#8211; joista toisessa on silikoninauha, joka pit\u00e4\u00e4 golfhanskasi paikallaan.<\/p>\n","protected":false},"featured_media":45577,"template":"","meta":{"_acf_changed":false},"pwb-brand":[838],"product_brand":[],"product_cat":[610,1259,1261],"product_tag":[],"woo-feed-brand":[],"class_list":{"0":"post-45594","1":"product","2":"type-product","3":"status-publish","4":"has-post-thumbnail","6":"pwb-brand-pelle-petterson-fi","7":"product_cat-housut","8":"product_cat-miesten-golfvaatteet","9":"product_cat-miesten-purjehdusvaatteet","11":"first","12":"outofstock","13":"taxable","14":"shipping-taxable","15":"product-type-variable","16":"wvs-archive-product-wrapper"},"acf":[],"brands":[{"id":838,"name":"Pelle Petterson","slug":"pelle-petterson-fi"}],"_links":{"self":[{"href":"https:\/\/nautical.store\/fi\/wp-json\/wp\/v2\/product\/45594","targetHints":{"allow":["GET"]}}],"collection":[{"href":"https:\/\/nautical.store\/fi\/wp-json\/wp\/v2\/product"}],"about":[{"href":"https:\/\/nautical.store\/fi\/wp-json\/wp\/v2\/types\/product"}],"wp:featuredmedia":[{"embeddable":true,"href":"https:\/\/nautical.store\/fi\/wp-json\/wp\/v2\/media\/45577"}],"wp:attachment":[{"href":"https:\/\/nautical.store\/fi\/wp-json\/wp\/v2\/media?parent=45594"}],"wp:term":[{"taxonomy":"pwb-brand","embeddable":true,"href":"https:\/\/nautical.store\/fi\/wp-json\/wp\/v2\/pwb-brand?post=45594"},{"taxonomy":"product_brand","embeddable":true,"href":"https:\/\/nautical.store\/fi\/wp-json\/wp\/v2\/product_brand?post=45594"},{"taxonomy":"product_cat","embeddable":true,"href":"https:\/\/nautical.store\/fi\/wp-json\/wp\/v2\/product_cat?post=45594"},{"taxonomy":"product_tag","embeddable":true,"href":"https:\/\/nautical.store\/fi\/wp-json\/wp\/v2\/product_tag?post=45594"},{"taxonomy":"woo-feed-brand","embeddable":true,"href":"https:\/\/nautical.store\/fi\/wp-json\/wp\/v2\/woo-feed-brand?post=45594"}],"curies":[{"name":"wp","href":"https:\/\/api.w.org\/{rel}","templated":true}]}}