{"id":45620,"date":"2023-07-21T09:02:19","date_gmt":"2023-07-21T06:02:19","guid":{"rendered":"https:\/\/www.nautical.store\/toode\/tide-block-polo\/"},"modified":"2025-06-25T23:31:27","modified_gmt":"2025-06-25T20:31:27","slug":"tide-block-polo","status":"publish","type":"product","link":"https:\/\/nautical.store\/fi\/tuote\/tide-block-polo\/","title":{"rendered":"PelleP Tide Block Polo"},"content":{"rendered":"<p><!--StartFragment --><\/p>\n<p>Tide Polo on mukava ja hyvin istuva miesten pikeepaita, joka on valmistettu laadukkaasta puuvillasta ja elastaanista.<\/p>\n<p>Paidassa on klassinen nappikaulus ja sivuhalkiot, joissa on tyylikk\u00e4\u00e4t yksityiskohdat. Hihansuut ovat kaksinkertaisesti neulottu ja koristeltu kontrastiraidoilla. Vartaloa my\u00f6t\u00e4ilev\u00e4 leikkaus tuo ryhti\u00e4 ja istuvuutta.<\/p>\n<p><strong>Materiaali:<\/strong> 95 % puuvillaa, 5 % elastaania<br \/>\n\u2013 Laadukas puuvillapikee<br \/>\n\u2013 Nappikaulus<br \/>\n\u2013 Kaksinkertaiset hihansuut kontrastiraidoilla<br \/>\n\u2013 Pelle P -napit edess\u00e4<br \/>\n\u2013 Tyylikk\u00e4\u00e4t halkiot sivuilla<br \/>\n\u2013 Vahvistetut kontrastitikkaukset<br \/>\n\u2013 P-logo brodeeraus sel\u00e4ss\u00e4<br \/>\n\u2013 P-logo huopamerkki rinnassa<\/p>\n<p><!--EndFragment --><\/p>\n","protected":false},"excerpt":{"rendered":"<p>Tyylik\u00e4s kaksiv\u00e4rinen miesten pikeepaita<\/p>\n","protected":false},"featured_media":58574,"template":"","meta":{"_acf_changed":false},"pwb-brand":[838],"product_brand":[],"product_cat":[1180,777,1259,633],"product_tag":[],"woo-feed-brand":[],"class_list":{"0":"post-45620","1":"product","2":"type-product","3":"status-publish","4":"has-post-thumbnail","6":"pwb-brand-pelle-petterson-fi","7":"product_cat-golf-fi","8":"product_cat-miehet","9":"product_cat-miesten-golfvaatteet","10":"product_cat-paidat-fi","12":"first","13":"outofstock","14":"taxable","15":"shipping-taxable","16":"product-type-variable","17":"wvs-archive-product-wrapper"},"acf":[],"brands":[{"id":838,"name":"Pelle Petterson","slug":"pelle-petterson-fi"}],"_links":{"self":[{"href":"https:\/\/nautical.store\/fi\/wp-json\/wp\/v2\/product\/45620","targetHints":{"allow":["GET"]}}],"collection":[{"href":"https:\/\/nautical.store\/fi\/wp-json\/wp\/v2\/product"}],"about":[{"href":"https:\/\/nautical.store\/fi\/wp-json\/wp\/v2\/types\/product"}],"wp:featuredmedia":[{"embeddable":true,"href":"https:\/\/nautical.store\/fi\/wp-json\/wp\/v2\/media\/58574"}],"wp:attachment":[{"href":"https:\/\/nautical.store\/fi\/wp-json\/wp\/v2\/media?parent=45620"}],"wp:term":[{"taxonomy":"pwb-brand","embeddable":true,"href":"https:\/\/nautical.store\/fi\/wp-json\/wp\/v2\/pwb-brand?post=45620"},{"taxonomy":"product_brand","embeddable":true,"href":"https:\/\/nautical.store\/fi\/wp-json\/wp\/v2\/product_brand?post=45620"},{"taxonomy":"product_cat","embeddable":true,"href":"https:\/\/nautical.store\/fi\/wp-json\/wp\/v2\/product_cat?post=45620"},{"taxonomy":"product_tag","embeddable":true,"href":"https:\/\/nautical.store\/fi\/wp-json\/wp\/v2\/product_tag?post=45620"},{"taxonomy":"woo-feed-brand","embeddable":true,"href":"https:\/\/nautical.store\/fi\/wp-json\/wp\/v2\/woo-feed-brand?post=45620"}],"curies":[{"name":"wp","href":"https:\/\/api.w.org\/{rel}","templated":true}]}}