{"id":45660,"date":"2023-07-21T09:25:35","date_gmt":"2023-07-21T06:25:35","guid":{"rendered":"https:\/\/www.nautical.store\/toode\/arc-trousers\/"},"modified":"2024-07-30T13:25:06","modified_gmt":"2024-07-30T10:25:06","slug":"arc-housut","status":"publish","type":"product","link":"https:\/\/nautical.store\/fi\/tuote\/arc-housut\/","title":{"rendered":"Arc Housut"},"content":{"rendered":"<div class=\"CMS-Component CMS-Component-Container Preset-Container-Margin Preset-Container-Padding StreamlineCmsSection-node\" data-id=\"16347301085281494\">\n<div class=\"CMS-Component Grid--withGutter Grid StreamlineCmsSection-node StreamlineCmsSection-node\" data-id=\"16347301085295754\">\n<div class=\"CMS-Component Grid-cell u-sizeFull u-md-sizeFull u-lg-size4of12 u-sm-flexOrderNone u-md-flexOrderNone u-lg-flexOrderNone StreamlineCmsSection-node StreamlineCmsSection-node\" data-id=\"1634730108529984\">\n<div class=\"CMS-Component CMS-Component-Container Preset-Container-Max-Width Preset-Container-Margin Preset-Container-Padding StreamlineCmsSection-node\" data-id=\"16383495572072194\">\n<div class=\"CMS-Component CMS-Component-Container SimpleStyles-16347301085312086-Container Toggler StreamlineCmsSection-node\" data-id=\"16347301085312086\">\n<div class=\"CMS-Component CMS-TabsContainer SimpleStyles-16347358499447252-Tabs_Container StreamlineCmsSection-node\" data-id=\"16347358499447252\">\n<div class=\"Tabs\" data-style-attr=\"Wrapper\">\n<div class=\"Tabs-content\" data-style-attr=\"Content_Wrapper\">\n<div class=\"Tab Tab--active undefined undefined\" data-style-attr=\"Tab\" data-tab-index=\"1509682175-0\">\n<div class=\"CMS-Component CMS-Tab StreamlineCmsSection-node\" data-id=\"16347358537376762\">\n<div class=\"CMS-Component CMS-ArticleField CMS-ArticleField-art_desc StreamlineCmsSection-node StreamlineCmsSection-node\" data-style-attr=\"Wrapper\" data-id=\"16347360026014772\">\n<div class=\"Preset-Primary-Font-Family Preset-Primary-Text Preset-Primary-Color SimpleStyles-16347360026014772-Field\" data-style-attr=\"Field\">\n<p>Miesten chino-shortsit, jotka on valmistettu mukavasta ja joustavasta puuvillasekoitteesta ja jotka sopivat golfkent\u00e4lle tai kaupungille. Arc-housuissa on vy\u00f6taskut ja viisi taskua: kaksi takana ja kolme edess\u00e4, joista yksi on vetoketjullinen.<\/p>\n<p>Sis\u00e4hihan pituudet koossa:<\/p>\n<p>nro 29: 76 cm<br \/>\nnro 31: 78 cm<br \/>\nnro 32: 79 cm<br \/>\nnro 33: 80 cm<br \/>\nnro 34: 81 cm<\/p>\n<\/div>\n<\/div>\n<\/div>\n<\/div>\n<\/div>\n<\/div>\n<\/div>\n<\/div>\n<\/div>\n<\/div>\n<\/div>\n<\/div>\n<div class=\"CMS-Component CMS-Component-Container SimpleStyles-16347403854274574-Container StreamlineCmsSection-node\" data-id=\"16347403854274574\">\n<div class=\"CMS-Component CMS-TextComponent SimpleStyles-16360970937416334-Text StreamlineCmsSection-node\" data-id=\"16360970937416334\"><\/div>\n<\/div>\n","protected":false},"excerpt":{"rendered":"<p>Miesten chino-shortsit, jotka on valmistettu mukavasta ja joustavasta puuvillasekoitteesta ja jotka sopivat golfkent\u00e4lle tai kaupungille. Arc-housuissa on vy\u00f6taskut ja viisi taskua: kaksi takana ja kolme edess\u00e4, joista yksi on vetoketjullinen. Sis\u00e4hihan pituudet koossa: nro 29: 76 cm nro 31: 78 cm nro 32: 79 cm nro 33: 80 cm nro 34: 81 cm<\/p>\n","protected":false},"featured_media":45630,"template":"","meta":{"_acf_changed":false},"pwb-brand":[838],"product_brand":[],"product_cat":[876,610,777,1259],"product_tag":[],"woo-feed-brand":[],"class_list":{"0":"post-45660","1":"product","2":"type-product","3":"status-publish","4":"has-post-thumbnail","6":"pwb-brand-pelle-petterson-fi","7":"product_cat-edullinen-hinta-miehet-fi","8":"product_cat-housut","9":"product_cat-miehet","10":"product_cat-miesten-golfvaatteet","12":"first","13":"instock","14":"sale","15":"taxable","16":"shipping-taxable","17":"purchasable","18":"product-type-variable","19":"wvs-archive-product-wrapper"},"acf":[],"brands":[{"id":838,"name":"Pelle Petterson","slug":"pelle-petterson-fi"}],"_links":{"self":[{"href":"https:\/\/nautical.store\/fi\/wp-json\/wp\/v2\/product\/45660","targetHints":{"allow":["GET"]}}],"collection":[{"href":"https:\/\/nautical.store\/fi\/wp-json\/wp\/v2\/product"}],"about":[{"href":"https:\/\/nautical.store\/fi\/wp-json\/wp\/v2\/types\/product"}],"wp:featuredmedia":[{"embeddable":true,"href":"https:\/\/nautical.store\/fi\/wp-json\/wp\/v2\/media\/45630"}],"wp:attachment":[{"href":"https:\/\/nautical.store\/fi\/wp-json\/wp\/v2\/media?parent=45660"}],"wp:term":[{"taxonomy":"pwb-brand","embeddable":true,"href":"https:\/\/nautical.store\/fi\/wp-json\/wp\/v2\/pwb-brand?post=45660"},{"taxonomy":"product_brand","embeddable":true,"href":"https:\/\/nautical.store\/fi\/wp-json\/wp\/v2\/product_brand?post=45660"},{"taxonomy":"product_cat","embeddable":true,"href":"https:\/\/nautical.store\/fi\/wp-json\/wp\/v2\/product_cat?post=45660"},{"taxonomy":"product_tag","embeddable":true,"href":"https:\/\/nautical.store\/fi\/wp-json\/wp\/v2\/product_tag?post=45660"},{"taxonomy":"woo-feed-brand","embeddable":true,"href":"https:\/\/nautical.store\/fi\/wp-json\/wp\/v2\/woo-feed-brand?post=45660"}],"curies":[{"name":"wp","href":"https:\/\/api.w.org\/{rel}","templated":true}]}}