{"id":45689,"date":"2023-07-21T09:35:14","date_gmt":"2023-07-21T06:35:14","guid":{"rendered":"https:\/\/www.nautical.store\/toode\/drizzle-trousers\/"},"modified":"2025-10-16T17:05:58","modified_gmt":"2025-10-16T14:05:58","slug":"drizzle-housut","status":"publish","type":"product","link":"https:\/\/nautical.store\/fi\/tuote\/drizzle-housut\/","title":{"rendered":"PelleP Drizzle vedenpit\u00e4v\u00e4t housut"},"content":{"rendered":"<p>Vedenpit\u00e4v\u00e4t ja kevyet unisex-housut, jotka on valmistettu joustavasta 3-kerroksisesta Hi:RES-membraanikankaasta.<br \/>\nHousut ovat hengitt\u00e4v\u00e4t ja miellytt\u00e4v\u00e4t k\u00e4ytt\u00e4\u00e4 aktiivisessa liikkumisessa sateella.<br \/>\nLahkeensuissa vetoketju ja s\u00e4\u00e4dett\u00e4v\u00e4 kiinnitys helpottavat pukemista ja riisumista.<br \/>\nEdess\u00e4 nappi- ja vetoketjukiinnitys.<br \/>\nKaksi vetoketjullista sivutaskua ja takana tarrakiinnitteinen tasku.<br \/>\nS\u00e4\u00e4dett\u00e4v\u00e4 joustava vy\u00f6t\u00e4r\u00f6 takaa hyv\u00e4n istuvuuden.<br \/>\nSopivat erinomaisesti esimerkiksi golfiin ja muihin ulkoilulajeihin sateisella s\u00e4\u00e4ll\u00e4.<br \/>\nMukana s\u00e4ilytyspussi (24 x 18 cm), johon housut mahtuvat.<br \/>\n\u2022 Materiaali: 3-kerroksinen Hi:RES stretch-membraani<br \/>\n\u2022 Vedenpit\u00e4v\u00e4t ja hengitt\u00e4v\u00e4t<br \/>\n\u2022 Lahkeensuissa vetoketju ja s\u00e4\u00e4dett\u00e4v\u00e4 kiinnitys<br \/>\n\u2022 Nappi- ja vetoketjukiinnitys edess\u00e4<br \/>\n\u2022 2 vetoketjullista sivutaskua<br \/>\n\u2022 Takana tarrakiinnitteinen tasku<br \/>\n\u2022 S\u00e4\u00e4dett\u00e4v\u00e4 joustava vy\u00f6t\u00e4r\u00f6<br \/>\n\u2022 Mukana s\u00e4ilytyspussi (24 x 18 cm)<br \/>\n\u2022 Koko S: lahkeen sis\u00e4pituus 71 cm, kokonaispituus 102 cm<\/p>\n","protected":false},"excerpt":{"rendered":"<p>Unisex tuulen- ja vedenpit\u00e4v\u00e4t housut aktiiviseen liikkumiseen<\/p>\n","protected":false},"featured_media":61445,"template":"","meta":{"_acf_changed":false},"pwb-brand":[838],"product_brand":[],"product_cat":[1180,610,640,777,1259,827,1260,682,726],"product_tag":[],"woo-feed-brand":[],"class_list":{"0":"post-45689","1":"product","2":"type-product","3":"status-publish","4":"has-post-thumbnail","6":"pwb-brand-pelle-petterson-fi","7":"product_cat-golf-fi","8":"product_cat-housut","9":"product_cat-housut-fi","10":"product_cat-miehet","11":"product_cat-miesten-golfvaatteet","12":"product_cat-naiset","13":"product_cat-naisten-golfvaatteet","14":"product_cat-tekniset-vaatteet","15":"product_cat-tekniset-vaatteet-naiset","17":"first","18":"instock","19":"taxable","20":"shipping-taxable","21":"purchasable","22":"product-type-variable","23":"wvs-archive-product-wrapper"},"acf":[],"brands":[{"id":838,"name":"Pelle Petterson","slug":"pelle-petterson-fi"}],"_links":{"self":[{"href":"https:\/\/nautical.store\/fi\/wp-json\/wp\/v2\/product\/45689","targetHints":{"allow":["GET"]}}],"collection":[{"href":"https:\/\/nautical.store\/fi\/wp-json\/wp\/v2\/product"}],"about":[{"href":"https:\/\/nautical.store\/fi\/wp-json\/wp\/v2\/types\/product"}],"wp:featuredmedia":[{"embeddable":true,"href":"https:\/\/nautical.store\/fi\/wp-json\/wp\/v2\/media\/61445"}],"wp:attachment":[{"href":"https:\/\/nautical.store\/fi\/wp-json\/wp\/v2\/media?parent=45689"}],"wp:term":[{"taxonomy":"pwb-brand","embeddable":true,"href":"https:\/\/nautical.store\/fi\/wp-json\/wp\/v2\/pwb-brand?post=45689"},{"taxonomy":"product_brand","embeddable":true,"href":"https:\/\/nautical.store\/fi\/wp-json\/wp\/v2\/product_brand?post=45689"},{"taxonomy":"product_cat","embeddable":true,"href":"https:\/\/nautical.store\/fi\/wp-json\/wp\/v2\/product_cat?post=45689"},{"taxonomy":"product_tag","embeddable":true,"href":"https:\/\/nautical.store\/fi\/wp-json\/wp\/v2\/product_tag?post=45689"},{"taxonomy":"woo-feed-brand","embeddable":true,"href":"https:\/\/nautical.store\/fi\/wp-json\/wp\/v2\/woo-feed-brand?post=45689"}],"curies":[{"name":"wp","href":"https:\/\/api.w.org\/{rel}","templated":true}]}}