{"id":45715,"date":"2023-07-21T09:43:04","date_gmt":"2023-07-21T06:43:04","guid":{"rendered":"https:\/\/www.nautical.store\/toode\/w-drizzle-2-in-1-vest\/"},"modified":"2026-01-22T22:11:52","modified_gmt":"2026-01-22T20:11:52","slug":"drizzle-2-in-1-liivi","status":"publish","type":"product","link":"https:\/\/nautical.store\/fi\/tuote\/drizzle-2-in-1-liivi\/","title":{"rendered":"Drizzle 2 in 1 liivi"},"content":{"rendered":"<p><!--StartFragment --><\/p>\n<p>Drizzle 2in1 on liivi ja takin yhdistelm\u00e4 \u2013 t\u00e4ydellinen valinta vaihteleviin s\u00e4\u00e4olosuhteisiin golfkent\u00e4ll\u00e4. Irrotettavilla hihoilla varustettu kevyt vaate tarjoaa joustavuutta ja mukavuutta, kun s\u00e4\u00e4 muuttuu yll\u00e4tt\u00e4en. Kolmikerroksisesta Hi:RES\u2011joustokankaasta valmistettu takki on varustettu erityisell\u00e4 suojakalvolla, joka tekee siit\u00e4 vedenpit\u00e4v\u00e4n ja hengitt\u00e4v\u00e4n \u2013 ihanteellinen aktiiviseen liikkumiseen.<\/p>\n<p>Useat heijastavat yksityiskohdat parantavat n\u00e4kyvyytt\u00e4 ja vett\u00e4 hylkiv\u00e4t vetoketjut auttavat pit\u00e4m\u00e4\u00e4n kehon kuivana. Hihojen alaosassa oleva joustava reunus pit\u00e4\u00e4 hihat tukevasti paikoillaan eik\u00e4 h\u00e4iritse golfly\u00f6nti\u00e4.<\/p>\n<ul>\n<li>Materiaali: 100 % polyesteri<\/li>\n<li>Kolmikerroksinen kangas<\/li>\n<li>Irrotettavat hihat ja huppu<\/li>\n<li>Joustava neulospintainen kangas, jossa suojakalvo<\/li>\n<li>Kevyt joustokangas<\/li>\n<li>Teipatut saumat<\/li>\n<li>Hengitt\u00e4v\u00e4<\/li>\n<li>Vedenpit\u00e4v\u00e4<\/li>\n<li>PFC\u2011vapaa<\/li>\n<li>Eri v\u00e4rit edess\u00e4 ja takana<\/li>\n<li>Joustava reunus helmassa ja hihansuissa<\/li>\n<li>Vedenpit\u00e4v\u00e4t vetoketjut<\/li>\n<li>P\u2011logollinen vetoketjun vedin<\/li>\n<li>Heijastava P\u2011logo niskassa<\/li>\n<li>Mukana pakkautuva s\u00e4ilytyspussi<\/li>\n<\/ul>\n<p>Sopii aktiiviseen k\u00e4ytt\u00f6\u00f6n ja \u00e4killisiin s\u00e4\u00e4nvaihteluihin \u2013 erinomainen valinta sek\u00e4 sporttista ett\u00e4 toiminnallista tyyli\u00e4 arvostavalle.<\/p>\n<p>Koko S: kokonaispituus 69 cm, leveys 47 cm<\/p>\n<p><!--EndFragment --><\/p>\n","protected":false},"excerpt":{"rendered":"<p>Kevyt takki ja liivi samassa tuotteessa<\/p>\n","protected":false},"featured_media":61410,"template":"","meta":{"_acf_changed":false},"pwb-brand":[838],"product_brand":[],"product_cat":[1180,827,1260,1262,617,1269,726],"product_tag":[],"woo-feed-brand":[],"class_list":{"0":"post-45715","1":"product","2":"type-product","3":"status-publish","4":"has-post-thumbnail","6":"pwb-brand-pelle-petterson-fi","7":"product_cat-golf-fi","8":"product_cat-naiset","9":"product_cat-naisten-golfvaatteet","10":"product_cat-naisten-purjehdusvaatteet","11":"product_cat-paallysvaatteet","12":"product_cat-purjehdus","13":"product_cat-tekniset-vaatteet-naiset","15":"first","16":"instock","17":"taxable","18":"shipping-taxable","19":"purchasable","20":"product-type-variable","21":"wvs-archive-product-wrapper"},"acf":[],"brands":[{"id":838,"name":"Pelle Petterson","slug":"pelle-petterson-fi"}],"_links":{"self":[{"href":"https:\/\/nautical.store\/fi\/wp-json\/wp\/v2\/product\/45715","targetHints":{"allow":["GET"]}}],"collection":[{"href":"https:\/\/nautical.store\/fi\/wp-json\/wp\/v2\/product"}],"about":[{"href":"https:\/\/nautical.store\/fi\/wp-json\/wp\/v2\/types\/product"}],"wp:featuredmedia":[{"embeddable":true,"href":"https:\/\/nautical.store\/fi\/wp-json\/wp\/v2\/media\/61410"}],"wp:attachment":[{"href":"https:\/\/nautical.store\/fi\/wp-json\/wp\/v2\/media?parent=45715"}],"wp:term":[{"taxonomy":"pwb-brand","embeddable":true,"href":"https:\/\/nautical.store\/fi\/wp-json\/wp\/v2\/pwb-brand?post=45715"},{"taxonomy":"product_brand","embeddable":true,"href":"https:\/\/nautical.store\/fi\/wp-json\/wp\/v2\/product_brand?post=45715"},{"taxonomy":"product_cat","embeddable":true,"href":"https:\/\/nautical.store\/fi\/wp-json\/wp\/v2\/product_cat?post=45715"},{"taxonomy":"product_tag","embeddable":true,"href":"https:\/\/nautical.store\/fi\/wp-json\/wp\/v2\/product_tag?post=45715"},{"taxonomy":"woo-feed-brand","embeddable":true,"href":"https:\/\/nautical.store\/fi\/wp-json\/wp\/v2\/woo-feed-brand?post=45715"}],"curies":[{"name":"wp","href":"https:\/\/api.w.org\/{rel}","templated":true}]}}