{"id":45731,"date":"2023-07-21T10:02:02","date_gmt":"2023-07-21T07:02:02","guid":{"rendered":"https:\/\/www.nautical.store\/toode\/plannard-headband\/"},"modified":"2026-04-03T14:43:53","modified_gmt":"2026-04-03T11:43:53","slug":"plannard-paanauha","status":"publish","type":"product","link":"https:\/\/nautical.store\/fi\/tuote\/plannard-paanauha\/","title":{"rendered":"Plannard\u2011panta"},"content":{"rendered":"<p>Pehme ja joustava panta, joka on muotoiltu peitt\u00e4m\u00e4\u00e4n korvat mukavasti. Materiaali siirt\u00e4\u00e4 kosteutta tehokkaasti, joten panta sopii erinomaisesti intensiiviseen liikkumiseen, kuten maastohiihtoon, vuorikiipeilyyn tai golfiin.<\/p>\n<ul>\n<li>Materiaali: 100 % polyesteri<\/li>\n<li>PLANNARD GRID \u2011materiaali nelisuuntaisella joustolla<\/li>\n<li>L\u00e4mmin fleece sis\u00e4puolella<\/li>\n<li>Sile\u00e4 ulkopinta, ruudullinen sis\u00e4pinta<\/li>\n<li>Siirt\u00e4\u00e4 kosteutta pois iholta<\/li>\n<li>Heijastava P\u2011logo<\/li>\n<li>PelleP\u2011logomerkki alareunassa<\/li>\n<\/ul>\n","protected":false},"excerpt":{"rendered":"<p>Panta aktiiviseen k\u00e4ytt\u00f6\u00f6n<\/p>\n","protected":false},"featured_media":93829,"template":"","meta":{"_acf_changed":false},"pwb-brand":[838],"product_brand":[],"product_cat":[628,629,1180,777,1259,1261,827,1260,1262,1269],"product_tag":[],"woo-feed-brand":[],"class_list":{"0":"post-45731","1":"product","2":"type-product","3":"status-publish","4":"has-post-thumbnail","6":"pwb-brand-pelle-petterson-fi","7":"product_cat-asusteet","8":"product_cat-asusteet-naiset","9":"product_cat-golf-fi","10":"product_cat-miehet","11":"product_cat-miesten-golfvaatteet","12":"product_cat-miesten-purjehdusvaatteet","13":"product_cat-naiset","14":"product_cat-naisten-golfvaatteet","15":"product_cat-naisten-purjehdusvaatteet","16":"product_cat-purjehdus","18":"first","19":"instock","20":"taxable","21":"shipping-taxable","22":"purchasable","23":"product-type-variable","24":"wvs-archive-product-wrapper"},"acf":[],"brands":[{"id":838,"name":"Pelle Petterson","slug":"pelle-petterson-fi"}],"_links":{"self":[{"href":"https:\/\/nautical.store\/fi\/wp-json\/wp\/v2\/product\/45731","targetHints":{"allow":["GET"]}}],"collection":[{"href":"https:\/\/nautical.store\/fi\/wp-json\/wp\/v2\/product"}],"about":[{"href":"https:\/\/nautical.store\/fi\/wp-json\/wp\/v2\/types\/product"}],"wp:featuredmedia":[{"embeddable":true,"href":"https:\/\/nautical.store\/fi\/wp-json\/wp\/v2\/media\/93829"}],"wp:attachment":[{"href":"https:\/\/nautical.store\/fi\/wp-json\/wp\/v2\/media?parent=45731"}],"wp:term":[{"taxonomy":"pwb-brand","embeddable":true,"href":"https:\/\/nautical.store\/fi\/wp-json\/wp\/v2\/pwb-brand?post=45731"},{"taxonomy":"product_brand","embeddable":true,"href":"https:\/\/nautical.store\/fi\/wp-json\/wp\/v2\/product_brand?post=45731"},{"taxonomy":"product_cat","embeddable":true,"href":"https:\/\/nautical.store\/fi\/wp-json\/wp\/v2\/product_cat?post=45731"},{"taxonomy":"product_tag","embeddable":true,"href":"https:\/\/nautical.store\/fi\/wp-json\/wp\/v2\/product_tag?post=45731"},{"taxonomy":"woo-feed-brand","embeddable":true,"href":"https:\/\/nautical.store\/fi\/wp-json\/wp\/v2\/woo-feed-brand?post=45731"}],"curies":[{"name":"wp","href":"https:\/\/api.w.org\/{rel}","templated":true}]}}