{"id":45741,"date":"2023-07-21T10:09:03","date_gmt":"2023-07-21T07:09:03","guid":{"rendered":"https:\/\/www.nautical.store\/toode\/plannard-beanie\/"},"modified":"2026-04-03T14:27:11","modified_gmt":"2026-04-03T11:27:11","slug":"plannard-pipo","status":"publish","type":"product","link":"https:\/\/nautical.store\/fi\/tuote\/plannard-pipo\/","title":{"rendered":"PelleP Plannard Pipo"},"content":{"rendered":"<p>Joustava Plannard Grid TM \u2011materiaalista valmistettu pipo, joka imee tehokkaasti kosteutta ja sopii erinomaisesti intensiiviseen liikkumiseen, kuten maastohiihtoon, purjehdukseen tai vuorikiipeilyyn.<\/p>\n<p>Materiaali: 100 % joustava polyesteri<\/p>\n<ul>\n<li>P\u00e4\u00e4h\u00e4n muotoutuva istuvuus<\/li>\n<li>Pelle P \u2011logomerkki edess\u00e4<\/li>\n<li>Heijastava Pelle P \u2011logopainatus takana<\/li>\n<\/ul>\n","protected":false},"excerpt":{"rendered":"<p>Fleece\u2011pipo ulkoiluun<\/p>\n","protected":false},"featured_media":45737,"template":"","meta":{"_acf_changed":false},"pwb-brand":[838],"product_brand":[],"product_cat":[628,926,629,1180,1261,1262,1269],"product_tag":[],"woo-feed-brand":[],"class_list":{"0":"post-45741","1":"product","2":"type-product","3":"status-publish","4":"has-post-thumbnail","6":"pwb-brand-pelle-petterson-fi","7":"product_cat-asusteet","8":"product_cat-asusteet-fi","9":"product_cat-asusteet-naiset","10":"product_cat-golf-fi","11":"product_cat-miesten-purjehdusvaatteet","12":"product_cat-naisten-purjehdusvaatteet","13":"product_cat-purjehdus","15":"first","16":"instock","17":"taxable","18":"shipping-taxable","19":"purchasable","20":"product-type-variable","21":"wvs-archive-product-wrapper"},"acf":[],"brands":[{"id":838,"name":"Pelle Petterson","slug":"pelle-petterson-fi"}],"_links":{"self":[{"href":"https:\/\/nautical.store\/fi\/wp-json\/wp\/v2\/product\/45741","targetHints":{"allow":["GET"]}}],"collection":[{"href":"https:\/\/nautical.store\/fi\/wp-json\/wp\/v2\/product"}],"about":[{"href":"https:\/\/nautical.store\/fi\/wp-json\/wp\/v2\/types\/product"}],"wp:featuredmedia":[{"embeddable":true,"href":"https:\/\/nautical.store\/fi\/wp-json\/wp\/v2\/media\/45737"}],"wp:attachment":[{"href":"https:\/\/nautical.store\/fi\/wp-json\/wp\/v2\/media?parent=45741"}],"wp:term":[{"taxonomy":"pwb-brand","embeddable":true,"href":"https:\/\/nautical.store\/fi\/wp-json\/wp\/v2\/pwb-brand?post=45741"},{"taxonomy":"product_brand","embeddable":true,"href":"https:\/\/nautical.store\/fi\/wp-json\/wp\/v2\/product_brand?post=45741"},{"taxonomy":"product_cat","embeddable":true,"href":"https:\/\/nautical.store\/fi\/wp-json\/wp\/v2\/product_cat?post=45741"},{"taxonomy":"product_tag","embeddable":true,"href":"https:\/\/nautical.store\/fi\/wp-json\/wp\/v2\/product_tag?post=45741"},{"taxonomy":"woo-feed-brand","embeddable":true,"href":"https:\/\/nautical.store\/fi\/wp-json\/wp\/v2\/woo-feed-brand?post=45741"}],"curies":[{"name":"wp","href":"https:\/\/api.w.org\/{rel}","templated":true}]}}